{"id":27187,"date":"2026-02-27T00:35:50","date_gmt":"2026-02-27T00:35:50","guid":{"rendered":"https:\/\/nordicmart.andreevmaster.com\/product\/dommerhammer-penneholder-gave-til-en-advokat-dnu-023\/"},"modified":"2026-02-27T09:14:39","modified_gmt":"2026-02-27T09:14:39","slug":"dommerhammer-penneholder-gave-til-en-advokat-dnu-023","status":"publish","type":"product","link":"https:\/\/nordicmart.andreevmaster.com\/da\/vare\/dommerhammer-penneholder-gave-til-en-advokat-dnu-023\/","title":{"rendered":"Dommerhammer &#8211; penneholder &#8211; gave til en advokat &#8211; DNU-023"},"content":{"rendered":"<p>Dommerhammer &#8211; penneholder &#8211; gave til en advokat &#8211; DNU-023&nbsp;&nbsp;&nbsp;Dommerhammer p\u00e5 tr\u00e6fod med penneholdere er en elegant borddekoration, der vil passe perfekt ind i et rum i retro-, kolonistil eller vintage-stil. Den smagfulde tr\u00e6base i m\u00f8rk tr\u00e6farve harmonerer perfekt med penneholderne i messing. Dommerhammeren\/hammeren er ikke kun en praktisk penneholder, men ogs\u00e5 et unikt element i kontor- eller kontordekorationen. Det er en perfekt gave til en advokat, dommer eller jurastuderende. Produktinformation:Fodens m\u00e5l: 22,85 x 6,35 x 7,6 cm Materiale: tr\u00e6, messing To penneholdere&nbsp;<\/p>\n","protected":false},"excerpt":{"rendered":"<p>Dommerhammer &#8211; penneholder &#8211; gave til en advokat &#8211; DNU-023&nbsp;&nbsp;&nbsp;Dommerhammer p\u00e5 tr\u00e6fod med penneholdere er en elegant borddekoration, der vil passe perfekt ind i et rum i retro-, kolonistil eller vintage-stil. Den smagfulde tr\u00e6base i m\u00f8rk tr\u00e6farve harmonerer perfekt med penneholderne i messing. Dommerhammeren\/hammeren er ikke kun en praktisk penneholder, men ogs\u00e5 et unikt element [&hellip;]<\/p>\n","protected":false},"featured_media":44936,"comment_status":"open","ping_status":"closed","template":"","meta":[],"product_brand":[],"product_cat":[31],"product_tag":[],"class_list":{"0":"post-27187","1":"product","2":"type-product","3":"status-publish","4":"has-post-thumbnail","6":"product_cat-uncategorized-da","8":"first","9":"instock","10":"shipping-taxable","11":"purchasable","12":"product-type-simple"},"_links":{"self":[{"href":"https:\/\/nordicmart.andreevmaster.com\/da\/wp-json\/wp\/v2\/product\/27187","targetHints":{"allow":["GET"]}}],"collection":[{"href":"https:\/\/nordicmart.andreevmaster.com\/da\/wp-json\/wp\/v2\/product"}],"about":[{"href":"https:\/\/nordicmart.andreevmaster.com\/da\/wp-json\/wp\/v2\/types\/product"}],"replies":[{"embeddable":true,"href":"https:\/\/nordicmart.andreevmaster.com\/da\/wp-json\/wp\/v2\/comments?post=27187"}],"wp:featuredmedia":[{"embeddable":true,"href":"https:\/\/nordicmart.andreevmaster.com\/da\/wp-json\/wp\/v2\/media\/44936"}],"wp:attachment":[{"href":"https:\/\/nordicmart.andreevmaster.com\/da\/wp-json\/wp\/v2\/media?parent=27187"}],"wp:term":[{"taxonomy":"product_brand","embeddable":true,"href":"https:\/\/nordicmart.andreevmaster.com\/da\/wp-json\/wp\/v2\/product_brand?post=27187"},{"taxonomy":"product_cat","embeddable":true,"href":"https:\/\/nordicmart.andreevmaster.com\/da\/wp-json\/wp\/v2\/product_cat?post=27187"},{"taxonomy":"product_tag","embeddable":true,"href":"https:\/\/nordicmart.andreevmaster.com\/da\/wp-json\/wp\/v2\/product_tag?post=27187"}],"curies":[{"name":"wp","href":"https:\/\/api.w.org\/{rel}","templated":true}]}}