{"id":27186,"date":"2026-02-27T00:35:50","date_gmt":"2026-02-27T00:35:50","guid":{"rendered":"https:\/\/nordicmart.andreevmaster.com\/product\/maritime-box-184-x-127-x-76-cm-dnu-020-2\/"},"modified":"2026-02-27T09:14:39","modified_gmt":"2026-02-27T09:14:39","slug":"maritime-box-184-x-127-x-76-cm-dnu-020-2","status":"publish","type":"product","link":"https:\/\/nordicmart.andreevmaster.com\/da\/vare\/maritime-box-184-x-127-x-76-cm-dnu-020-2\/","title":{"rendered":"Maritime Box 18,4 x 12,7 x 7,6 cm &#8211; DNU-020"},"content":{"rendered":"<p>Maritim kasse 18,4 x 12,7 x 7,6 cm &#8211; DNU-020&nbsp;&nbsp;&nbsp;Den nautiske kasse er ikke kun et praktisk opbevaringssted, men ogs\u00e5 et unikt dekorativt element, der vil gl\u00e6de elskere af nautiske motiver. Den er ideel til opbevaring af smykker, souvenirs fra rejser eller andre v\u00e6rdifulde nipsgenstande.&nbsp;Messingornamenter tilf\u00f8jer elegance og skaber en harmonisk komposition med den naturlige tr\u00e6finish. P\u00e5 l\u00e5get af kisten er der et anker-motiv, lavet af messing, som giver det hele et unikt nautisk pr\u00e6g.&nbsp;&nbsp;Produktinformation:&nbsp;M\u00e5l: 18,4 x 12,7 x 7,6 cmMateriale: tr\u00e6, messingAnker-motiv p\u00e5 toppenMessing-trykl\u00e5s&nbsp;<\/p>\n","protected":false},"excerpt":{"rendered":"<p>Maritim kasse 18,4 x 12,7 x 7,6 cm &#8211; DNU-020&nbsp;&nbsp;&nbsp;Den nautiske kasse er ikke kun et praktisk opbevaringssted, men ogs\u00e5 et unikt dekorativt element, der vil gl\u00e6de elskere af nautiske motiver. Den er ideel til opbevaring af smykker, souvenirs fra rejser eller andre v\u00e6rdifulde nipsgenstande.&nbsp;Messingornamenter tilf\u00f8jer elegance og skaber en harmonisk komposition med den naturlige [&hellip;]<\/p>\n","protected":false},"featured_media":44935,"comment_status":"open","ping_status":"closed","template":"","meta":[],"product_brand":[],"product_cat":[31],"product_tag":[],"class_list":{"0":"post-27186","1":"product","2":"type-product","3":"status-publish","4":"has-post-thumbnail","6":"product_cat-uncategorized-da","8":"first","9":"instock","10":"shipping-taxable","11":"purchasable","12":"product-type-simple"},"_links":{"self":[{"href":"https:\/\/nordicmart.andreevmaster.com\/da\/wp-json\/wp\/v2\/product\/27186","targetHints":{"allow":["GET"]}}],"collection":[{"href":"https:\/\/nordicmart.andreevmaster.com\/da\/wp-json\/wp\/v2\/product"}],"about":[{"href":"https:\/\/nordicmart.andreevmaster.com\/da\/wp-json\/wp\/v2\/types\/product"}],"replies":[{"embeddable":true,"href":"https:\/\/nordicmart.andreevmaster.com\/da\/wp-json\/wp\/v2\/comments?post=27186"}],"wp:featuredmedia":[{"embeddable":true,"href":"https:\/\/nordicmart.andreevmaster.com\/da\/wp-json\/wp\/v2\/media\/44935"}],"wp:attachment":[{"href":"https:\/\/nordicmart.andreevmaster.com\/da\/wp-json\/wp\/v2\/media?parent=27186"}],"wp:term":[{"taxonomy":"product_brand","embeddable":true,"href":"https:\/\/nordicmart.andreevmaster.com\/da\/wp-json\/wp\/v2\/product_brand?post=27186"},{"taxonomy":"product_cat","embeddable":true,"href":"https:\/\/nordicmart.andreevmaster.com\/da\/wp-json\/wp\/v2\/product_cat?post=27186"},{"taxonomy":"product_tag","embeddable":true,"href":"https:\/\/nordicmart.andreevmaster.com\/da\/wp-json\/wp\/v2\/product_tag?post=27186"}],"curies":[{"name":"wp","href":"https:\/\/api.w.org\/{rel}","templated":true}]}}