{"id":27185,"date":"2026-02-27T00:35:50","date_gmt":"2026-02-27T00:35:50","guid":{"rendered":"https:\/\/nordicmart.andreevmaster.com\/product\/traeunderlag-til-krus-tonde-saet-dnu-019\/"},"modified":"2026-02-27T09:14:39","modified_gmt":"2026-02-27T09:14:39","slug":"traeunderlag-til-krus-tonde-saet-dnu-019","status":"publish","type":"product","link":"https:\/\/nordicmart.andreevmaster.com\/da\/vare\/traeunderlag-til-krus-tonde-saet-dnu-019\/","title":{"rendered":"Tr\u00e6underlag til krus &#8211; T\u00f8nde-s\u00e6t &#8211; DNU-019"},"content":{"rendered":"<p>Tr\u00e6underlag til krus &#8211; T\u00f8nde-s\u00e6t &#8211; DNU-019&nbsp;&nbsp;&nbsp;Underlag til krus og andre varme retter giver dig mulighed for at nyde en varm drik uden risiko for at beskadige din tr\u00e6bordplade. Dette s\u00e6t med 6 tr\u00e6underlag i en t\u00f8nde til opbevaring af underlag er en charmerende gave til en te- og kaffeelsker. &nbsp;T\u00f8ndeformet beholder med et hul i den ene side, s\u00e5 underlagene nemt kan tages ud. Underlagene har et rillet design, der g\u00f8r kopperne mere skridsikre.&nbsp;&nbsp;Produktinformation:&nbsp;S\u00e6ttet indeholder: 6 x kopunderlag og t\u00f8ndeformet beholder.Materiale: tr\u00e6Dekoration: messing Beholderens dimensioner: 10 x 6,5 cmFarver: brun, guld&nbsp;<\/p>\n","protected":false},"excerpt":{"rendered":"<p>Tr\u00e6underlag til krus &#8211; T\u00f8nde-s\u00e6t &#8211; DNU-019&nbsp;&nbsp;&nbsp;Underlag til krus og andre varme retter giver dig mulighed for at nyde en varm drik uden risiko for at beskadige din tr\u00e6bordplade. Dette s\u00e6t med 6 tr\u00e6underlag i en t\u00f8nde til opbevaring af underlag er en charmerende gave til en te- og kaffeelsker. &nbsp;T\u00f8ndeformet beholder med et hul [&hellip;]<\/p>\n","protected":false},"featured_media":44934,"comment_status":"open","ping_status":"closed","template":"","meta":[],"product_brand":[],"product_cat":[31],"product_tag":[],"class_list":{"0":"post-27185","1":"product","2":"type-product","3":"status-publish","4":"has-post-thumbnail","6":"product_cat-uncategorized-da","8":"first","9":"instock","10":"shipping-taxable","11":"purchasable","12":"product-type-simple"},"_links":{"self":[{"href":"https:\/\/nordicmart.andreevmaster.com\/da\/wp-json\/wp\/v2\/product\/27185","targetHints":{"allow":["GET"]}}],"collection":[{"href":"https:\/\/nordicmart.andreevmaster.com\/da\/wp-json\/wp\/v2\/product"}],"about":[{"href":"https:\/\/nordicmart.andreevmaster.com\/da\/wp-json\/wp\/v2\/types\/product"}],"replies":[{"embeddable":true,"href":"https:\/\/nordicmart.andreevmaster.com\/da\/wp-json\/wp\/v2\/comments?post=27185"}],"wp:featuredmedia":[{"embeddable":true,"href":"https:\/\/nordicmart.andreevmaster.com\/da\/wp-json\/wp\/v2\/media\/44934"}],"wp:attachment":[{"href":"https:\/\/nordicmart.andreevmaster.com\/da\/wp-json\/wp\/v2\/media?parent=27185"}],"wp:term":[{"taxonomy":"product_brand","embeddable":true,"href":"https:\/\/nordicmart.andreevmaster.com\/da\/wp-json\/wp\/v2\/product_brand?post=27185"},{"taxonomy":"product_cat","embeddable":true,"href":"https:\/\/nordicmart.andreevmaster.com\/da\/wp-json\/wp\/v2\/product_cat?post=27185"},{"taxonomy":"product_tag","embeddable":true,"href":"https:\/\/nordicmart.andreevmaster.com\/da\/wp-json\/wp\/v2\/product_tag?post=27185"}],"curies":[{"name":"wp","href":"https:\/\/api.w.org\/{rel}","templated":true}]}}