{"id":27184,"date":"2026-02-27T00:35:50","date_gmt":"2026-02-27T00:35:50","guid":{"rendered":"https:\/\/nordicmart.andreevmaster.com\/product\/to-kortspil-i-traekasse-med-glaslag-dnu-007\/"},"modified":"2026-02-27T09:14:39","modified_gmt":"2026-02-27T09:14:39","slug":"to-kortspil-i-traekasse-med-glaslag-dnu-007","status":"publish","type":"product","link":"https:\/\/nordicmart.andreevmaster.com\/da\/vare\/to-kortspil-i-traekasse-med-glaslag-dnu-007\/","title":{"rendered":"To kortspil i tr\u00e6kasse med glasl\u00e5g &#8211; DNU-007"},"content":{"rendered":"<p>To kortspil i tr\u00e6kasse med glasl\u00e5g &#8211; DNU-007&nbsp;&nbsp;&nbsp;To kortspil i en tr\u00e6kasse med glasl\u00e5g er en tidl\u00f8s kombination af funktionalitet og \u00e6stetik. Spillekortene giver timevis af underholdning, og den elegante tr\u00e6kasse med glasl\u00e5g og messingdekoration i hj\u00f8rnerne er et smagfuldt dekorativt element til et kontor i retro- eller vintage-stil. Kombinationen af holdbart tr\u00e6 og effektfuld messing giver den et tidl\u00f8st strejf af charme. Det er et fremragende valg som gave til en kortspilsentusiast.&nbsp;&nbsp;Produktinformation:&nbsp;Kassens m\u00e5l: 15 x 11,4 cmMateriale: tr\u00e6, messing, glas2 kortspilTr\u00e6kasse med glasl\u00e5g og messingdekorationer&nbsp;&nbsp;&nbsp;OBS! Dette produkt er ikke et leget\u00f8j og er ikke egnet til b\u00f8rn under 14 \u00e5r. &nbsp;&nbsp;<\/p>\n","protected":false},"excerpt":{"rendered":"<p>To kortspil i tr\u00e6kasse med glasl\u00e5g &#8211; DNU-007&nbsp;&nbsp;&nbsp;To kortspil i en tr\u00e6kasse med glasl\u00e5g er en tidl\u00f8s kombination af funktionalitet og \u00e6stetik. Spillekortene giver timevis af underholdning, og den elegante tr\u00e6kasse med glasl\u00e5g og messingdekoration i hj\u00f8rnerne er et smagfuldt dekorativt element til et kontor i retro- eller vintage-stil. Kombinationen af holdbart tr\u00e6 og effektfuld [&hellip;]<\/p>\n","protected":false},"featured_media":44933,"comment_status":"open","ping_status":"closed","template":"","meta":[],"product_brand":[],"product_cat":[31],"product_tag":[],"class_list":{"0":"post-27184","1":"product","2":"type-product","3":"status-publish","4":"has-post-thumbnail","6":"product_cat-uncategorized-da","8":"first","9":"instock","10":"shipping-taxable","11":"purchasable","12":"product-type-simple"},"_links":{"self":[{"href":"https:\/\/nordicmart.andreevmaster.com\/da\/wp-json\/wp\/v2\/product\/27184","targetHints":{"allow":["GET"]}}],"collection":[{"href":"https:\/\/nordicmart.andreevmaster.com\/da\/wp-json\/wp\/v2\/product"}],"about":[{"href":"https:\/\/nordicmart.andreevmaster.com\/da\/wp-json\/wp\/v2\/types\/product"}],"replies":[{"embeddable":true,"href":"https:\/\/nordicmart.andreevmaster.com\/da\/wp-json\/wp\/v2\/comments?post=27184"}],"wp:featuredmedia":[{"embeddable":true,"href":"https:\/\/nordicmart.andreevmaster.com\/da\/wp-json\/wp\/v2\/media\/44933"}],"wp:attachment":[{"href":"https:\/\/nordicmart.andreevmaster.com\/da\/wp-json\/wp\/v2\/media?parent=27184"}],"wp:term":[{"taxonomy":"product_brand","embeddable":true,"href":"https:\/\/nordicmart.andreevmaster.com\/da\/wp-json\/wp\/v2\/product_brand?post=27184"},{"taxonomy":"product_cat","embeddable":true,"href":"https:\/\/nordicmart.andreevmaster.com\/da\/wp-json\/wp\/v2\/product_cat?post=27184"},{"taxonomy":"product_tag","embeddable":true,"href":"https:\/\/nordicmart.andreevmaster.com\/da\/wp-json\/wp\/v2\/product_tag?post=27184"}],"curies":[{"name":"wp","href":"https:\/\/api.w.org\/{rel}","templated":true}]}}