{"id":27183,"date":"2026-02-27T00:35:49","date_gmt":"2026-02-27T00:35:49","guid":{"rendered":"https:\/\/nordicmart.andreevmaster.com\/product\/terninger-i-en-lang-traekasse-dnu-006\/"},"modified":"2026-02-27T09:14:39","modified_gmt":"2026-02-27T09:14:39","slug":"terninger-i-en-lang-traekasse-dnu-006","status":"publish","type":"product","link":"https:\/\/nordicmart.andreevmaster.com\/da\/vare\/terninger-i-en-lang-traekasse-dnu-006\/","title":{"rendered":"Terninger i en lang tr\u00e6kasse &#8211; DNU-006"},"content":{"rendered":"<p>Terninger i en lang tr\u00e6kasse &#8211; DNU-006&nbsp;&nbsp;&nbsp;Dette er en elegant version af det tidl\u00f8se traditionelle spil. De er et elegant og mere milj\u00f8venligt alternativ til plastterninger. Terningerne og kassen er sm\u00e5 og tager ikke meget plads. Dette s\u00e6t er en god lille gave til spillere og elskere af br\u00e6tspil og alle former for selskabslege.&nbsp;&nbsp;Produktinformation:&nbsp;M\u00e5l: kasse l\u00e6ngde: 12,5 cmMateriale: tr\u00e6, messing5 terninger lavet af tr\u00e6 med messingindsatserTr\u00e6terninger er holdbare, sikre og milj\u00f8venlige&nbsp;&nbsp;OBS! Dette produkt er ikke et leget\u00f8j og er ikke egnet til b\u00f8rn under 14 \u00e5r. &nbsp;&nbsp;<\/p>\n","protected":false},"excerpt":{"rendered":"<p>Terninger i en lang tr\u00e6kasse &#8211; DNU-006&nbsp;&nbsp;&nbsp;Dette er en elegant version af det tidl\u00f8se traditionelle spil. De er et elegant og mere milj\u00f8venligt alternativ til plastterninger. Terningerne og kassen er sm\u00e5 og tager ikke meget plads. Dette s\u00e6t er en god lille gave til spillere og elskere af br\u00e6tspil og alle former for selskabslege.&nbsp;&nbsp;Produktinformation:&nbsp;M\u00e5l: kasse [&hellip;]<\/p>\n","protected":false},"featured_media":0,"comment_status":"open","ping_status":"closed","template":"","meta":[],"product_brand":[],"product_cat":[31],"product_tag":[],"class_list":{"0":"post-27183","1":"product","2":"type-product","3":"status-publish","5":"product_cat-uncategorized-da","7":"first","8":"instock","9":"shipping-taxable","10":"purchasable","11":"product-type-simple"},"_links":{"self":[{"href":"https:\/\/nordicmart.andreevmaster.com\/da\/wp-json\/wp\/v2\/product\/27183","targetHints":{"allow":["GET"]}}],"collection":[{"href":"https:\/\/nordicmart.andreevmaster.com\/da\/wp-json\/wp\/v2\/product"}],"about":[{"href":"https:\/\/nordicmart.andreevmaster.com\/da\/wp-json\/wp\/v2\/types\/product"}],"replies":[{"embeddable":true,"href":"https:\/\/nordicmart.andreevmaster.com\/da\/wp-json\/wp\/v2\/comments?post=27183"}],"wp:attachment":[{"href":"https:\/\/nordicmart.andreevmaster.com\/da\/wp-json\/wp\/v2\/media?parent=27183"}],"wp:term":[{"taxonomy":"product_brand","embeddable":true,"href":"https:\/\/nordicmart.andreevmaster.com\/da\/wp-json\/wp\/v2\/product_brand?post=27183"},{"taxonomy":"product_cat","embeddable":true,"href":"https:\/\/nordicmart.andreevmaster.com\/da\/wp-json\/wp\/v2\/product_cat?post=27183"},{"taxonomy":"product_tag","embeddable":true,"href":"https:\/\/nordicmart.andreevmaster.com\/da\/wp-json\/wp\/v2\/product_tag?post=27183"}],"curies":[{"name":"wp","href":"https:\/\/api.w.org\/{rel}","templated":true}]}}