{"id":27182,"date":"2026-02-27T00:35:49","date_gmt":"2026-02-27T00:35:49","guid":{"rendered":"https:\/\/nordicmart.andreevmaster.com\/product\/traditionelt-arkadespil-kugler-i-en-labyrint-dnu-005\/"},"modified":"2026-02-27T09:14:39","modified_gmt":"2026-02-27T09:14:39","slug":"traditionelt-arkadespil-kugler-i-en-labyrint-dnu-005","status":"publish","type":"product","link":"https:\/\/nordicmart.andreevmaster.com\/da\/vare\/traditionelt-arkadespil-kugler-i-en-labyrint-dnu-005\/","title":{"rendered":"Traditionelt arkadespil \u2013 kugler i en labyrint \u2013 DNU-005"},"content":{"rendered":"<p>Traditionelt arkadespil \u2013 kugler i en labyrint \u2013 DNU-005&nbsp;&nbsp;&nbsp;Balls in the Maze er et klassisk arkadespil, hvor m\u00e5let er at f\u00e5 alle kuglerne til midten af labyrinten. Spilleren styrer kuglerne ved hj\u00e6lp af pr\u00e6cise bev\u00e6gelser af br\u00e6ttet, s\u00e5 kuglerne kommer til midten af labyrinten.&nbsp;Arkadespil, der l\u00e6rer motorisk og manuel koordination, logisk t\u00e6nkning og rumlig orientering, samtidig med at det er rigtig sjovt. Marbles in the Maze er et tidl\u00f8st spil!&nbsp;&nbsp;Produktinformation:&nbsp;Materiale: tr\u00e6MetalkuglerM\u00e5l: Diameter 12,5 cm&nbsp;&nbsp;OBS! Dette produkt er ikke et leget\u00f8j og er ikke egnet til b\u00f8rn under 14 \u00e5r. &nbsp;<\/p>\n","protected":false},"excerpt":{"rendered":"<p>Traditionelt arkadespil \u2013 kugler i en labyrint \u2013 DNU-005&nbsp;&nbsp;&nbsp;Balls in the Maze er et klassisk arkadespil, hvor m\u00e5let er at f\u00e5 alle kuglerne til midten af labyrinten. Spilleren styrer kuglerne ved hj\u00e6lp af pr\u00e6cise bev\u00e6gelser af br\u00e6ttet, s\u00e5 kuglerne kommer til midten af labyrinten.&nbsp;Arkadespil, der l\u00e6rer motorisk og manuel koordination, logisk t\u00e6nkning og rumlig orientering, [&hellip;]<\/p>\n","protected":false},"featured_media":44932,"comment_status":"open","ping_status":"closed","template":"","meta":[],"product_brand":[],"product_cat":[31],"product_tag":[],"class_list":{"0":"post-27182","1":"product","2":"type-product","3":"status-publish","4":"has-post-thumbnail","6":"product_cat-uncategorized-da","8":"first","9":"instock","10":"shipping-taxable","11":"purchasable","12":"product-type-simple"},"_links":{"self":[{"href":"https:\/\/nordicmart.andreevmaster.com\/da\/wp-json\/wp\/v2\/product\/27182","targetHints":{"allow":["GET"]}}],"collection":[{"href":"https:\/\/nordicmart.andreevmaster.com\/da\/wp-json\/wp\/v2\/product"}],"about":[{"href":"https:\/\/nordicmart.andreevmaster.com\/da\/wp-json\/wp\/v2\/types\/product"}],"replies":[{"embeddable":true,"href":"https:\/\/nordicmart.andreevmaster.com\/da\/wp-json\/wp\/v2\/comments?post=27182"}],"wp:featuredmedia":[{"embeddable":true,"href":"https:\/\/nordicmart.andreevmaster.com\/da\/wp-json\/wp\/v2\/media\/44932"}],"wp:attachment":[{"href":"https:\/\/nordicmart.andreevmaster.com\/da\/wp-json\/wp\/v2\/media?parent=27182"}],"wp:term":[{"taxonomy":"product_brand","embeddable":true,"href":"https:\/\/nordicmart.andreevmaster.com\/da\/wp-json\/wp\/v2\/product_brand?post=27182"},{"taxonomy":"product_cat","embeddable":true,"href":"https:\/\/nordicmart.andreevmaster.com\/da\/wp-json\/wp\/v2\/product_cat?post=27182"},{"taxonomy":"product_tag","embeddable":true,"href":"https:\/\/nordicmart.andreevmaster.com\/da\/wp-json\/wp\/v2\/product_tag?post=27182"}],"curies":[{"name":"wp","href":"https:\/\/api.w.org\/{rel}","templated":true}]}}