{"id":27181,"date":"2026-02-27T00:35:49","date_gmt":"2026-02-27T00:35:49","guid":{"rendered":"https:\/\/nordicmart.andreevmaster.com\/product\/tic-tac-toe-i-en-traekasse-med-glaslag-dnu-004\/"},"modified":"2026-02-27T09:14:38","modified_gmt":"2026-02-27T09:14:38","slug":"tic-tac-toe-i-en-traekasse-med-glaslag-dnu-004","status":"publish","type":"product","link":"https:\/\/nordicmart.andreevmaster.com\/da\/vare\/tic-tac-toe-i-en-traekasse-med-glaslag-dnu-004\/","title":{"rendered":"Tic-Tac-Toe i en tr\u00e6kasse med glasl\u00e5g &#8211; DNU-004"},"content":{"rendered":"<p>Tic-Tac-Toe i en tr\u00e6kasse med glasl\u00e5g &#8211; DNU-004&nbsp;&nbsp;&nbsp;Tic Tac Toe in a Box er en elegant version af det klassiske spil fra din barndom. Brikkerne er lavet af tr\u00e6 med messingdekorationer. Tr\u00e6kassen med rum til tic-tac-toe er ogs\u00e5 et spillebr\u00e6t i sig selv. Kassens l\u00e5g er af glas.&nbsp;Denne version af tic-tac-toe vil se godt ud p\u00e5 dit skrivebord. Tr\u00e6 kombineret med messing giver s\u00e6ttet et luksuri\u00f8st look. Tic-Tac-Toe vil v\u00e6re en sjov gave til skolelederen, l\u00e6reren eller chefen. &nbsp;&nbsp;&nbsp;Produktinformation:&nbsp;Materiale: tr\u00e6, messing, glasKassens m\u00e5l: 12,5 x 12,5 x 2,5 cmL\u00e5sbar kasse &#8211; Glasl\u00e5gTic-tac-toe lavet af tr\u00e6 med messingdekorationer&nbsp;&nbsp;&nbsp;OBS! Dette produkt er ikke et leget\u00f8j og er ikke egnet til b\u00f8rn under 14 \u00e5r. &nbsp;<\/p>\n","protected":false},"excerpt":{"rendered":"<p>Tic-Tac-Toe i en tr\u00e6kasse med glasl\u00e5g &#8211; DNU-004&nbsp;&nbsp;&nbsp;Tic Tac Toe in a Box er en elegant version af det klassiske spil fra din barndom. Brikkerne er lavet af tr\u00e6 med messingdekorationer. Tr\u00e6kassen med rum til tic-tac-toe er ogs\u00e5 et spillebr\u00e6t i sig selv. Kassens l\u00e5g er af glas.&nbsp;Denne version af tic-tac-toe vil se godt ud [&hellip;]<\/p>\n","protected":false},"featured_media":44931,"comment_status":"open","ping_status":"closed","template":"","meta":[],"product_brand":[],"product_cat":[31],"product_tag":[],"class_list":{"0":"post-27181","1":"product","2":"type-product","3":"status-publish","4":"has-post-thumbnail","6":"product_cat-uncategorized-da","8":"first","9":"instock","10":"shipping-taxable","11":"purchasable","12":"product-type-simple"},"_links":{"self":[{"href":"https:\/\/nordicmart.andreevmaster.com\/da\/wp-json\/wp\/v2\/product\/27181","targetHints":{"allow":["GET"]}}],"collection":[{"href":"https:\/\/nordicmart.andreevmaster.com\/da\/wp-json\/wp\/v2\/product"}],"about":[{"href":"https:\/\/nordicmart.andreevmaster.com\/da\/wp-json\/wp\/v2\/types\/product"}],"replies":[{"embeddable":true,"href":"https:\/\/nordicmart.andreevmaster.com\/da\/wp-json\/wp\/v2\/comments?post=27181"}],"wp:featuredmedia":[{"embeddable":true,"href":"https:\/\/nordicmart.andreevmaster.com\/da\/wp-json\/wp\/v2\/media\/44931"}],"wp:attachment":[{"href":"https:\/\/nordicmart.andreevmaster.com\/da\/wp-json\/wp\/v2\/media?parent=27181"}],"wp:term":[{"taxonomy":"product_brand","embeddable":true,"href":"https:\/\/nordicmart.andreevmaster.com\/da\/wp-json\/wp\/v2\/product_brand?post=27181"},{"taxonomy":"product_cat","embeddable":true,"href":"https:\/\/nordicmart.andreevmaster.com\/da\/wp-json\/wp\/v2\/product_cat?post=27181"},{"taxonomy":"product_tag","embeddable":true,"href":"https:\/\/nordicmart.andreevmaster.com\/da\/wp-json\/wp\/v2\/product_tag?post=27181"}],"curies":[{"name":"wp","href":"https:\/\/api.w.org\/{rel}","templated":true}]}}