{"id":27180,"date":"2026-02-27T00:35:48","date_gmt":"2026-02-27T00:35:48","guid":{"rendered":"https:\/\/nordicmart.andreevmaster.com\/product\/sparegris-tonde-dnu-001\/"},"modified":"2026-02-27T09:14:38","modified_gmt":"2026-02-27T09:14:38","slug":"sparegris-tonde-dnu-001","status":"publish","type":"product","link":"https:\/\/nordicmart.andreevmaster.com\/da\/vare\/sparegris-tonde-dnu-001\/","title":{"rendered":"Sparegris &#8211; T\u00f8nde &#8211; DNU-001"},"content":{"rendered":"<p>Sparegris &#8211; T\u00f8nde &#8211; DNU-001&nbsp;&nbsp;Tr\u00e6sparegris i form af en t\u00f8nde er en god gaveid\u00e9 til et barn. Den vil st\u00f8tte l\u00e6ringen om at spare op og g\u00f8re det muligt at realisere dr\u00f8mme.&nbsp;Tr\u00e6sparegris i form af en t\u00f8nde med elegante messingbeslag har ikke kun en praktisk funktion, idet den opbevarer de opsparede penge sikkert, men er ogs\u00e5 et charmerende dekorativt element, der tilf\u00f8jer varme og nostalgi til det omgivende interi\u00f8r. Det omhyggeligt udformede design kombinerer funktionalitet med \u00e6stetik og skaber en unik accent, der kan forbedre ethvert rum.&nbsp;Denne t\u00f8ndeformede sparegris er lavet af tr\u00e6 og messing. Det er en multifunktionel sparegris. Du kan bruge en skruetr\u00e6kker til at skrue skruerne i bunden af og tage pengene ud.&nbsp;&nbsp;Produktinformation:&nbsp;H\u00f8jde: 13 cmMateriale: tr\u00e6, messingbeslag.Med en skruetr\u00e6kker kan du skrue bunden af sparegrisen af og tage pengene udKan bruges mange gange&nbsp;<\/p>\n","protected":false},"excerpt":{"rendered":"<p>Sparegris &#8211; T\u00f8nde &#8211; DNU-001&nbsp;&nbsp;Tr\u00e6sparegris i form af en t\u00f8nde er en god gaveid\u00e9 til et barn. Den vil st\u00f8tte l\u00e6ringen om at spare op og g\u00f8re det muligt at realisere dr\u00f8mme.&nbsp;Tr\u00e6sparegris i form af en t\u00f8nde med elegante messingbeslag har ikke kun en praktisk funktion, idet den opbevarer de opsparede penge sikkert, men er [&hellip;]<\/p>\n","protected":false},"featured_media":44930,"comment_status":"open","ping_status":"closed","template":"","meta":[],"product_brand":[],"product_cat":[31],"product_tag":[],"class_list":{"0":"post-27180","1":"product","2":"type-product","3":"status-publish","4":"has-post-thumbnail","6":"product_cat-uncategorized-da","8":"first","9":"instock","10":"shipping-taxable","11":"purchasable","12":"product-type-simple"},"_links":{"self":[{"href":"https:\/\/nordicmart.andreevmaster.com\/da\/wp-json\/wp\/v2\/product\/27180","targetHints":{"allow":["GET"]}}],"collection":[{"href":"https:\/\/nordicmart.andreevmaster.com\/da\/wp-json\/wp\/v2\/product"}],"about":[{"href":"https:\/\/nordicmart.andreevmaster.com\/da\/wp-json\/wp\/v2\/types\/product"}],"replies":[{"embeddable":true,"href":"https:\/\/nordicmart.andreevmaster.com\/da\/wp-json\/wp\/v2\/comments?post=27180"}],"wp:featuredmedia":[{"embeddable":true,"href":"https:\/\/nordicmart.andreevmaster.com\/da\/wp-json\/wp\/v2\/media\/44930"}],"wp:attachment":[{"href":"https:\/\/nordicmart.andreevmaster.com\/da\/wp-json\/wp\/v2\/media?parent=27180"}],"wp:term":[{"taxonomy":"product_brand","embeddable":true,"href":"https:\/\/nordicmart.andreevmaster.com\/da\/wp-json\/wp\/v2\/product_brand?post=27180"},{"taxonomy":"product_cat","embeddable":true,"href":"https:\/\/nordicmart.andreevmaster.com\/da\/wp-json\/wp\/v2\/product_cat?post=27180"},{"taxonomy":"product_tag","embeddable":true,"href":"https:\/\/nordicmart.andreevmaster.com\/da\/wp-json\/wp\/v2\/product_tag?post=27180"}],"curies":[{"name":"wp","href":"https:\/\/api.w.org\/{rel}","templated":true}]}}