{"id":27179,"date":"2026-02-27T00:35:48","date_gmt":"2026-02-27T00:35:48","guid":{"rendered":"https:\/\/nordicmart.andreevmaster.com\/product\/woopie-green-mega-farm-dyrefigurer-stald-honsehus-18-stk\/"},"modified":"2026-02-27T09:14:38","modified_gmt":"2026-02-27T09:14:38","slug":"woopie-green-mega-farm-dyrefigurer-stald-honsehus-18-stk","status":"publish","type":"product","link":"https:\/\/nordicmart.andreevmaster.com\/da\/vare\/woopie-green-mega-farm-dyrefigurer-stald-honsehus-18-stk\/","title":{"rendered":"WOOPIE GREEN Mega Farm Dyrefigurer Stald H\u00f8nsehus 18 stk."},"content":{"rendered":"<p>WOOPIE GREEN \u2013 Mega Farm \u2013 Din egen g\u00e5rd derhjemme!<\/p>\n<p>WOOPIE GREEN Mega Farm er et s\u00e6t, der transporterer dit barn direkte ud p\u00e5 landet \u2013 til en verden med dyr, natur og en bondes daglige g\u00f8rem\u00e5l! Takket v\u00e6re realistiske figurer og bygninger som en stald, en lade og et h\u00f8nsehus kan dit barn skabe sin egen g\u00e5rd og udspille forskellige scenarier. Det er ikke kun sjovt, men ogs\u00e5 l\u00e6rerigt \u2013 om naturen, dyrene og hverdagen p\u00e5 en g\u00e5rd.<\/p>\n<p>### Egenskaber:<\/p>\n<p>* &#8211; Til b\u00f8rn fra 3 \u00e5r<br \/>\n* &#8211; S\u00e6ttet indeholder 18 dele<br \/>\n* &#8211; Inkluderet: hest, kylling, gris, f\u00e5r, hund, and, tr\u00e6, h\u00f8 og andet tilbeh\u00f8r<br \/>\n* &#8211; Bygninger: lade, h\u00f8nsehus, stald, dam<br \/>\n* &#8211; Rollespil \u2013 dit barn kan lege, at det er landmand<br \/>\n* &#8211; Stimulerer bevidstheden om omverdenen og kontakten med naturen<br \/>\n* &#8211; Nem samling \u2013 let at s\u00e6tte sammen<br \/>\n* &#8211; Ideelt leget\u00f8j til leg med hele familien<\/p>\n<p>### S\u00e6ttet indeholder:<\/p>\n<p>* &#8211; 6 dyrefigurer, herunder: en hest, en kylling, en gris, et f\u00e5r, en hund, en and, et tr\u00e6 og h\u00f8.* &#8211; 3 tr\u00e6bygninger (kuskur, stald, h\u00f8nsehus)<br \/>\n* &#8211; Dam, tr\u00e6 og h\u00f8<br \/>\n* &#8211; Andet tilbeh\u00f8r til g\u00e5rden<\/p>\n<p>### Leget\u00f8jet udvikler:<\/p>\n<p>* &#8211; Fantasi og kreativitet \u2013 b\u00f8rnene skaber deres egne historier og scenarier og driver g\u00e5rden efter deres egne regler<br \/>\n* &#8211; Manuel fingerf\u00e6rdighed \u2013 at h\u00e5ndtere elementerne i s\u00e6ttet underst\u00f8tter finmotorik og pr\u00e6cise bev\u00e6gelser<br \/>\n* &#8211; H\u00e5nd-\u00f8je-koordination \u2013 at placere dyr, bygge en g\u00e5rd og administrere plads udvikler motoriske f\u00e6rdigheder<br \/>\n* &#8211; Bevidsthed om naturen \u2013 b\u00f8rn l\u00e6rer om dyrearter, deres hjem og behov, hvilket l\u00e6rer dem empati og omsorg for deres omgivelser<\/p>\n","protected":false},"excerpt":{"rendered":"<p>WOOPIE GREEN \u2013 Mega Farm \u2013 Din egen g\u00e5rd derhjemme! WOOPIE GREEN Mega Farm er et s\u00e6t, der transporterer dit barn direkte ud p\u00e5 landet \u2013 til en verden med dyr, natur og en bondes daglige g\u00f8rem\u00e5l! Takket v\u00e6re realistiske figurer og bygninger som en stald, en lade og et h\u00f8nsehus kan dit barn skabe [&hellip;]<\/p>\n","protected":false},"featured_media":0,"comment_status":"open","ping_status":"closed","template":"","meta":[],"product_brand":[],"product_cat":[31],"product_tag":[],"class_list":{"0":"post-27179","1":"product","2":"type-product","3":"status-publish","5":"product_cat-uncategorized-da","7":"first","8":"instock","9":"shipping-taxable","10":"purchasable","11":"product-type-simple"},"_links":{"self":[{"href":"https:\/\/nordicmart.andreevmaster.com\/da\/wp-json\/wp\/v2\/product\/27179","targetHints":{"allow":["GET"]}}],"collection":[{"href":"https:\/\/nordicmart.andreevmaster.com\/da\/wp-json\/wp\/v2\/product"}],"about":[{"href":"https:\/\/nordicmart.andreevmaster.com\/da\/wp-json\/wp\/v2\/types\/product"}],"replies":[{"embeddable":true,"href":"https:\/\/nordicmart.andreevmaster.com\/da\/wp-json\/wp\/v2\/comments?post=27179"}],"wp:attachment":[{"href":"https:\/\/nordicmart.andreevmaster.com\/da\/wp-json\/wp\/v2\/media?parent=27179"}],"wp:term":[{"taxonomy":"product_brand","embeddable":true,"href":"https:\/\/nordicmart.andreevmaster.com\/da\/wp-json\/wp\/v2\/product_brand?post=27179"},{"taxonomy":"product_cat","embeddable":true,"href":"https:\/\/nordicmart.andreevmaster.com\/da\/wp-json\/wp\/v2\/product_cat?post=27179"},{"taxonomy":"product_tag","embeddable":true,"href":"https:\/\/nordicmart.andreevmaster.com\/da\/wp-json\/wp\/v2\/product_tag?post=27179"}],"curies":[{"name":"wp","href":"https:\/\/api.w.org\/{rel}","templated":true}]}}