{"id":27178,"date":"2026-02-27T00:35:48","date_gmt":"2026-02-27T00:35:48","guid":{"rendered":"https:\/\/nordicmart.andreevmaster.com\/product\/woopie-big-truck-samlesaet-tilbehor-61-stk\/"},"modified":"2026-02-27T09:14:38","modified_gmt":"2026-02-27T09:14:38","slug":"woopie-big-truck-samlesaet-tilbehor-61-stk","status":"publish","type":"product","link":"https:\/\/nordicmart.andreevmaster.com\/da\/vare\/woopie-big-truck-samlesaet-tilbehor-61-stk\/","title":{"rendered":"WOOPIE Big Truck samles\u00e6t + tilbeh\u00f8r 61 stk."},"content":{"rendered":"<p>Et leget\u00f8j, der efterligner fronten p\u00e5 en WOOPIE-lastbil med en l\u00f8ftbar motorhjelm, rat og instrumentbr\u00e6t. N\u00e5r barnet \u00e5bner rummet under rattet, finder det masser af attraktioner i form af v\u00e6rkt\u00f8j, knapper og skruer. Unge mekanikere kan udf\u00f8re mange reparationer og eftersyn p\u00e5 deres k\u00f8ret\u00f8j (f.eks. hjul, sk\u00e6rme, motor, t\u00e6ndr\u00f8r, k\u00f8lergrill). Leget\u00f8jet er udstyret med et lydmodul (motor- og hornlyde) og et lysmodul (forlygter). Derudover indeholder s\u00e6ttet en fjernbetjening til styring af modulerne. Den medf\u00f8lgende donkraft kan bruges til at fjerne hjulene. Dette er uden tvivl et unikt s\u00e6t, der byder p\u00e5 utallige muligheder for sjov. <\/p>\n<p>Egenskaber:<\/p>\n<p>* &#8211; beregnet til b\u00f8rn fra 3 \u00e5r og opefter,* &#8211; h\u00f8j kvalitet garanterer h\u00f8j holdbarhed af elementerne og sikkerhed ved brug af b\u00f8rn,<br \/>\n* &#8211; leget\u00f8jet imiterer effektivt fronten af en lastbil med en l\u00f8ftbar motorhjelm, rat og instrumentbr\u00e6t,<br \/>\n* &#8211; under motorhjelmen er der masser af elementer, der kan samles og skilles ad,<br \/>\n* &#8211; der er v\u00e6rkt\u00f8j i opbevaringsrummet under rattet,* &#8211; traktoren giver mulighed for reparationer og eftersyn af blandt andet motor, t\u00e6ndr\u00f8r, k\u00f8lergrill og hjul,<br \/>\n* &#8211; s\u00e6ttet indeholder en fjernbetjening til styring af lys- og lydmodulerne,<br \/>\n* &#8211; motorlyde, horn og lysende forlygter giver ekstra variation i legetiden,<br \/>\n* &#8211; det medf\u00f8lgende donkraft g\u00f8r det nemt at afmontere hjulene.S\u00e6ttet indeholder 61 elementer, herunder:<\/p>\n<p>* &#8211; den forreste del af bilen til reparation,<br \/>\n* &#8211; hjul + hjulkapsler,<br \/>\n* &#8211; skruer,<br \/>\n* &#8211; v\u00e6rkt\u00f8j,<br \/>\n* &#8211; fjernbetjening\/n\u00f8gle,<br \/>\n* &#8211; forskellige motordele og mange andre.<\/p>\n<p>Woopie-leget\u00f8j har \u00e9t m\u00e5l \u2013 at bringe gl\u00e6de til b\u00f8rn! Blandt sit brede sortiment tilbyder Woopie karnevalskostumer og udkl\u00e6dningst\u00f8j til b\u00f8rn samt h\u00e6ngende gynger, skumleget\u00f8j, forskellige haveleget\u00f8j og meget mere! Lad dig rive med af sjov \u2013 lad dig rive med af Woopie!<\/p>\n","protected":false},"excerpt":{"rendered":"<p>Et leget\u00f8j, der efterligner fronten p\u00e5 en WOOPIE-lastbil med en l\u00f8ftbar motorhjelm, rat og instrumentbr\u00e6t. N\u00e5r barnet \u00e5bner rummet under rattet, finder det masser af attraktioner i form af v\u00e6rkt\u00f8j, knapper og skruer. Unge mekanikere kan udf\u00f8re mange reparationer og eftersyn p\u00e5 deres k\u00f8ret\u00f8j (f.eks. hjul, sk\u00e6rme, motor, t\u00e6ndr\u00f8r, k\u00f8lergrill). Leget\u00f8jet er udstyret med et [&hellip;]<\/p>\n","protected":false},"featured_media":0,"comment_status":"open","ping_status":"closed","template":"","meta":[],"product_brand":[],"product_cat":[31],"product_tag":[],"class_list":{"0":"post-27178","1":"product","2":"type-product","3":"status-publish","5":"product_cat-uncategorized-da","7":"first","8":"instock","9":"shipping-taxable","10":"purchasable","11":"product-type-simple"},"_links":{"self":[{"href":"https:\/\/nordicmart.andreevmaster.com\/da\/wp-json\/wp\/v2\/product\/27178","targetHints":{"allow":["GET"]}}],"collection":[{"href":"https:\/\/nordicmart.andreevmaster.com\/da\/wp-json\/wp\/v2\/product"}],"about":[{"href":"https:\/\/nordicmart.andreevmaster.com\/da\/wp-json\/wp\/v2\/types\/product"}],"replies":[{"embeddable":true,"href":"https:\/\/nordicmart.andreevmaster.com\/da\/wp-json\/wp\/v2\/comments?post=27178"}],"wp:attachment":[{"href":"https:\/\/nordicmart.andreevmaster.com\/da\/wp-json\/wp\/v2\/media?parent=27178"}],"wp:term":[{"taxonomy":"product_brand","embeddable":true,"href":"https:\/\/nordicmart.andreevmaster.com\/da\/wp-json\/wp\/v2\/product_brand?post=27178"},{"taxonomy":"product_cat","embeddable":true,"href":"https:\/\/nordicmart.andreevmaster.com\/da\/wp-json\/wp\/v2\/product_cat?post=27178"},{"taxonomy":"product_tag","embeddable":true,"href":"https:\/\/nordicmart.andreevmaster.com\/da\/wp-json\/wp\/v2\/product_tag?post=27178"}],"curies":[{"name":"wp","href":"https:\/\/api.w.org\/{rel}","templated":true}]}}