{"id":27177,"date":"2026-02-27T00:35:48","date_gmt":"2026-02-27T00:35:48","guid":{"rendered":"https:\/\/nordicmart.andreevmaster.com\/product\/smoby-garden-grill-til-born-grill-18-tilbehor\/"},"modified":"2026-02-27T09:14:38","modified_gmt":"2026-02-27T09:14:38","slug":"smoby-garden-grill-til-born-grill-18-tilbehor","status":"publish","type":"product","link":"https:\/\/nordicmart.andreevmaster.com\/da\/vare\/smoby-garden-grill-til-born-grill-18-tilbehor\/","title":{"rendered":"SMOBY Garden Grill til b\u00f8rn Grill 18 tilbeh\u00f8r"},"content":{"rendered":"<p>B\u00f8rn elsker at v\u00e6re ude. De elsker ogs\u00e5 at lave mad. S\u00e5 hvorfor ikke kombinere disse to forn\u00f8jelser?<\/p>\n<p>En grill er perfekt til dette. N\u00e5r vejret er godt, tilbringer vi normalt meget tid ude. Det er vigtigt at holde vores b\u00f8rn besk\u00e6ftiget. En grill g\u00f8r deres legetid mere sp\u00e6ndende \u2013 de kan lave hamburgere til deres venner og kebab til deres for\u00e6ldre.<\/p>\n<p>Funktioner:<\/p>\n<p>* &#8211; grillen har to hjul, s\u00e5 b\u00f8rnene nemt kan flytte den rundt,<br \/>\n* &#8211; den har en grill, hvor den ene halvdel er en praktisk bageplade,<br \/>\n* &#8211; to hylder p\u00e5 siderne giver mulighed for sikkert at placere den mad, der tilberedes, eller det n\u00f8dvendige tilbeh\u00f8r,<br \/>\n* &#8211; s\u00e6ttet indeholder hele 18 tilbeh\u00f8rsdele,* &#8211; spyd og hamburgere &#8211; som b\u00f8rnene kan sammens\u00e6tte, som de vil,<br \/>\n* &#8211; grilltang,<br \/>\n* &#8211; en lighter, der afgiver en lyd, n\u00e5r den t\u00e6ndes,<br \/>\n* &#8211; orange flammer, der imiterer ild,<br \/>\n* &#8211; knapper, der afgiver en lyd, n\u00e5r de drejes,<br \/>\n* &#8211; kroge foran p\u00e5 grillen til at h\u00e6nge n\u00f8dvendigt v\u00e6rkt\u00f8j p\u00e5.<\/p>\n","protected":false},"excerpt":{"rendered":"<p>B\u00f8rn elsker at v\u00e6re ude. De elsker ogs\u00e5 at lave mad. S\u00e5 hvorfor ikke kombinere disse to forn\u00f8jelser? En grill er perfekt til dette. N\u00e5r vejret er godt, tilbringer vi normalt meget tid ude. Det er vigtigt at holde vores b\u00f8rn besk\u00e6ftiget. En grill g\u00f8r deres legetid mere sp\u00e6ndende \u2013 de kan lave hamburgere til [&hellip;]<\/p>\n","protected":false},"featured_media":0,"comment_status":"open","ping_status":"closed","template":"","meta":[],"product_brand":[],"product_cat":[31],"product_tag":[],"class_list":{"0":"post-27177","1":"product","2":"type-product","3":"status-publish","5":"product_cat-uncategorized-da","7":"first","8":"instock","9":"shipping-taxable","10":"purchasable","11":"product-type-simple"},"_links":{"self":[{"href":"https:\/\/nordicmart.andreevmaster.com\/da\/wp-json\/wp\/v2\/product\/27177","targetHints":{"allow":["GET"]}}],"collection":[{"href":"https:\/\/nordicmart.andreevmaster.com\/da\/wp-json\/wp\/v2\/product"}],"about":[{"href":"https:\/\/nordicmart.andreevmaster.com\/da\/wp-json\/wp\/v2\/types\/product"}],"replies":[{"embeddable":true,"href":"https:\/\/nordicmart.andreevmaster.com\/da\/wp-json\/wp\/v2\/comments?post=27177"}],"wp:attachment":[{"href":"https:\/\/nordicmart.andreevmaster.com\/da\/wp-json\/wp\/v2\/media?parent=27177"}],"wp:term":[{"taxonomy":"product_brand","embeddable":true,"href":"https:\/\/nordicmart.andreevmaster.com\/da\/wp-json\/wp\/v2\/product_brand?post=27177"},{"taxonomy":"product_cat","embeddable":true,"href":"https:\/\/nordicmart.andreevmaster.com\/da\/wp-json\/wp\/v2\/product_cat?post=27177"},{"taxonomy":"product_tag","embeddable":true,"href":"https:\/\/nordicmart.andreevmaster.com\/da\/wp-json\/wp\/v2\/product_tag?post=27177"}],"curies":[{"name":"wp","href":"https:\/\/api.w.org\/{rel}","templated":true}]}}