{"id":27176,"date":"2026-02-27T00:35:47","date_gmt":"2026-02-27T00:35:47","guid":{"rendered":"https:\/\/nordicmart.andreevmaster.com\/product\/smoby-mini-tefal-studio-bubble-xl-kokken-34-tilbehor\/"},"modified":"2026-02-27T09:14:37","modified_gmt":"2026-02-27T09:14:37","slug":"smoby-mini-tefal-studio-bubble-xl-kokken-34-tilbehor","status":"publish","type":"product","link":"https:\/\/nordicmart.andreevmaster.com\/da\/vare\/smoby-mini-tefal-studio-bubble-xl-kokken-34-tilbehor\/","title":{"rendered":"SMOBY Mini Tefal Studio Bubble XL K\u00f8kken + 34 tilbeh\u00f8r"},"content":{"rendered":"<p>Dette er det perfekte s\u00e6t til at lege madlavning. S\u00e6ttet indeholder alt det n\u00f8dvendige udstyr og funktioner, der g\u00f8r det muligt for b\u00f8rn at efterligne de aktiviteter, de observerer i hverdagen og s\u00e5 gerne vil kopiere. At lege med k\u00f8kkenet giver b\u00f8rnene en f\u00f8lelse af uafh\u00e6ngighed, udvikler deres fantasi og kreativitet og giver dem i en gruppe mulighed for at opbygge sociale interaktioner.<br \/>\nFunktioner:<br \/>\n* &#8211; Tefal-licenseret b\u00f8rnek\u00f8kken,<br \/>\n* &#8211; elektronisk k\u00f8kken med en magisk gryde &#8211; h\u00e6ld vand i, tryk p\u00e5 knappen og se \u00e6gte bobler dukke op,<br \/>\n* &#8211; k\u00f8kkenet har bordplade, vask, kapselkaffemaskine, sodavandsmaskine, k\u00f8leskab, ovn, opvaskemaskine og hylder,<br \/>\n* &#8211; knapper til at &#8220;styre&#8221; ovnen,* &#8211; ovnen og k\u00f8leskabet har d\u00f8re, der kan \u00e5bnes,<br \/>\n* &#8211; opvaskemaskinen er udstyret med et opvaskestativ,<br \/>\n* &#8211; sodavandsmaskinen afgiver en karakteristisk &#8220;cric cric&#8221;-lyd,<br \/>\n* &#8211; s\u00e6ttet indeholder 34 tilbeh\u00f8rsdele &#8211; en gryde med l\u00e5g, en pandekagepande, en salt- og peberkv\u00e6rn, 2 tallerkener, 2 gafler, 2 knive, 2 teskeer, 2 krus, 2 glas, 3 kapsler, 3 k\u00f8kkenredskaber, en opvaskeholder, f\u00f8devarer,<br \/>\n* &#8211; bordpladen er 50 cm h\u00f8j,<br \/>\n* &#8211; kr\u00e6ver batterier &#8211; 3 x 1,5 V LK03\/ AAA (medf\u00f8lger ikke).<\/p>\n","protected":false},"excerpt":{"rendered":"<p>Dette er det perfekte s\u00e6t til at lege madlavning. S\u00e6ttet indeholder alt det n\u00f8dvendige udstyr og funktioner, der g\u00f8r det muligt for b\u00f8rn at efterligne de aktiviteter, de observerer i hverdagen og s\u00e5 gerne vil kopiere. At lege med k\u00f8kkenet giver b\u00f8rnene en f\u00f8lelse af uafh\u00e6ngighed, udvikler deres fantasi og kreativitet og giver dem i [&hellip;]<\/p>\n","protected":false},"featured_media":0,"comment_status":"open","ping_status":"closed","template":"","meta":[],"product_brand":[],"product_cat":[31],"product_tag":[],"class_list":{"0":"post-27176","1":"product","2":"type-product","3":"status-publish","5":"product_cat-uncategorized-da","7":"first","8":"instock","9":"shipping-taxable","10":"purchasable","11":"product-type-simple"},"_links":{"self":[{"href":"https:\/\/nordicmart.andreevmaster.com\/da\/wp-json\/wp\/v2\/product\/27176","targetHints":{"allow":["GET"]}}],"collection":[{"href":"https:\/\/nordicmart.andreevmaster.com\/da\/wp-json\/wp\/v2\/product"}],"about":[{"href":"https:\/\/nordicmart.andreevmaster.com\/da\/wp-json\/wp\/v2\/types\/product"}],"replies":[{"embeddable":true,"href":"https:\/\/nordicmart.andreevmaster.com\/da\/wp-json\/wp\/v2\/comments?post=27176"}],"wp:attachment":[{"href":"https:\/\/nordicmart.andreevmaster.com\/da\/wp-json\/wp\/v2\/media?parent=27176"}],"wp:term":[{"taxonomy":"product_brand","embeddable":true,"href":"https:\/\/nordicmart.andreevmaster.com\/da\/wp-json\/wp\/v2\/product_brand?post=27176"},{"taxonomy":"product_cat","embeddable":true,"href":"https:\/\/nordicmart.andreevmaster.com\/da\/wp-json\/wp\/v2\/product_cat?post=27176"},{"taxonomy":"product_tag","embeddable":true,"href":"https:\/\/nordicmart.andreevmaster.com\/da\/wp-json\/wp\/v2\/product_tag?post=27176"}],"curies":[{"name":"wp","href":"https:\/\/api.w.org\/{rel}","templated":true}]}}