{"id":27175,"date":"2026-02-27T00:35:47","date_gmt":"2026-02-27T00:35:47","guid":{"rendered":"https:\/\/nordicmart.andreevmaster.com\/product\/woopie-baby-enkelt-gyngestativ-til-born\/"},"modified":"2026-02-27T09:14:37","modified_gmt":"2026-02-27T09:14:37","slug":"woopie-baby-enkelt-gyngestativ-til-born","status":"publish","type":"product","link":"https:\/\/nordicmart.andreevmaster.com\/da\/vare\/woopie-baby-enkelt-gyngestativ-til-born\/","title":{"rendered":"WOOPIE BABY Enkelt gyngestativ til b\u00f8rn"},"content":{"rendered":"<p>Woopie 3-i-1-gyngen giver masser af sjov fra en tidlig alder! Det enkelte gyngestativ har et stabilt, solidt og holdbart stativ med sikkerhedsfunktioner til benene. Takket v\u00e6re sit design kan gyngen bruges b\u00e5de indend\u00f8rs og udend\u00f8rs. Med aftageligt benbetr\u00e6k og aftagelig rygl\u00e6n er gyngen ogs\u00e5 ideel til st\u00f8rre b\u00f8rn. Produktet har tre anvendelsesmuligheder: en gynge til b\u00f8rn med rygl\u00e6n og benbetr\u00e6k, en gynge med rygl\u00e6n eller en gynge uden rygl\u00e6n. N\u00e5r dit barn vokser, kan gyngedele nemt fjernes \u2013 gyngen vokser med dit barn! Sikkerhedsb\u00e6lter sikrer sikker leg, og de bev\u00e6gelige dele udvikler h\u00e5ndbev\u00e6gelser. Afstanden fra s\u00e6det til jorden er 35 cm. At gynge har en positiv effekt p\u00e5 udviklingen af dit barns motoriske f\u00e6rdigheder og er det perfekte leget\u00f8j til aktiv leg!<\/p>\n<p>Funktioner:<\/p>\n<p>* 3 anvendelsesmuligheder takket v\u00e6re det aftagelige benbetr\u00e6k og den aftagelige rygl\u00e6n,<br \/>\n* Afstand fra s\u00e6de til jord: 35 cm,<br \/>\n* fremstillet af b\u00f8rnevenligt, sikkert og holdbart materiale,<br \/>\n* udvikler grovmotoriske f\u00e6rdigheder (udvikling af benmuskler), finmotoriske f\u00e6rdigheder (&#8220;h\u00e5ndbev\u00e6gelser&#8221;), balance og koordination hos b\u00f8rn,<br \/>\n* til brug i hjemmet og udend\u00f8rs.<\/p>\n<p>Woopie er en af Europas f\u00f8rende producenter af plastleget\u00f8j. Mochtoys-produkter s\u00e6lges med succes p\u00e5 hjemmemarkedet og i hele Europa.<\/p>\n<p>Woopie-leget\u00f8j har \u00e9t m\u00e5l \u2013 at bringe gl\u00e6de til b\u00f8rn! Blandt sit brede sortiment tilbyder Woopie karnevalskostumer og udkl\u00e6dningst\u00f8j til b\u00f8rn samt h\u00e6ngende gynger, skumleget\u00f8j, forskellige haveleget\u00f8j og meget mere! Lad dig rive med af sjov \u2013 lad dig rive med af Woopie!<\/p>\n","protected":false},"excerpt":{"rendered":"<p>Woopie 3-i-1-gyngen giver masser af sjov fra en tidlig alder! Det enkelte gyngestativ har et stabilt, solidt og holdbart stativ med sikkerhedsfunktioner til benene. Takket v\u00e6re sit design kan gyngen bruges b\u00e5de indend\u00f8rs og udend\u00f8rs. Med aftageligt benbetr\u00e6k og aftagelig rygl\u00e6n er gyngen ogs\u00e5 ideel til st\u00f8rre b\u00f8rn. Produktet har tre anvendelsesmuligheder: en gynge til [&hellip;]<\/p>\n","protected":false},"featured_media":0,"comment_status":"open","ping_status":"closed","template":"","meta":[],"product_brand":[],"product_cat":[31],"product_tag":[],"class_list":{"0":"post-27175","1":"product","2":"type-product","3":"status-publish","5":"product_cat-uncategorized-da","7":"first","8":"instock","9":"shipping-taxable","10":"purchasable","11":"product-type-simple"},"_links":{"self":[{"href":"https:\/\/nordicmart.andreevmaster.com\/da\/wp-json\/wp\/v2\/product\/27175","targetHints":{"allow":["GET"]}}],"collection":[{"href":"https:\/\/nordicmart.andreevmaster.com\/da\/wp-json\/wp\/v2\/product"}],"about":[{"href":"https:\/\/nordicmart.andreevmaster.com\/da\/wp-json\/wp\/v2\/types\/product"}],"replies":[{"embeddable":true,"href":"https:\/\/nordicmart.andreevmaster.com\/da\/wp-json\/wp\/v2\/comments?post=27175"}],"wp:attachment":[{"href":"https:\/\/nordicmart.andreevmaster.com\/da\/wp-json\/wp\/v2\/media?parent=27175"}],"wp:term":[{"taxonomy":"product_brand","embeddable":true,"href":"https:\/\/nordicmart.andreevmaster.com\/da\/wp-json\/wp\/v2\/product_brand?post=27175"},{"taxonomy":"product_cat","embeddable":true,"href":"https:\/\/nordicmart.andreevmaster.com\/da\/wp-json\/wp\/v2\/product_cat?post=27175"},{"taxonomy":"product_tag","embeddable":true,"href":"https:\/\/nordicmart.andreevmaster.com\/da\/wp-json\/wp\/v2\/product_tag?post=27175"}],"curies":[{"name":"wp","href":"https:\/\/api.w.org\/{rel}","templated":true}]}}