{"id":27174,"date":"2026-02-27T00:35:47","date_gmt":"2026-02-27T00:35:47","guid":{"rendered":"https:\/\/nordicmart.andreevmaster.com\/product\/smoby-strandbar-strandbar-strand\/"},"modified":"2026-02-27T09:14:37","modified_gmt":"2026-02-27T09:14:37","slug":"smoby-strandbar-strandbar-strand","status":"publish","type":"product","link":"https:\/\/nordicmart.andreevmaster.com\/da\/vare\/smoby-strandbar-strandbar-strand\/","title":{"rendered":"SMOBY Strandbar Strandbar Strand"},"content":{"rendered":"<p>B\u00f8rn elsker fester og lege. Nu kan de holde en strandfest for deres venner, for\u00e6ldre eller udstoppede dyr.<\/p>\n<p>Egenskaber:<\/p>\n<p>* &#8211; strandbaren tilbyder mange muligheder for leg &#8211; b\u00f8rnene kan lave is med toppings og krymmel, drikkevarer, frugtspyd og derefter tage betaling for det hele i kasseapparatet,* &#8211; s\u00e6ttet indeholder 38 tilbeh\u00f8rsdele &#8211; en ismaskine, is med vafler, en isskovl, en frugtspyd, drys, tallerkener, bestik, et kasseapparat,<br \/>\n* &#8211; takket v\u00e6re sin lille st\u00f8rrelse kan det nemt tages med til stranden, parken eller haven.<\/p>\n","protected":false},"excerpt":{"rendered":"<p>B\u00f8rn elsker fester og lege. Nu kan de holde en strandfest for deres venner, for\u00e6ldre eller udstoppede dyr. Egenskaber: * &#8211; strandbaren tilbyder mange muligheder for leg &#8211; b\u00f8rnene kan lave is med toppings og krymmel, drikkevarer, frugtspyd og derefter tage betaling for det hele i kasseapparatet,* &#8211; s\u00e6ttet indeholder 38 tilbeh\u00f8rsdele &#8211; en ismaskine, [&hellip;]<\/p>\n","protected":false},"featured_media":0,"comment_status":"open","ping_status":"closed","template":"","meta":[],"product_brand":[],"product_cat":[31],"product_tag":[],"class_list":{"0":"post-27174","1":"product","2":"type-product","3":"status-publish","5":"product_cat-uncategorized-da","7":"first","8":"instock","9":"shipping-taxable","10":"purchasable","11":"product-type-simple"},"_links":{"self":[{"href":"https:\/\/nordicmart.andreevmaster.com\/da\/wp-json\/wp\/v2\/product\/27174","targetHints":{"allow":["GET"]}}],"collection":[{"href":"https:\/\/nordicmart.andreevmaster.com\/da\/wp-json\/wp\/v2\/product"}],"about":[{"href":"https:\/\/nordicmart.andreevmaster.com\/da\/wp-json\/wp\/v2\/types\/product"}],"replies":[{"embeddable":true,"href":"https:\/\/nordicmart.andreevmaster.com\/da\/wp-json\/wp\/v2\/comments?post=27174"}],"wp:attachment":[{"href":"https:\/\/nordicmart.andreevmaster.com\/da\/wp-json\/wp\/v2\/media?parent=27174"}],"wp:term":[{"taxonomy":"product_brand","embeddable":true,"href":"https:\/\/nordicmart.andreevmaster.com\/da\/wp-json\/wp\/v2\/product_brand?post=27174"},{"taxonomy":"product_cat","embeddable":true,"href":"https:\/\/nordicmart.andreevmaster.com\/da\/wp-json\/wp\/v2\/product_cat?post=27174"},{"taxonomy":"product_tag","embeddable":true,"href":"https:\/\/nordicmart.andreevmaster.com\/da\/wp-json\/wp\/v2\/product_tag?post=27174"}],"curies":[{"name":"wp","href":"https:\/\/api.w.org\/{rel}","templated":true}]}}