{"id":27172,"date":"2026-02-27T00:35:46","date_gmt":"2026-02-27T00:35:46","guid":{"rendered":"https:\/\/nordicmart.andreevmaster.com\/product\/woopie-multi-person-dino-rocker-balance-swing-lysegron\/"},"modified":"2026-02-27T09:14:37","modified_gmt":"2026-02-27T09:14:37","slug":"woopie-multi-person-dino-rocker-balance-swing-lysegron","status":"publish","type":"product","link":"https:\/\/nordicmart.andreevmaster.com\/da\/vare\/woopie-multi-person-dino-rocker-balance-swing-lysegron\/","title":{"rendered":"WOOPIE Multi-Person Dino Rocker Balance Swing Lysegr\u00f8n"},"content":{"rendered":"<p>Woopie Multi-Person Dino Rocker i lysegr\u00f8n bliver dine b\u00f8rns yndlingsdinosaur! Tre b\u00f8rn kan bruge gyngen p\u00e5 samme tid, og selv et enkelt barn kan have det sjovt! N\u00e5r to b\u00f8rn gynger p\u00e5 samme tid, kan Dino fungere som en vippe, og b\u00f8rnene kan gynge i det uendelige, mens de samarbejder. Gyngen i sig selv giver mange fordele for b\u00f8rn: gyngning beroliger barnet og udvikler motoriske f\u00e6rdigheder, hvilket er ideelt for en sund udvikling. Derudover kan dinosaurer stimulere dit barns fantasi og kreativitet. De kan behandle den som en ven, som de vil passe p\u00e5. Produktet kan bruges b\u00e5de indend\u00f8rs og udend\u00f8rs!<\/p>\n<p>Funktioner:<\/p>\n<p>* &#8211; gynge til flere personer &#8211; kan bruges af op til tre b\u00f8rn p\u00e5 samme tid<br \/>\n* &#8211; vippefunktion<br \/>\n* &#8211; lavet af b\u00f8rnevenligt, sikkert og holdbart materiale<br \/>\n* &#8211; udvikler grovmotorik, balance, fantasi og kreativitet hos b\u00f8rn<br \/>\n* &#8211; udvikler samarbejde gennem f\u00e6lles gyngning<br \/>\n* &#8211; til indend\u00f8rs og udend\u00f8rs brug<\/p>\n","protected":false},"excerpt":{"rendered":"<p>Woopie Multi-Person Dino Rocker i lysegr\u00f8n bliver dine b\u00f8rns yndlingsdinosaur! Tre b\u00f8rn kan bruge gyngen p\u00e5 samme tid, og selv et enkelt barn kan have det sjovt! N\u00e5r to b\u00f8rn gynger p\u00e5 samme tid, kan Dino fungere som en vippe, og b\u00f8rnene kan gynge i det uendelige, mens de samarbejder. Gyngen i sig selv giver [&hellip;]<\/p>\n","protected":false},"featured_media":0,"comment_status":"open","ping_status":"closed","template":"","meta":[],"product_brand":[],"product_cat":[31],"product_tag":[],"class_list":{"0":"post-27172","1":"product","2":"type-product","3":"status-publish","5":"product_cat-uncategorized-da","7":"first","8":"instock","9":"shipping-taxable","10":"purchasable","11":"product-type-simple"},"_links":{"self":[{"href":"https:\/\/nordicmart.andreevmaster.com\/da\/wp-json\/wp\/v2\/product\/27172","targetHints":{"allow":["GET"]}}],"collection":[{"href":"https:\/\/nordicmart.andreevmaster.com\/da\/wp-json\/wp\/v2\/product"}],"about":[{"href":"https:\/\/nordicmart.andreevmaster.com\/da\/wp-json\/wp\/v2\/types\/product"}],"replies":[{"embeddable":true,"href":"https:\/\/nordicmart.andreevmaster.com\/da\/wp-json\/wp\/v2\/comments?post=27172"}],"wp:attachment":[{"href":"https:\/\/nordicmart.andreevmaster.com\/da\/wp-json\/wp\/v2\/media?parent=27172"}],"wp:term":[{"taxonomy":"product_brand","embeddable":true,"href":"https:\/\/nordicmart.andreevmaster.com\/da\/wp-json\/wp\/v2\/product_brand?post=27172"},{"taxonomy":"product_cat","embeddable":true,"href":"https:\/\/nordicmart.andreevmaster.com\/da\/wp-json\/wp\/v2\/product_cat?post=27172"},{"taxonomy":"product_tag","embeddable":true,"href":"https:\/\/nordicmart.andreevmaster.com\/da\/wp-json\/wp\/v2\/product_tag?post=27172"}],"curies":[{"name":"wp","href":"https:\/\/api.w.org\/{rel}","templated":true}]}}