{"id":27171,"date":"2026-02-27T00:35:46","date_gmt":"2026-02-27T00:35:46","guid":{"rendered":"https:\/\/nordicmart.andreevmaster.com\/product\/woopie-multi-person-rocker-dino-seesaw-balance-yellow-2\/"},"modified":"2026-02-27T09:14:36","modified_gmt":"2026-02-27T09:14:36","slug":"woopie-multi-person-rocker-dino-seesaw-balance-yellow-2","status":"publish","type":"product","link":"https:\/\/nordicmart.andreevmaster.com\/da\/vare\/woopie-multi-person-rocker-dino-seesaw-balance-yellow-2\/","title":{"rendered":"WOOPIE Multi-Person Rocker Dino Seesaw Balance Yellow"},"content":{"rendered":"<p>Woopie Yellow Dinosaurs multi-person rocker giver ikke kun masser af sjov, men underst\u00f8tter ogs\u00e5 de sm\u00e5s fysiske udvikling. Den er designet til 2-3 b\u00f8rn og er ideel til b\u00e5de brug i hjemmet og i haven. Den ergonomiske form, de komfortable s\u00e6der og h\u00e5ndtagene garanterer sikker og behagelig leg i lang tid. Produktet er lavet af holdbart, vejrbestandigt plast, der kan modst\u00e5 intensiv brug. Den er et godt alternativ til klassiske gynger og gyngestole \u2013 b\u00f8rnene kan lege alene eller parvis og l\u00e6re at samarbejde og holde balancen. Det lette design g\u00f8r det nemt at flytte produktet rundt. Den lyse gule farve med farverige prikker kombineret med s\u00e6der i form af dinosaurer tiltr\u00e6kker b\u00f8rnenes opm\u00e6rksomhed og tilskynder til aktiv leg! At gynge p\u00e5 denne gynge er ikke kun sjovt, men ogs\u00e5 en form for naturlig motion, der har en positiv effekt p\u00e5 udviklingen af grovmotorik, balance og koordination.<br \/>\nEgenskaber:<br \/>\n* &#8211; Gyngestol til flere personer \u2013 til 2 eller 3 b\u00f8rn p\u00e5 samme tid<br \/>\n* &#8211; Sikker h\u00e5ndtag for bedre greb og stabilitet<br \/>\n* &#8211; Holdbar og let konstruktion lavet af vejrbestandig plast<br \/>\n* &#8211; Afrundede kanter \u2013 ingen skarpe elementer<br \/>\n* &#8211; Ideel til hjemmet og haven \u2013 alsidig brug<br \/>\n* &#8211; I\u00f8jnefaldende dinosaur-design<br \/>\n* &#8211; Stabil base for j\u00e6vn gyngning<\/p>\n<p>Leget\u00f8jet udvikler:<\/p>\n<p>* &#8211; Balance og motorisk koordination<br \/>\n* &#8211; Grovmotorik<br \/>\n* &#8211; Samarbejde og interaktion med andre b\u00f8rn<br \/>\n* &#8211; Rumlig bevidsthed og kropsstabilisering<br \/>\n* &#8211; Tillid til bev\u00e6gelse og selvst\u00e6ndig leg<\/p>\n<p>\u25b6\ufe0f Produktm\u00e5l: 140 x 57 x 40 (cm)<\/p>\n","protected":false},"excerpt":{"rendered":"<p>Woopie Yellow Dinosaurs multi-person rocker giver ikke kun masser af sjov, men underst\u00f8tter ogs\u00e5 de sm\u00e5s fysiske udvikling. Den er designet til 2-3 b\u00f8rn og er ideel til b\u00e5de brug i hjemmet og i haven. Den ergonomiske form, de komfortable s\u00e6der og h\u00e5ndtagene garanterer sikker og behagelig leg i lang tid. Produktet er lavet af [&hellip;]<\/p>\n","protected":false},"featured_media":0,"comment_status":"open","ping_status":"closed","template":"","meta":[],"product_brand":[],"product_cat":[31],"product_tag":[],"class_list":{"0":"post-27171","1":"product","2":"type-product","3":"status-publish","5":"product_cat-uncategorized-da","7":"first","8":"instock","9":"shipping-taxable","10":"purchasable","11":"product-type-simple"},"_links":{"self":[{"href":"https:\/\/nordicmart.andreevmaster.com\/da\/wp-json\/wp\/v2\/product\/27171","targetHints":{"allow":["GET"]}}],"collection":[{"href":"https:\/\/nordicmart.andreevmaster.com\/da\/wp-json\/wp\/v2\/product"}],"about":[{"href":"https:\/\/nordicmart.andreevmaster.com\/da\/wp-json\/wp\/v2\/types\/product"}],"replies":[{"embeddable":true,"href":"https:\/\/nordicmart.andreevmaster.com\/da\/wp-json\/wp\/v2\/comments?post=27171"}],"wp:attachment":[{"href":"https:\/\/nordicmart.andreevmaster.com\/da\/wp-json\/wp\/v2\/media?parent=27171"}],"wp:term":[{"taxonomy":"product_brand","embeddable":true,"href":"https:\/\/nordicmart.andreevmaster.com\/da\/wp-json\/wp\/v2\/product_brand?post=27171"},{"taxonomy":"product_cat","embeddable":true,"href":"https:\/\/nordicmart.andreevmaster.com\/da\/wp-json\/wp\/v2\/product_cat?post=27171"},{"taxonomy":"product_tag","embeddable":true,"href":"https:\/\/nordicmart.andreevmaster.com\/da\/wp-json\/wp\/v2\/product_tag?post=27171"}],"curies":[{"name":"wp","href":"https:\/\/api.w.org\/{rel}","templated":true}]}}