{"id":27169,"date":"2026-02-27T00:35:45","date_gmt":"2026-02-27T00:35:45","guid":{"rendered":"https:\/\/nordicmart.andreevmaster.com\/product\/woopie-elektrisk-togssaet-kaempe-914-cm-spor-bro-tunnel-86-stk\/"},"modified":"2026-02-27T09:14:36","modified_gmt":"2026-02-27T09:14:36","slug":"woopie-elektrisk-togssaet-kaempe-914-cm-spor-bro-tunnel-86-stk","status":"publish","type":"product","link":"https:\/\/nordicmart.andreevmaster.com\/da\/vare\/woopie-elektrisk-togssaet-kaempe-914-cm-spor-bro-tunnel-86-stk\/","title":{"rendered":"WOOPIE Elektrisk togss\u00e6t K\u00e6mpe 914 cm spor Bro Tunnel 86 stk."},"content":{"rendered":"<p>* &#8211; beregnet til b\u00f8rn over 3 \u00e5r,<br \/>\n* &#8211; s\u00e6ttet indeholder: Pendolino-tog &#8211; 5 vogne, bev\u00e6gelig, l\u00f8ftbar bro, jernbanetunnel, skilte, model af beboelsesejendomme, barrierer, tr\u00e6er, gadelygter,<br \/>\n* &#8211; Batteridrevet (2 x 1,5 V AAA),<br \/>\n* &#8211; Toget drives af et moderne lokomotiv udstyret med lys foran,<br \/>\n* &#8211; Lokomotivet og vognene er fremstillet af plast af h\u00f8jeste kvalitet, hvilket sikrer lang levetid og holdbarhed for de enkelte elementer i s\u00e6ttet.<\/p>\n<p>* &#8211; Pendolino-tog &#8211; 5 vogne,<br \/>\n* &#8211; L\u00f8ftebro,<br \/>\n* &#8211; jernbanetunnel,<br \/>\n* &#8211; skilte,<br \/>\n* &#8211; modelboligbygninger,<br \/>\n* &#8211; barrierer,<br \/>\n* &#8211; tr\u00e6er,<br \/>\n* &#8211; gadelygter.* &#8211; lokomotiv ca. 13 cm x 3 cm x 4 cm,<br \/>\n* &#8211; vogne (gennemsnitsst\u00f8rrelse) ca. 11,5 cm x 3 cm x 3,5 cm,<br \/>\n* &#8211; tunneler ca. 15 cm x 15 cm x 8 cm,<br \/>\n* &#8211; tr\u00e6er ca. 7,5 cm,* &#8211; bygninger (gennemsnitsst\u00f8rrelse) ca. 5 cm x 11 cm x 5 cm<\/p>\n<p>* &#8211; udvikler barnets fantasi,<br \/>\n* &#8211; udvikler rumlig orientering,<br \/>\n* &#8211; udvikler kreativitet,<br \/>\n* &#8211; barnets manuelle f\u00e6rdigheder,<\/p>\n<p>Woopie er en af Europas f\u00f8rende producenter af plastleget\u00f8j. Woopie-produkter s\u00e6lges med succes p\u00e5 hjemmemarkedet og i hele Europa. De findes i hylderne hos de st\u00f8rste detailk\u00e6der og i traditionelle b\u00f8rnebutikker.<\/p>\n<p>Woopie-leget\u00f8j har \u00e9t m\u00e5l \u2013 at bringe gl\u00e6de til b\u00f8rn! Blandt sit brede sortiment tilbyder Woopie karnevalskostumer og udkl\u00e6dningst\u00f8j til b\u00f8rn samt h\u00e6ngende gynger, skumleget\u00f8j, forskellige typer haveleget\u00f8j og meget mere! Lad dig rive med af sjov \u2013 lad dig rive med af Woopie!<\/p>\n","protected":false},"excerpt":{"rendered":"<p>* &#8211; beregnet til b\u00f8rn over 3 \u00e5r, * &#8211; s\u00e6ttet indeholder: Pendolino-tog &#8211; 5 vogne, bev\u00e6gelig, l\u00f8ftbar bro, jernbanetunnel, skilte, model af beboelsesejendomme, barrierer, tr\u00e6er, gadelygter, * &#8211; Batteridrevet (2 x 1,5 V AAA), * &#8211; Toget drives af et moderne lokomotiv udstyret med lys foran, * &#8211; Lokomotivet og vognene er fremstillet af [&hellip;]<\/p>\n","protected":false},"featured_media":0,"comment_status":"open","ping_status":"closed","template":"","meta":[],"product_brand":[],"product_cat":[31],"product_tag":[],"class_list":{"0":"post-27169","1":"product","2":"type-product","3":"status-publish","5":"product_cat-uncategorized-da","7":"first","8":"instock","9":"shipping-taxable","10":"purchasable","11":"product-type-simple"},"_links":{"self":[{"href":"https:\/\/nordicmart.andreevmaster.com\/da\/wp-json\/wp\/v2\/product\/27169","targetHints":{"allow":["GET"]}}],"collection":[{"href":"https:\/\/nordicmart.andreevmaster.com\/da\/wp-json\/wp\/v2\/product"}],"about":[{"href":"https:\/\/nordicmart.andreevmaster.com\/da\/wp-json\/wp\/v2\/types\/product"}],"replies":[{"embeddable":true,"href":"https:\/\/nordicmart.andreevmaster.com\/da\/wp-json\/wp\/v2\/comments?post=27169"}],"wp:attachment":[{"href":"https:\/\/nordicmart.andreevmaster.com\/da\/wp-json\/wp\/v2\/media?parent=27169"}],"wp:term":[{"taxonomy":"product_brand","embeddable":true,"href":"https:\/\/nordicmart.andreevmaster.com\/da\/wp-json\/wp\/v2\/product_brand?post=27169"},{"taxonomy":"product_cat","embeddable":true,"href":"https:\/\/nordicmart.andreevmaster.com\/da\/wp-json\/wp\/v2\/product_cat?post=27169"},{"taxonomy":"product_tag","embeddable":true,"href":"https:\/\/nordicmart.andreevmaster.com\/da\/wp-json\/wp\/v2\/product_tag?post=27169"}],"curies":[{"name":"wp","href":"https:\/\/api.w.org\/{rel}","templated":true}]}}