{"id":27168,"date":"2026-02-27T00:35:45","date_gmt":"2026-02-27T00:35:45","guid":{"rendered":"https:\/\/nordicmart.andreevmaster.com\/product\/woopie-classic-elektrisk-togbane-med-lyd-og-lys-29-tilbehorsdele\/"},"modified":"2026-02-27T09:14:36","modified_gmt":"2026-02-27T09:14:36","slug":"woopie-classic-elektrisk-togbane-med-lyd-og-lys-29-tilbehorsdele","status":"publish","type":"product","link":"https:\/\/nordicmart.andreevmaster.com\/da\/vare\/woopie-classic-elektrisk-togbane-med-lyd-og-lys-29-tilbehorsdele\/","title":{"rendered":"WOOPIE Classic elektrisk togbane med lyd og lys + 29 tilbeh\u00f8rsdele"},"content":{"rendered":"<p>Tag p\u00e5 en uforglemmelig rejse med det elektriske tog fra Woopie! Det er et fantastisk, interaktivt leget\u00f8j, der vil begejstre alle sm\u00e5 togentusiaster. Lokomotivet afgiver realistiske lyde, har et lysende forlygte og, mest sp\u00e6ndende af alt, producerer sikker &#8220;r\u00f8g&#8221; eller vanddamp, der giver indtryk af et rigtigt lokomotiv. Skinnerne er nemme at samle, og deres ovale form g\u00f8r det muligt at k\u00f8re uden afbrydelser uden behov for konstant opsyn. Toget k\u00f8rer af sig selv, s\u00e5 dit barn kan beundre de specielle effekter, hvilket helt sikkert vil give masser af gl\u00e6de og sjov!<\/p>\n<p>Egenskaber:<\/p>\n<p>* &#8211; Leget\u00f8j til b\u00f8rn fra 3 \u00e5r<br \/>\n* &#8211; Lokomotivet afgiver lyde og lyser med en projekt\u00f8r<br \/>\n* &#8211; Producerer sikker vanddamp (r\u00f8g-effekt)<br \/>\n* &#8211; Skinnerne er nemme at samle, og toget k\u00f8rer af sig selv<br \/>\n* &#8211; Produktet er fremstillet af h\u00f8jkvalitets, giftfri materialer<br \/>\n* &#8211; Kr\u00e6ver 4xAA-batterier (medf\u00f8lger ikke)<br \/>\n* &#8211; Lokomotivets l\u00e6ngde med vogne er 94 cm<br \/>\n* &#8211; Skinnel\u00e6ngde: 460 cm<br \/>\n* &#8211; Skinneafstand: 170 x 82 cm<\/p>\n<p>S\u00e6ttet indeholder:<\/p>\n<p>* &#8211; 1 lokomotiv<br \/>\n* &#8211; 2 personvogne<br \/>\n* &#8211; 12 buede skinner og 4 lige skinner<br \/>\n* &#8211; 1 station<br \/>\n* &#8211; 1 vandflaske<br \/>\n* &#8211; 1 tr\u00e6<\/p>\n<p>Leget\u00f8jet udvikler:<\/p>\n<p>* &#8211; Fantasi og kreativitet<br \/>\n* &#8211; \u00c5rsag-virkning-t\u00e6nkning<\/p>\n","protected":false},"excerpt":{"rendered":"<p>Tag p\u00e5 en uforglemmelig rejse med det elektriske tog fra Woopie! Det er et fantastisk, interaktivt leget\u00f8j, der vil begejstre alle sm\u00e5 togentusiaster. Lokomotivet afgiver realistiske lyde, har et lysende forlygte og, mest sp\u00e6ndende af alt, producerer sikker &#8220;r\u00f8g&#8221; eller vanddamp, der giver indtryk af et rigtigt lokomotiv. Skinnerne er nemme at samle, og deres [&hellip;]<\/p>\n","protected":false},"featured_media":0,"comment_status":"open","ping_status":"closed","template":"","meta":[],"product_brand":[],"product_cat":[31],"product_tag":[],"class_list":{"0":"post-27168","1":"product","2":"type-product","3":"status-publish","5":"product_cat-uncategorized-da","7":"first","8":"instock","9":"shipping-taxable","10":"purchasable","11":"product-type-simple"},"_links":{"self":[{"href":"https:\/\/nordicmart.andreevmaster.com\/da\/wp-json\/wp\/v2\/product\/27168","targetHints":{"allow":["GET"]}}],"collection":[{"href":"https:\/\/nordicmart.andreevmaster.com\/da\/wp-json\/wp\/v2\/product"}],"about":[{"href":"https:\/\/nordicmart.andreevmaster.com\/da\/wp-json\/wp\/v2\/types\/product"}],"replies":[{"embeddable":true,"href":"https:\/\/nordicmart.andreevmaster.com\/da\/wp-json\/wp\/v2\/comments?post=27168"}],"wp:attachment":[{"href":"https:\/\/nordicmart.andreevmaster.com\/da\/wp-json\/wp\/v2\/media?parent=27168"}],"wp:term":[{"taxonomy":"product_brand","embeddable":true,"href":"https:\/\/nordicmart.andreevmaster.com\/da\/wp-json\/wp\/v2\/product_brand?post=27168"},{"taxonomy":"product_cat","embeddable":true,"href":"https:\/\/nordicmart.andreevmaster.com\/da\/wp-json\/wp\/v2\/product_cat?post=27168"},{"taxonomy":"product_tag","embeddable":true,"href":"https:\/\/nordicmart.andreevmaster.com\/da\/wp-json\/wp\/v2\/product_tag?post=27168"}],"curies":[{"name":"wp","href":"https:\/\/api.w.org\/{rel}","templated":true}]}}