{"id":27166,"date":"2026-02-27T00:35:45","date_gmt":"2026-02-27T00:35:45","guid":{"rendered":"https:\/\/nordicmart.andreevmaster.com\/product\/woopie-sensorisk-ortopaedisk-puslespil-matte-8-stykker-version-1a\/"},"modified":"2026-02-27T09:14:35","modified_gmt":"2026-02-27T09:14:35","slug":"woopie-sensorisk-ortopaedisk-puslespil-matte-8-stykker-version-1a","status":"publish","type":"product","link":"https:\/\/nordicmart.andreevmaster.com\/da\/vare\/woopie-sensorisk-ortopaedisk-puslespil-matte-8-stykker-version-1a\/","title":{"rendered":"WOOPIE Sensorisk ortop\u00e6disk puslespil-m\u00e5tte, 8 stykker, VERSION-1A"},"content":{"rendered":"<p>Denne sensoriske m\u00e5tte, anbefalet af Woopie-m\u00e6rket, har fremragende ortop\u00e6diske egenskaber og er essentiel for at st\u00f8tte dit barns udvikling. Den kan ogs\u00e5 v\u00e6re rigtig sjov for b\u00f8rn, der elsker at g\u00e5 barfodet. S\u00e6ttet indeholder 8 stykker\/puslespil med forskellige teksturer, der supplerer hinanden perfekt. H\u00e5rde overflader, s\u00e5som kegler og skaller, stimulerer og styrker fodbuen. Store sm\u00e5sten l\u00e6gger derimod pres p\u00e5 musklerne i fodbuen og tr\u00e6ner opfattelsen af glatte og ru overflader. Bl\u00f8de overflader, s\u00e5som gr\u00e6s og havb\u00f8lger, fungerer som forberedelse eller aflastning fra h\u00e5rde overflader.Brug af m\u00e5tten stimulerer sanserne, masserer f\u00f8dderne og reducerer forekomsten af platf\u00f8dder. M\u00e5tter p\u00e5virker ogs\u00e5 barnets sensoriske integration, dvs. evnen til at f\u00f8le og reagere p\u00e5 information fra kroppen og omgivelserne.Egenskaber:<\/p>\n<p>* &#8211; sensorisk m\u00e5tte, ortop\u00e6disk, puslespil-lignende<br \/>\n* &#8211; h\u00e5rde og bl\u00f8de overflader med forskellige funktioner og strukturer<br \/>\n* &#8211; sundhed og sjov<br \/>\n* &#8211; til b\u00f8rn, der elsker at g\u00e5 barfodet<\/p>\n<p>Elementer:<\/p>\n<p>* &#8211; 1x bl\u00f8dt gr\u00e6s<br \/>\n* &#8211; 1x bl\u00f8d sten<br \/>\n* &#8211; 1x bl\u00f8d b\u00f8lge<br \/>\n* &#8211; 1x sm\u00e5 flige<br \/>\n* &#8211; 1x h\u00e5rdt \u00e6g<br \/>\n* &#8211; 1x h\u00e5rde n\u00f8dder<br \/>\n* &#8211; 1x h\u00e5rde skaller<br \/>\n* &#8211; 1x h\u00e5rde fyrretr\u00e6skogler<\/p>\n<p>### S\u00e6ttene kan kombineres for at skabe st\u00f8rre overflader.<\/p>\n","protected":false},"excerpt":{"rendered":"<p>Denne sensoriske m\u00e5tte, anbefalet af Woopie-m\u00e6rket, har fremragende ortop\u00e6diske egenskaber og er essentiel for at st\u00f8tte dit barns udvikling. Den kan ogs\u00e5 v\u00e6re rigtig sjov for b\u00f8rn, der elsker at g\u00e5 barfodet. S\u00e6ttet indeholder 8 stykker\/puslespil med forskellige teksturer, der supplerer hinanden perfekt. H\u00e5rde overflader, s\u00e5som kegler og skaller, stimulerer og styrker fodbuen. Store sm\u00e5sten [&hellip;]<\/p>\n","protected":false},"featured_media":0,"comment_status":"open","ping_status":"closed","template":"","meta":[],"product_brand":[],"product_cat":[31],"product_tag":[],"class_list":{"0":"post-27166","1":"product","2":"type-product","3":"status-publish","5":"product_cat-uncategorized-da","7":"first","8":"instock","9":"shipping-taxable","10":"purchasable","11":"product-type-simple"},"_links":{"self":[{"href":"https:\/\/nordicmart.andreevmaster.com\/da\/wp-json\/wp\/v2\/product\/27166","targetHints":{"allow":["GET"]}}],"collection":[{"href":"https:\/\/nordicmart.andreevmaster.com\/da\/wp-json\/wp\/v2\/product"}],"about":[{"href":"https:\/\/nordicmart.andreevmaster.com\/da\/wp-json\/wp\/v2\/types\/product"}],"replies":[{"embeddable":true,"href":"https:\/\/nordicmart.andreevmaster.com\/da\/wp-json\/wp\/v2\/comments?post=27166"}],"wp:attachment":[{"href":"https:\/\/nordicmart.andreevmaster.com\/da\/wp-json\/wp\/v2\/media?parent=27166"}],"wp:term":[{"taxonomy":"product_brand","embeddable":true,"href":"https:\/\/nordicmart.andreevmaster.com\/da\/wp-json\/wp\/v2\/product_brand?post=27166"},{"taxonomy":"product_cat","embeddable":true,"href":"https:\/\/nordicmart.andreevmaster.com\/da\/wp-json\/wp\/v2\/product_cat?post=27166"},{"taxonomy":"product_tag","embeddable":true,"href":"https:\/\/nordicmart.andreevmaster.com\/da\/wp-json\/wp\/v2\/product_tag?post=27166"}],"curies":[{"name":"wp","href":"https:\/\/api.w.org\/{rel}","templated":true}]}}