{"id":27164,"date":"2026-02-27T00:35:44","date_gmt":"2026-02-27T00:35:44","guid":{"rendered":"https:\/\/nordicmart.andreevmaster.com\/product\/woopie-supermarked-med-indkobsvogn-vaegt-kasseapparat-scanner-48-tilbehorsdele\/"},"modified":"2026-02-27T09:14:35","modified_gmt":"2026-02-27T09:14:35","slug":"woopie-supermarked-med-indkobsvogn-vaegt-kasseapparat-scanner-48-tilbehorsdele","status":"publish","type":"product","link":"https:\/\/nordicmart.andreevmaster.com\/da\/vare\/woopie-supermarked-med-indkobsvogn-vaegt-kasseapparat-scanner-48-tilbehorsdele\/","title":{"rendered":"WOOPIE Supermarked med indk\u00f8bsvogn, v\u00e6gt, kasseapparat, scanner + 48 tilbeh\u00f8rsdele"},"content":{"rendered":"<p>Supermarked med indk\u00f8bsvogn og mange ekstra tilbeh\u00f8rsdele fra m\u00e6rket Woopie. En ideel gave til b\u00f8rn over 3 \u00e5r. B\u00f8rn elsker at efterligne deres for\u00e6ldre i deres daglige g\u00f8rem\u00e5l, s\u00e5 dette er det perfekte s\u00e6t til dit barn og en ekstra mulighed for dit barn ikke kun at have det sjovt, men ogs\u00e5 at l\u00e6re noget (rollespil udvikler i h\u00f8j grad barnets fantasi og kreativitet). Butikken indeholder alle de n\u00f8dvendige ting til at udstyre en lille s\u00e6lgers arbejdsplads, herunder: et kasseapparat med terminal, v\u00e6gt, scanner, betalingskort og adskillige f\u00f8devarer. Den medf\u00f8lgende indk\u00f8bsvogn giver mulighed for sjov med vennerne, uanset hvor og hvorn\u00e5r!<\/p>\n<p>Funktioner:<\/p>\n<p>* &#8211; en scanner, der lyser op og afgiver en karakteristisk lyd (batterier medf\u00f8lger ikke),* &#8211; kasseapparat med knapbetjent skuffe,<br \/>\n* &#8211; v\u00e6gt, der perfekt imiterer den \u00e6gte vare,<br \/>\n* &#8211; stativ udstyret med hylder til produkter med priser,<br \/>\n* &#8211; perfekt gengivne f\u00f8devarer,<br \/>\n* &#8211; \u00e6stetisk og universelt design g\u00f8r s\u00e6ttet velegnet til alle interi\u00f8rer,<br \/>\n* &#8211; farverig \u00e6ske, perfekt til en gave.S\u00e6ttet indeholder:<\/p>\n<p>* &#8211; supermarked med hylder,<br \/>\n* &#8211; indk\u00f8bskurv,<br \/>\n* &#8211; butiksv\u00e6gt,<br \/>\n* &#8211; stregkodescanner,<br \/>\n* &#8211; papirpenge,<br \/>\n* &#8211; kreditkort,<br \/>\n* &#8211; dagligvarer (frugt, gr\u00f8ntsager, drikkevarer, mejeriprodukter osv.).<\/p>\n<p>Woopie-leget\u00f8j har \u00e9t m\u00e5l \u2013 at bringe gl\u00e6de til b\u00f8rn! Blandt sit brede sortiment tilbyder Woopie karnevalskostumer og udkl\u00e6dningst\u00f8j til b\u00f8rn samt h\u00e6ngende gynger, skumleget\u00f8j, forskellige typer haveleget\u00f8j og meget mere! Lad dig rive med af sjov \u2013 lad dig rive med af Woopie!<\/p>\n","protected":false},"excerpt":{"rendered":"<p>Supermarked med indk\u00f8bsvogn og mange ekstra tilbeh\u00f8rsdele fra m\u00e6rket Woopie. En ideel gave til b\u00f8rn over 3 \u00e5r. B\u00f8rn elsker at efterligne deres for\u00e6ldre i deres daglige g\u00f8rem\u00e5l, s\u00e5 dette er det perfekte s\u00e6t til dit barn og en ekstra mulighed for dit barn ikke kun at have det sjovt, men ogs\u00e5 at l\u00e6re noget [&hellip;]<\/p>\n","protected":false},"featured_media":0,"comment_status":"open","ping_status":"closed","template":"","meta":[],"product_brand":[],"product_cat":[31],"product_tag":[],"class_list":{"0":"post-27164","1":"product","2":"type-product","3":"status-publish","5":"product_cat-uncategorized-da","7":"first","8":"instock","9":"shipping-taxable","10":"purchasable","11":"product-type-simple"},"_links":{"self":[{"href":"https:\/\/nordicmart.andreevmaster.com\/da\/wp-json\/wp\/v2\/product\/27164","targetHints":{"allow":["GET"]}}],"collection":[{"href":"https:\/\/nordicmart.andreevmaster.com\/da\/wp-json\/wp\/v2\/product"}],"about":[{"href":"https:\/\/nordicmart.andreevmaster.com\/da\/wp-json\/wp\/v2\/types\/product"}],"replies":[{"embeddable":true,"href":"https:\/\/nordicmart.andreevmaster.com\/da\/wp-json\/wp\/v2\/comments?post=27164"}],"wp:attachment":[{"href":"https:\/\/nordicmart.andreevmaster.com\/da\/wp-json\/wp\/v2\/media?parent=27164"}],"wp:term":[{"taxonomy":"product_brand","embeddable":true,"href":"https:\/\/nordicmart.andreevmaster.com\/da\/wp-json\/wp\/v2\/product_brand?post=27164"},{"taxonomy":"product_cat","embeddable":true,"href":"https:\/\/nordicmart.andreevmaster.com\/da\/wp-json\/wp\/v2\/product_cat?post=27164"},{"taxonomy":"product_tag","embeddable":true,"href":"https:\/\/nordicmart.andreevmaster.com\/da\/wp-json\/wp\/v2\/product_tag?post=27164"}],"curies":[{"name":"wp","href":"https:\/\/api.w.org\/{rel}","templated":true}]}}