{"id":27163,"date":"2026-02-27T00:35:44","date_gmt":"2026-02-27T00:35:44","guid":{"rendered":"https:\/\/nordicmart.andreevmaster.com\/product\/solbeskyttelsestag-til-gran-tour-berg-fire-personers-gokarts\/"},"modified":"2026-02-27T09:14:35","modified_gmt":"2026-02-27T09:14:35","slug":"solbeskyttelsestag-til-gran-tour-berg-fire-personers-gokarts","status":"publish","type":"product","link":"https:\/\/nordicmart.andreevmaster.com\/da\/vare\/solbeskyttelsestag-til-gran-tour-berg-fire-personers-gokarts\/","title":{"rendered":"Solbeskyttelsestag til Gran Tour Berg fire-personers gokarts"},"content":{"rendered":"<p>Beskyttende tag til Gran Tour Berg fire-personers gokarts.<\/p>\n<p>Det beskytter dig og din familie mod:<\/p>\n<p>* sol,<br \/>\n* regn<br \/>\n* og uventede h\u00e6ndelser!<\/p>\n<p>Orange baldakin, der passer til Grand Tour Off-road gokarts. Passer til modeller fremstillet siden 2015.<\/p>\n<p>BERG er et hollandsk firma, der i over tredive \u00e5r har v\u00e6ret baseret p\u00e5 to s\u00f8jler: tradition og innovation. Dets mission er at bevare og udvikle opfindsomt talent og en pioner\u00e5nd, s\u00e5 design- og produktionsprocessen resulterer i p\u00e5lidelighed og tidl\u00f8s originalitet. If\u00f8lge virksomheden skal det ideelle b\u00f8rnek\u00f8ret\u00f8j ikke kun give alsidige legemuligheder, men ogs\u00e5 muligg\u00f8re en sund fysisk udvikling og l\u00e6ngst mulig brug af leget\u00f8jet.<\/p>\n","protected":false},"excerpt":{"rendered":"<p>Beskyttende tag til Gran Tour Berg fire-personers gokarts. Det beskytter dig og din familie mod: * sol, * regn * og uventede h\u00e6ndelser! Orange baldakin, der passer til Grand Tour Off-road gokarts. Passer til modeller fremstillet siden 2015. BERG er et hollandsk firma, der i over tredive \u00e5r har v\u00e6ret baseret p\u00e5 to s\u00f8jler: tradition [&hellip;]<\/p>\n","protected":false},"featured_media":0,"comment_status":"open","ping_status":"closed","template":"","meta":[],"product_brand":[],"product_cat":[31],"product_tag":[],"class_list":{"0":"post-27163","1":"product","2":"type-product","3":"status-publish","5":"product_cat-uncategorized-da","7":"first","8":"instock","9":"shipping-taxable","10":"purchasable","11":"product-type-simple"},"_links":{"self":[{"href":"https:\/\/nordicmart.andreevmaster.com\/da\/wp-json\/wp\/v2\/product\/27163","targetHints":{"allow":["GET"]}}],"collection":[{"href":"https:\/\/nordicmart.andreevmaster.com\/da\/wp-json\/wp\/v2\/product"}],"about":[{"href":"https:\/\/nordicmart.andreevmaster.com\/da\/wp-json\/wp\/v2\/types\/product"}],"replies":[{"embeddable":true,"href":"https:\/\/nordicmart.andreevmaster.com\/da\/wp-json\/wp\/v2\/comments?post=27163"}],"wp:attachment":[{"href":"https:\/\/nordicmart.andreevmaster.com\/da\/wp-json\/wp\/v2\/media?parent=27163"}],"wp:term":[{"taxonomy":"product_brand","embeddable":true,"href":"https:\/\/nordicmart.andreevmaster.com\/da\/wp-json\/wp\/v2\/product_brand?post=27163"},{"taxonomy":"product_cat","embeddable":true,"href":"https:\/\/nordicmart.andreevmaster.com\/da\/wp-json\/wp\/v2\/product_cat?post=27163"},{"taxonomy":"product_tag","embeddable":true,"href":"https:\/\/nordicmart.andreevmaster.com\/da\/wp-json\/wp\/v2\/product_tag?post=27163"}],"curies":[{"name":"wp","href":"https:\/\/api.w.org\/{rel}","templated":true}]}}