{"id":27162,"date":"2026-02-27T00:35:44","date_gmt":"2026-02-27T00:35:44","guid":{"rendered":"https:\/\/nordicmart.andreevmaster.com\/product\/berg-gran-tour-racer-4-personers-pedalgokart-op-til-225-kg\/"},"modified":"2026-02-27T09:14:35","modified_gmt":"2026-02-27T09:14:35","slug":"berg-gran-tour-racer-4-personers-pedalgokart-op-til-225-kg","status":"publish","type":"product","link":"https:\/\/nordicmart.andreevmaster.com\/da\/vare\/berg-gran-tour-racer-4-personers-pedalgokart-op-til-225-kg\/","title":{"rendered":"Berg Gran Tour Racer 4-personers pedalgokart op til 225 kg"},"content":{"rendered":"<p>En attraktion for enhver forlystelsespark: BERG Gran Tour cykel\/gokart! Den firepersoners gokart har et ergonomisk design, der g\u00f8r den helt sikker at bruge. Den er sjov for b\u00e5de unge og gamle brugere. K\u00f8ret\u00f8jet er designet til tunge belastninger. Det er designet til at give den h\u00f8jeste komfort. Den man\u00f8vredygtige gokart er nem at styre. En p\u00e5lidelig h\u00e5ndbremse giver mulighed for j\u00e6vn opbremsning.<\/p>\n<p>Egenskaber:<\/p>\n<p>* &#8211; egnet til 2 voksne og 2 b\u00f8rn (foran),<br \/>\n* &#8211; p\u00e5lidelig og sikker styring,<br \/>\n* &#8211; to bags\u00e6der og to fors\u00e6der. Fors\u00e6derne er udstyret med sikkerhedsseler,<br \/>\n* &#8211; h\u00e5ndbremse og parkeringsbremse p\u00e5 baghjulene,<br \/>\n* &#8211; 580 mm diameter gummi racinghjul med aluminiumsf\u00e6lge,<br \/>\n* &#8211; pedalering fremad kombineres med en fril\u00f8bsfunktion, n\u00e5r f\u00f8dderne er station\u00e6re under k\u00f8rsel.<\/p>\n<p>TILBUDDET INKLUDERER SELVE GO-KARTEN &#8211; UDEN TAG.<\/p>\n","protected":false},"excerpt":{"rendered":"<p>En attraktion for enhver forlystelsespark: BERG Gran Tour cykel\/gokart! Den firepersoners gokart har et ergonomisk design, der g\u00f8r den helt sikker at bruge. Den er sjov for b\u00e5de unge og gamle brugere. K\u00f8ret\u00f8jet er designet til tunge belastninger. Det er designet til at give den h\u00f8jeste komfort. Den man\u00f8vredygtige gokart er nem at styre. En [&hellip;]<\/p>\n","protected":false},"featured_media":0,"comment_status":"open","ping_status":"closed","template":"","meta":[],"product_brand":[],"product_cat":[31],"product_tag":[],"class_list":{"0":"post-27162","1":"product","2":"type-product","3":"status-publish","5":"product_cat-uncategorized-da","7":"first","8":"instock","9":"shipping-taxable","10":"purchasable","11":"product-type-simple"},"_links":{"self":[{"href":"https:\/\/nordicmart.andreevmaster.com\/da\/wp-json\/wp\/v2\/product\/27162","targetHints":{"allow":["GET"]}}],"collection":[{"href":"https:\/\/nordicmart.andreevmaster.com\/da\/wp-json\/wp\/v2\/product"}],"about":[{"href":"https:\/\/nordicmart.andreevmaster.com\/da\/wp-json\/wp\/v2\/types\/product"}],"replies":[{"embeddable":true,"href":"https:\/\/nordicmart.andreevmaster.com\/da\/wp-json\/wp\/v2\/comments?post=27162"}],"wp:attachment":[{"href":"https:\/\/nordicmart.andreevmaster.com\/da\/wp-json\/wp\/v2\/media?parent=27162"}],"wp:term":[{"taxonomy":"product_brand","embeddable":true,"href":"https:\/\/nordicmart.andreevmaster.com\/da\/wp-json\/wp\/v2\/product_brand?post=27162"},{"taxonomy":"product_cat","embeddable":true,"href":"https:\/\/nordicmart.andreevmaster.com\/da\/wp-json\/wp\/v2\/product_cat?post=27162"},{"taxonomy":"product_tag","embeddable":true,"href":"https:\/\/nordicmart.andreevmaster.com\/da\/wp-json\/wp\/v2\/product_tag?post=27162"}],"curies":[{"name":"wp","href":"https:\/\/api.w.org\/{rel}","templated":true}]}}