{"id":27161,"date":"2026-02-27T00:35:43","date_gmt":"2026-02-27T00:35:43","guid":{"rendered":"https:\/\/nordicmart.andreevmaster.com\/product\/berg-gran-tour-off-road-bfr-4-personers-pedalgokart-5\/"},"modified":"2026-02-27T09:14:34","modified_gmt":"2026-02-27T09:14:34","slug":"berg-gran-tour-off-road-bfr-4-personers-pedalgokart-5","status":"publish","type":"product","link":"https:\/\/nordicmart.andreevmaster.com\/da\/vare\/berg-gran-tour-off-road-bfr-4-personers-pedalgokart-5\/","title":{"rendered":"BERG Gran Tour Off-Road BFR 4-personers pedalgokart 5+"},"content":{"rendered":"<p>En attraktion for enhver forlystelsespark: BERG Gran Tour Off Road cykel\/gokart! Den firepersoners gokart har et ergonomisk design, der g\u00f8r den helt sikker at bruge. Den er sjov for b\u00e5de unge og \u00e6ldre brugere. K\u00f8ret\u00f8jet er designet til tunge belastninger. Det er designet til at give den h\u00f8jeste komfort. Den man\u00f8vredygtige gokart er nem at styre. En p\u00e5lidelig h\u00e5ndbremse giver mulighed for j\u00e6vn opbremsning.<\/p>\n<p>Tekniske data<\/p>\n<p>* Garanti: 2 \u00e5r<br \/>\n* Brugerens alder: 0-99 \u00e5r<br \/>\n* Maksimal brugerv\u00e6gt: 225 kg<br \/>\n* K\u00f8ret\u00f8jets st\u00f8rrelse (l\u00e6ngde, bredde, h\u00f8jde): 190 cm, 115 cm, 102 cm<br \/>\n* K\u00f8ret\u00f8jets v\u00e6gt: 106 kg<br \/>\n* Bremse: Manuel<br \/>\n* Bakgear: nej<br \/>\n* Frihjul: ja<br \/>\n* Justerbart s\u00e6de: ja<br \/>\n* Justerbart rat: ja<br \/>\n* K\u00e6desk\u00e6rm: Fuld<\/p>\n","protected":false},"excerpt":{"rendered":"<p>En attraktion for enhver forlystelsespark: BERG Gran Tour Off Road cykel\/gokart! Den firepersoners gokart har et ergonomisk design, der g\u00f8r den helt sikker at bruge. Den er sjov for b\u00e5de unge og \u00e6ldre brugere. K\u00f8ret\u00f8jet er designet til tunge belastninger. Det er designet til at give den h\u00f8jeste komfort. Den man\u00f8vredygtige gokart er nem at [&hellip;]<\/p>\n","protected":false},"featured_media":0,"comment_status":"open","ping_status":"closed","template":"","meta":[],"product_brand":[],"product_cat":[31],"product_tag":[],"class_list":{"0":"post-27161","1":"product","2":"type-product","3":"status-publish","5":"product_cat-uncategorized-da","7":"first","8":"instock","9":"shipping-taxable","10":"purchasable","11":"product-type-simple"},"_links":{"self":[{"href":"https:\/\/nordicmart.andreevmaster.com\/da\/wp-json\/wp\/v2\/product\/27161","targetHints":{"allow":["GET"]}}],"collection":[{"href":"https:\/\/nordicmart.andreevmaster.com\/da\/wp-json\/wp\/v2\/product"}],"about":[{"href":"https:\/\/nordicmart.andreevmaster.com\/da\/wp-json\/wp\/v2\/types\/product"}],"replies":[{"embeddable":true,"href":"https:\/\/nordicmart.andreevmaster.com\/da\/wp-json\/wp\/v2\/comments?post=27161"}],"wp:attachment":[{"href":"https:\/\/nordicmart.andreevmaster.com\/da\/wp-json\/wp\/v2\/media?parent=27161"}],"wp:term":[{"taxonomy":"product_brand","embeddable":true,"href":"https:\/\/nordicmart.andreevmaster.com\/da\/wp-json\/wp\/v2\/product_brand?post=27161"},{"taxonomy":"product_cat","embeddable":true,"href":"https:\/\/nordicmart.andreevmaster.com\/da\/wp-json\/wp\/v2\/product_cat?post=27161"},{"taxonomy":"product_tag","embeddable":true,"href":"https:\/\/nordicmart.andreevmaster.com\/da\/wp-json\/wp\/v2\/product_tag?post=27161"}],"curies":[{"name":"wp","href":"https:\/\/api.w.org\/{rel}","templated":true}]}}