{"id":27160,"date":"2026-02-27T00:35:43","date_gmt":"2026-02-27T00:35:43","guid":{"rendered":"https:\/\/nordicmart.andreevmaster.com\/product\/woopie-supermarked-butik-og-indkobsvogn-indkobsvogn-kasseapparat-vaegt-scanner-47-tilbehorsdele\/"},"modified":"2026-02-27T09:14:34","modified_gmt":"2026-02-27T09:14:34","slug":"woopie-supermarked-butik-og-indkobsvogn-indkobsvogn-kasseapparat-vaegt-scanner-47-tilbehorsdele","status":"publish","type":"product","link":"https:\/\/nordicmart.andreevmaster.com\/da\/vare\/woopie-supermarked-butik-og-indkobsvogn-indkobsvogn-kasseapparat-vaegt-scanner-47-tilbehorsdele\/","title":{"rendered":"WOOPIE Supermarked Butik og indk\u00f8bsvogn Indk\u00f8bsvogn Kasseapparat V\u00e6gt Scanner 47 tilbeh\u00f8rsdele"},"content":{"rendered":"<p>Supermarkedet med en indk\u00f8bsvogn med 47 tilbeh\u00f8rsdele fra det p\u00e5lidelige m\u00e6rke Woopie er ideelt til b\u00f8rn over 3 \u00e5r. B\u00f8rn elsker at efterligne deres for\u00e6ldre, og derfor er dette det perfekte s\u00e6t til dit barn. Rollespil udvikler i h\u00f8j grad barnets fantasi og kreativitet. Butikken indeholder alle de n\u00f8dvendige elementer til at udstyre en lille s\u00e6lgers arbejdsplads, herunder en kasseapparat med v\u00e6gt, en scanner og en betalingskortl\u00e6ser. Den medf\u00f8lgende indk\u00f8bsvogn giver mulighed for sjov med vennerne, uanset hvor og hvorn\u00e5r, og dit barn vil altid vide, hvordan man opf\u00f8rer sig i et supermarked!<\/p>\n<p>Funktioner:<\/p>\n<p>* &#8211; en scanner, der lyser r\u00f8dt og afgiver en karakteristisk lyd,<br \/>\n* &#8211; en betalingskortl\u00e6ser, der afgiver en lyd og har et lys, der blinker,* &#8211; kasseapparat, der perfekt imiterer et \u00e6gte kasseapparat,<br \/>\n* &#8211; stativ udstyret med hylder til produkter med priser,<br \/>\n* &#8211; perfekt gengivne f\u00f8devarer,<br \/>\n* &#8211; \u00e6stetiske og afd\u00e6mpede farver g\u00f8r det velegnet til alle interi\u00f8rer,<br \/>\n* &#8211; farverig \u00e6ske, perfekt til en gave,<br \/>\n* &#8211; afstanden fra gulvet til butiksdisken er ca. 45 cm.S\u00e6ttet indeholder 47 tilbeh\u00f8rsdele:<\/p>\n<p>* &#8211; supermarked,<br \/>\n* &#8211; indk\u00f8bskurv,<br \/>\n* &#8211; butiksv\u00e6gt,<br \/>\n* &#8211; stregkodescanner,<br \/>\n* &#8211; kreditkortl\u00e6ser + kreditkort,<br \/>\n* &#8211; papirpenge,<br \/>\n* &#8211; m\u00f8nter,<br \/>\n* &#8211; dagligvarer (frugt, gr\u00f8ntsager, drikkevarer, mejeriprodukter, osv.).<\/p>\n<p>Leget\u00f8jet udvikler:<\/p>\n<p>* &#8211; Fantasi og kreativitet<br \/>\n* &#8211; Sociale f\u00e6rdigheder<br \/>\n* &#8211; Kognitive f\u00e6rdigheder<br \/>\n* &#8211; Finmotorik<\/p>\n","protected":false},"excerpt":{"rendered":"<p>Supermarkedet med en indk\u00f8bsvogn med 47 tilbeh\u00f8rsdele fra det p\u00e5lidelige m\u00e6rke Woopie er ideelt til b\u00f8rn over 3 \u00e5r. B\u00f8rn elsker at efterligne deres for\u00e6ldre, og derfor er dette det perfekte s\u00e6t til dit barn. Rollespil udvikler i h\u00f8j grad barnets fantasi og kreativitet. Butikken indeholder alle de n\u00f8dvendige elementer til at udstyre en lille [&hellip;]<\/p>\n","protected":false},"featured_media":0,"comment_status":"open","ping_status":"closed","template":"","meta":[],"product_brand":[],"product_cat":[31],"product_tag":[],"class_list":{"0":"post-27160","1":"product","2":"type-product","3":"status-publish","5":"product_cat-uncategorized-da","7":"first","8":"instock","9":"shipping-taxable","10":"purchasable","11":"product-type-simple"},"_links":{"self":[{"href":"https:\/\/nordicmart.andreevmaster.com\/da\/wp-json\/wp\/v2\/product\/27160","targetHints":{"allow":["GET"]}}],"collection":[{"href":"https:\/\/nordicmart.andreevmaster.com\/da\/wp-json\/wp\/v2\/product"}],"about":[{"href":"https:\/\/nordicmart.andreevmaster.com\/da\/wp-json\/wp\/v2\/types\/product"}],"replies":[{"embeddable":true,"href":"https:\/\/nordicmart.andreevmaster.com\/da\/wp-json\/wp\/v2\/comments?post=27160"}],"wp:attachment":[{"href":"https:\/\/nordicmart.andreevmaster.com\/da\/wp-json\/wp\/v2\/media?parent=27160"}],"wp:term":[{"taxonomy":"product_brand","embeddable":true,"href":"https:\/\/nordicmart.andreevmaster.com\/da\/wp-json\/wp\/v2\/product_brand?post=27160"},{"taxonomy":"product_cat","embeddable":true,"href":"https:\/\/nordicmart.andreevmaster.com\/da\/wp-json\/wp\/v2\/product_cat?post=27160"},{"taxonomy":"product_tag","embeddable":true,"href":"https:\/\/nordicmart.andreevmaster.com\/da\/wp-json\/wp\/v2\/product_tag?post=27160"}],"curies":[{"name":"wp","href":"https:\/\/api.w.org\/{rel}","templated":true}]}}