{"id":27158,"date":"2026-02-27T00:35:42","date_gmt":"2026-02-27T00:35:42","guid":{"rendered":"https:\/\/nordicmart.andreevmaster.com\/product\/woopie-swing-3-in-1-blue-2\/"},"modified":"2026-02-27T09:14:34","modified_gmt":"2026-02-27T09:14:34","slug":"woopie-swing-3-in-1-blue-2","status":"publish","type":"product","link":"https:\/\/nordicmart.andreevmaster.com\/da\/vare\/woopie-swing-3-in-1-blue-2\/","title":{"rendered":"WOOPIE Swing 3-in-1 Blue"},"content":{"rendered":"<p>Woopie 3-i-1-gyngen er det perfekte valg for for\u00e6ldre, der s\u00f8ger en sikker, holdbar og multifunktionel l\u00f8sning til leg b\u00e5de inde og ude. Det farverige, b\u00f8rnevenlige design tiltr\u00e6kker dit barns opm\u00e6rksomhed og tilskynder til aktivitet. Det er ikke kun et leget\u00f8j, men ogs\u00e5 et produkt, der vokser med dit barn. Takket v\u00e6re det modulopbyggede design kan du tilpasse den til dit barns alder og evner \u2013 afh\u00e6ngigt af dine behov kan du nemt fjerne rygl\u00e6net og benbetr\u00e6kket. Som f\u00f8lge heraf vil gyngen kunne bruges i mange \u00e5r og give dit barn sikker og sp\u00e6ndende leg i forskellige udviklingsstadier. Gyngen er udstyret med sikkerhedsseler, der effektivt beskytter dit barn mod at falde ud, mens det leger. Derudover giver den justerbare l\u00e6ngde p\u00e5 rebene (op til 160 cm) dig mulighed for at installere gyngen i forskellige h\u00f8jder \u2013 du kan tilpasse den perfekt til forholdene i din have, p\u00e5 din terrasse eller inde i dit hjem. Den robuste konstruktion af holdbart plast garanterer modstandsdygtighed over for vejrforhold og er ogs\u00e5 venlig mod dit barns hud \u2013 uden skarpe kanter eller giftige materialer. Med denne gynge giver du dit barn smukke \u00f8jeblikke fulde af sjov og gl\u00e6de.<\/p>\n<p>Funktioner:<\/p>\n<p>* &#8211; Produkt beregnet til b\u00f8rn fra 12 m\u00e5neder<br \/>\n* &#8211; 3 funktioner i 1: babysving med rygl\u00e6n og benbetr\u00e6k, sving med kun rygl\u00e6n eller s\u00e6de uden rygl\u00e6n<br \/>\n* &#8211; Multifunktionelt modul\u00e6rt design \u2013 komponenterne kan nemt skilles ad<br \/>\n* &#8211; Sikkerhedsseler \u2013 garanterer stabilitet og beskyttelse for dit barn, mens det gynger<br \/>\n* &#8211; Justerbar oph\u00e6ngsh\u00f8jde \u2013 reb op til 160 cm lange<br \/>\n* &#8211; Nem installation takket v\u00e6re praktiske h\u00e5ndtag og kroge<br \/>\n* &#8211; Holdbar, stabil og let konstruktion \u2013 ideel til indend\u00f8rs og udend\u00f8rs brug<br \/>\n* &#8211; Farverigt, venligt design \u2013 opmuntrer b\u00f8rn til at lege og v\u00e6re aktive<br \/>\n* &#8211; Materialer af h\u00f8j kvalitet \u2013 holdbare, sikre og nemme at reng\u00f8re<\/p>\n<p>S\u00e6ttet indeholder:<\/p>\n<p>* &#8211; Gynges\u00e6de i plast<br \/>\n* &#8211; Aftageligt fodst\u00f8ttebetr\u00e6k<br \/>\n* &#8211; Aftageligt rygl\u00e6n<br \/>\n* &#8211; Integrerede sikkerhedsb\u00e6lter<br \/>\n* &#8211; Holdbare monteringsreb op til 160 cm lange<br \/>\n* &#8211; Monteringskroge til oph\u00e6ngning af gyngen<\/p>\n<p>Leget\u00f8jet udvikler:<\/p>\n<p>* &#8211; Motorisk koordination<br \/>\n* &#8211; Balance og motoriske f\u00e6rdigheder<br \/>\n* &#8211; Balancesans<br \/>\n* &#8211; Uafh\u00e6ngighed<br \/>\n* &#8211; Selvtillid<\/p>\n<p>Produktm\u00e5l: 44 x 35 x 37 (cm)<\/p>\n","protected":false},"excerpt":{"rendered":"<p>Woopie 3-i-1-gyngen er det perfekte valg for for\u00e6ldre, der s\u00f8ger en sikker, holdbar og multifunktionel l\u00f8sning til leg b\u00e5de inde og ude. Det farverige, b\u00f8rnevenlige design tiltr\u00e6kker dit barns opm\u00e6rksomhed og tilskynder til aktivitet. Det er ikke kun et leget\u00f8j, men ogs\u00e5 et produkt, der vokser med dit barn. Takket v\u00e6re det modulopbyggede design kan [&hellip;]<\/p>\n","protected":false},"featured_media":0,"comment_status":"open","ping_status":"closed","template":"","meta":[],"product_brand":[],"product_cat":[31],"product_tag":[],"class_list":{"0":"post-27158","1":"product","2":"type-product","3":"status-publish","5":"product_cat-uncategorized-da","7":"first","8":"instock","9":"shipping-taxable","10":"purchasable","11":"product-type-simple"},"_links":{"self":[{"href":"https:\/\/nordicmart.andreevmaster.com\/da\/wp-json\/wp\/v2\/product\/27158","targetHints":{"allow":["GET"]}}],"collection":[{"href":"https:\/\/nordicmart.andreevmaster.com\/da\/wp-json\/wp\/v2\/product"}],"about":[{"href":"https:\/\/nordicmart.andreevmaster.com\/da\/wp-json\/wp\/v2\/types\/product"}],"replies":[{"embeddable":true,"href":"https:\/\/nordicmart.andreevmaster.com\/da\/wp-json\/wp\/v2\/comments?post=27158"}],"wp:attachment":[{"href":"https:\/\/nordicmart.andreevmaster.com\/da\/wp-json\/wp\/v2\/media?parent=27158"}],"wp:term":[{"taxonomy":"product_brand","embeddable":true,"href":"https:\/\/nordicmart.andreevmaster.com\/da\/wp-json\/wp\/v2\/product_brand?post=27158"},{"taxonomy":"product_cat","embeddable":true,"href":"https:\/\/nordicmart.andreevmaster.com\/da\/wp-json\/wp\/v2\/product_cat?post=27158"},{"taxonomy":"product_tag","embeddable":true,"href":"https:\/\/nordicmart.andreevmaster.com\/da\/wp-json\/wp\/v2\/product_tag?post=27158"}],"curies":[{"name":"wp","href":"https:\/\/api.w.org\/{rel}","templated":true}]}}