{"id":27156,"date":"2026-02-27T00:35:42","date_gmt":"2026-02-27T00:35:42","guid":{"rendered":"https:\/\/nordicmart.andreevmaster.com\/product\/woopie-super-trailer-rod-35-kg\/"},"modified":"2026-02-27T09:14:33","modified_gmt":"2026-02-27T09:14:33","slug":"woopie-super-trailer-rod-35-kg","status":"publish","type":"product","link":"https:\/\/nordicmart.andreevmaster.com\/da\/vare\/woopie-super-trailer-rod-35-kg\/","title":{"rendered":"WOOPIE SUPER TRAILER R\u00f8d 35 kg"},"content":{"rendered":"<p>SUPER TRAILER er det perfekte tilbeh\u00f8r til WOOPIE-pedalvogne! Den udm\u00e6rker sig med sit moderne design, solide konstruktion og praktiske tipperfunktion, som g\u00f8r legene mere realistiske. Takket v\u00e6re de holdbare, st\u00f8jsvage hjul og skridsikre forst\u00e6rkninger kan b\u00f8rnene transportere sand, blade eller deres yndlingsleget\u00f8j uden begr\u00e6nsninger. Produktet er fremstillet af materialer af h\u00f8jeste kvalitet, som er milj\u00f8venlige og helt sikre for b\u00f8rn. Det garanterer masser af sjov og aktiv tid udend\u00f8rs!<\/p>\n<p>Egenskaber<\/p>\n<p>* Designet til b\u00f8rn fra 3 \u00e5r<br \/>\n* Sikker, milj\u00f8venlige materialer af h\u00f8jeste kvalitet<br \/>\n* Holdbare, st\u00f8jsvage hjul med skridsikre forst\u00e6rkninger<br \/>\n* Bev\u00e6gelig tipper for mere sjov<br \/>\n* Ergonomisk design for komfort<br \/>\n* Maksimal belastning: 35 kg<br \/>\n* Kompatibel med modeller: GoTrac (koder: 28422, 28439) og MaxTrac (kode: 28415)<\/p>\n<p>Leget\u00f8jet udvikler<\/p>\n<p>* Kreativitet og fantasi under rollespil<br \/>\n* Fysisk kondition og motorisk koordination<br \/>\n* Uafh\u00e6ngighed og ansvarlighed (f.eks. at transportere sin egen &#8220;last&#8221;)<br \/>\n* Evnen til at planl\u00e6gge og organisere leg<br \/>\n* Villighed til at tilbringe tid aktivt udend\u00f8rs<\/p>\n","protected":false},"excerpt":{"rendered":"<p>SUPER TRAILER er det perfekte tilbeh\u00f8r til WOOPIE-pedalvogne! Den udm\u00e6rker sig med sit moderne design, solide konstruktion og praktiske tipperfunktion, som g\u00f8r legene mere realistiske. Takket v\u00e6re de holdbare, st\u00f8jsvage hjul og skridsikre forst\u00e6rkninger kan b\u00f8rnene transportere sand, blade eller deres yndlingsleget\u00f8j uden begr\u00e6nsninger. Produktet er fremstillet af materialer af h\u00f8jeste kvalitet, som er milj\u00f8venlige [&hellip;]<\/p>\n","protected":false},"featured_media":0,"comment_status":"open","ping_status":"closed","template":"","meta":[],"product_brand":[],"product_cat":[31],"product_tag":[],"class_list":{"0":"post-27156","1":"product","2":"type-product","3":"status-publish","5":"product_cat-uncategorized-da","7":"first","8":"instock","9":"shipping-taxable","10":"purchasable","11":"product-type-simple"},"_links":{"self":[{"href":"https:\/\/nordicmart.andreevmaster.com\/da\/wp-json\/wp\/v2\/product\/27156","targetHints":{"allow":["GET"]}}],"collection":[{"href":"https:\/\/nordicmart.andreevmaster.com\/da\/wp-json\/wp\/v2\/product"}],"about":[{"href":"https:\/\/nordicmart.andreevmaster.com\/da\/wp-json\/wp\/v2\/types\/product"}],"replies":[{"embeddable":true,"href":"https:\/\/nordicmart.andreevmaster.com\/da\/wp-json\/wp\/v2\/comments?post=27156"}],"wp:attachment":[{"href":"https:\/\/nordicmart.andreevmaster.com\/da\/wp-json\/wp\/v2\/media?parent=27156"}],"wp:term":[{"taxonomy":"product_brand","embeddable":true,"href":"https:\/\/nordicmart.andreevmaster.com\/da\/wp-json\/wp\/v2\/product_brand?post=27156"},{"taxonomy":"product_cat","embeddable":true,"href":"https:\/\/nordicmart.andreevmaster.com\/da\/wp-json\/wp\/v2\/product_cat?post=27156"},{"taxonomy":"product_tag","embeddable":true,"href":"https:\/\/nordicmart.andreevmaster.com\/da\/wp-json\/wp\/v2\/product_tag?post=27156"}],"curies":[{"name":"wp","href":"https:\/\/api.w.org\/{rel}","templated":true}]}}