{"id":27154,"date":"2026-02-27T00:35:41","date_gmt":"2026-02-27T00:35:41","guid":{"rendered":"https:\/\/nordicmart.andreevmaster.com\/product\/woopie-farmer-gotrac-pedal-traktor-traktor-stille-hjul\/"},"modified":"2026-02-27T09:14:33","modified_gmt":"2026-02-27T09:14:33","slug":"woopie-farmer-gotrac-pedal-traktor-traktor-stille-hjul","status":"publish","type":"product","link":"https:\/\/nordicmart.andreevmaster.com\/da\/vare\/woopie-farmer-gotrac-pedal-traktor-traktor-stille-hjul\/","title":{"rendered":"WOOPIE Farmer GoTrac Pedal Traktor Traktor Stille Hjul"},"content":{"rendered":"<p>Farmer GoTrac pedaltraktor er den perfekte gave til alle b\u00f8rn. Traktoren har et patenteret styresystem, som g\u00f8r den nem at k\u00f8re, selv for de yngste brugere.<\/p>\n<p>Funktioner:<\/p>\n<p>* &#8211; komfortabelt s\u00e6de med 6-trins justering (frem-tilbage)<br \/>\n* &#8211; rat med horn<br \/>\n* &#8211; k\u00e6dedrev p\u00e5 baghjulet sikrer komfort og j\u00e6vn k\u00f8rsel<br \/>\n* &#8211; forreste styreaksel<br \/>\n* &#8211; tr\u00e6krog, som ogs\u00e5 g\u00f8r det muligt at fastg\u00f8re andre genstande<\/p>\n<p>Produktet er fremstillet af milj\u00f8venlige materialer af h\u00f8jeste kvalitet og er fuldst\u00e6ndig sikkert for dit barns sundhed.<\/p>\n<p>Produktet er fremstillet af milj\u00f8venlige materialer af h\u00f8jeste kvalitet og er fuldst\u00e6ndig sikkert for dit barns sundhed.<\/p>\n<p>Woopie er en af Europas f\u00f8rende producenter af plastleget\u00f8j. Woopie-produkter s\u00e6lges med succes p\u00e5 hjemmemarkedet og i hele Europa. Woopie-leget\u00f8j har \u00e9t m\u00e5l \u2013 at bringe gl\u00e6de til b\u00f8rn! Blandt sit brede sortiment tilbyder Woopie karnevalskostumer og udkl\u00e6dningst\u00f8j til b\u00f8rn samt h\u00e6ngende gynger, skumleget\u00f8j, forskellige typer haveleget\u00f8j og meget mere! Lad dig rive med af sjov \u2013 lad dig rive med af Woopie!<\/p>\n","protected":false},"excerpt":{"rendered":"<p>Farmer GoTrac pedaltraktor er den perfekte gave til alle b\u00f8rn. Traktoren har et patenteret styresystem, som g\u00f8r den nem at k\u00f8re, selv for de yngste brugere. Funktioner: * &#8211; komfortabelt s\u00e6de med 6-trins justering (frem-tilbage) * &#8211; rat med horn * &#8211; k\u00e6dedrev p\u00e5 baghjulet sikrer komfort og j\u00e6vn k\u00f8rsel * &#8211; forreste styreaksel * [&hellip;]<\/p>\n","protected":false},"featured_media":0,"comment_status":"open","ping_status":"closed","template":"","meta":[],"product_brand":[],"product_cat":[31],"product_tag":[],"class_list":{"0":"post-27154","1":"product","2":"type-product","3":"status-publish","5":"product_cat-uncategorized-da","7":"first","8":"instock","9":"shipping-taxable","10":"purchasable","11":"product-type-simple"},"_links":{"self":[{"href":"https:\/\/nordicmart.andreevmaster.com\/da\/wp-json\/wp\/v2\/product\/27154","targetHints":{"allow":["GET"]}}],"collection":[{"href":"https:\/\/nordicmart.andreevmaster.com\/da\/wp-json\/wp\/v2\/product"}],"about":[{"href":"https:\/\/nordicmart.andreevmaster.com\/da\/wp-json\/wp\/v2\/types\/product"}],"replies":[{"embeddable":true,"href":"https:\/\/nordicmart.andreevmaster.com\/da\/wp-json\/wp\/v2\/comments?post=27154"}],"wp:attachment":[{"href":"https:\/\/nordicmart.andreevmaster.com\/da\/wp-json\/wp\/v2\/media?parent=27154"}],"wp:term":[{"taxonomy":"product_brand","embeddable":true,"href":"https:\/\/nordicmart.andreevmaster.com\/da\/wp-json\/wp\/v2\/product_brand?post=27154"},{"taxonomy":"product_cat","embeddable":true,"href":"https:\/\/nordicmart.andreevmaster.com\/da\/wp-json\/wp\/v2\/product_cat?post=27154"},{"taxonomy":"product_tag","embeddable":true,"href":"https:\/\/nordicmart.andreevmaster.com\/da\/wp-json\/wp\/v2\/product_tag?post=27154"}],"curies":[{"name":"wp","href":"https:\/\/api.w.org\/{rel}","templated":true}]}}