{"id":27153,"date":"2026-02-27T00:35:41","date_gmt":"2026-02-27T00:35:41","guid":{"rendered":"https:\/\/nordicmart.andreevmaster.com\/product\/woopie-farmer-maxtrac-classic-pedaltraktor-med-skovl-og-bulldozer\/"},"modified":"2026-02-27T09:14:33","modified_gmt":"2026-02-27T09:14:33","slug":"woopie-farmer-maxtrac-classic-pedaltraktor-med-skovl-og-bulldozer","status":"publish","type":"product","link":"https:\/\/nordicmart.andreevmaster.com\/da\/vare\/woopie-farmer-maxtrac-classic-pedaltraktor-med-skovl-og-bulldozer\/","title":{"rendered":"WOOPIE Farmer MaxTrac Classic pedaltraktor med skovl og bulldozer"},"content":{"rendered":"<p>Velkommen til en verden fuld af eventyr med Woopie pedaltraktor \u2013 det perfekte k\u00f8ret\u00f8j til sm\u00e5 opdagelsesrejsende, der elsker aktiv leg udend\u00f8rs. Denne holdbare og sikre traktor er designet til b\u00f8rn, der gerne vil f\u00f8le sig som rigtige f\u00f8rere af entrepren\u00f8rmaskiner. Takket v\u00e6re sin solide konstruktion af h\u00f8jkvalitetsplast og metal er traktoren ikke kun let, men ogs\u00e5 meget holdbar, hvilket giver mulighed for mange timers intens leg. Det ergonomiske s\u00e6de sikrer komfort under k\u00f8rsel, og det kan justeres, s\u00e5 det kan tilpasses barnets h\u00f8jde, s\u00e5 leget\u00f8jet vokser med barnet. Store gummihjul garanterer stabilitet og god tr\u00e6kkraft p\u00e5 forskellige overflader, s\u00e5som gr\u00e6s, grus eller sand, s\u00e5 barnet kan bev\u00e6ge sig sikkert selv p\u00e5 uj\u00e6vnt terr\u00e6n. Den funktionelle skovl foran g\u00f8r det muligt at l\u00f8fte og b\u00e6re sm\u00e5 genstande, hvilket udvikler manuelle f\u00e6rdigheder og h\u00e5nd-\u00f8je-koordination. Derudover l\u00e6rer realistiske betjeningsh\u00e5ndtag og et rat ikke kun dit barn det grundl\u00e6ggende i at k\u00f8re, men stimulerer ogs\u00e5 dets fantasi, s\u00e5 det kan lege, at det er bygningsarbejder eller gravemaskinef\u00f8rer. Dette leget\u00f8j er ikke kun en kilde til gl\u00e6de, men ogs\u00e5 et v\u00e6rdifuldt element i udviklingen \u2013 det tilskynder til bev\u00e6gelse, styrker benmusklerne og forbedrer den generelle fysiske kondition. Det hj\u00e6lper b\u00f8rn med at l\u00e6re uafh\u00e6ngighed og koordination samt udvikle kreativitet gennem rollespil og efterligning af voksne. Dette unikke k\u00f8ret\u00f8j er det perfekte valg til alle sm\u00e5b\u00f8rn, der elsker udend\u00f8rsaktiviteter og at opdage nye muligheder. <\/p>\n<p>Funktioner: <\/p>\n<p>* &#8211; Leget\u00f8j til b\u00f8rn fra 3 \u00e5r<br \/>\n* &#8211; Pedaltraktor \u2013 udvikler b\u00f8rns fysiske kondition og motoriske koordination<br \/>\n* &#8211; Solid konstruktion af holdbart plast og metal \u2013 holdbarhed og sikkerhed<br \/>\n* &#8211; Store gummihjul \u2013 sikrer god tr\u00e6kkraft p\u00e5 forskellige overflader<br \/>\n* &#8211; Funktionel frontskovl \u2013 giver b\u00f8rnene mulighed for at lege med at grave og flytte sm\u00e5 genstande<br \/>\n* &#8211; Ergonomisk, justerbart s\u00e6de \u2013 med 6-trins justering frem og tilbage<br \/>\n* &#8211; Rat med horn og betjeningsh\u00e5ndtag \u2013 realistiske elementer, der udvikler fantasien<br \/>\n* &#8211; Tr\u00e6kkrog til fastg\u00f8relse af tilbeh\u00f8r<br \/>\n* &#8211; Ideel til b\u00e5de indend\u00f8rs og udend\u00f8rs brug<\/p>\n<p>Leget\u00f8jet udvikler:<\/p>\n<p>* &#8211; Grovmotorik \u2013 pedalering, styring og betjening af h\u00e5ndtag<br \/>\n* &#8211; H\u00e5nd-\u00f8je-koordination \u2013 styring af skovl og rat<br \/>\n* &#8211; Fantasi og kreativitet \u2013 leg med byggepladsarbejde<br \/>\n* &#8211; Uafh\u00e6ngighed og selvtillid \u2013 l\u00e6ring af at styre k\u00f8ret\u00f8jet<\/p>\n<p>\u25b6\ufe0f Produktm\u00e5l: 51 x 125 x 51 (cm) \u25b6\ufe0f Pakke m\u00e5l: 51 x 92 x 35,5 (cm)<\/p>\n","protected":false},"excerpt":{"rendered":"<p>Velkommen til en verden fuld af eventyr med Woopie pedaltraktor \u2013 det perfekte k\u00f8ret\u00f8j til sm\u00e5 opdagelsesrejsende, der elsker aktiv leg udend\u00f8rs. Denne holdbare og sikre traktor er designet til b\u00f8rn, der gerne vil f\u00f8le sig som rigtige f\u00f8rere af entrepren\u00f8rmaskiner. Takket v\u00e6re sin solide konstruktion af h\u00f8jkvalitetsplast og metal er traktoren ikke kun let, [&hellip;]<\/p>\n","protected":false},"featured_media":0,"comment_status":"open","ping_status":"closed","template":"","meta":[],"product_brand":[],"product_cat":[31],"product_tag":[],"class_list":{"0":"post-27153","1":"product","2":"type-product","3":"status-publish","5":"product_cat-uncategorized-da","7":"first","8":"instock","9":"shipping-taxable","10":"purchasable","11":"product-type-simple"},"_links":{"self":[{"href":"https:\/\/nordicmart.andreevmaster.com\/da\/wp-json\/wp\/v2\/product\/27153","targetHints":{"allow":["GET"]}}],"collection":[{"href":"https:\/\/nordicmart.andreevmaster.com\/da\/wp-json\/wp\/v2\/product"}],"about":[{"href":"https:\/\/nordicmart.andreevmaster.com\/da\/wp-json\/wp\/v2\/types\/product"}],"replies":[{"embeddable":true,"href":"https:\/\/nordicmart.andreevmaster.com\/da\/wp-json\/wp\/v2\/comments?post=27153"}],"wp:attachment":[{"href":"https:\/\/nordicmart.andreevmaster.com\/da\/wp-json\/wp\/v2\/media?parent=27153"}],"wp:term":[{"taxonomy":"product_brand","embeddable":true,"href":"https:\/\/nordicmart.andreevmaster.com\/da\/wp-json\/wp\/v2\/product_brand?post=27153"},{"taxonomy":"product_cat","embeddable":true,"href":"https:\/\/nordicmart.andreevmaster.com\/da\/wp-json\/wp\/v2\/product_cat?post=27153"},{"taxonomy":"product_tag","embeddable":true,"href":"https:\/\/nordicmart.andreevmaster.com\/da\/wp-json\/wp\/v2\/product_tag?post=27153"}],"curies":[{"name":"wp","href":"https:\/\/api.w.org\/{rel}","templated":true}]}}