{"id":27152,"date":"2026-02-27T00:35:41","date_gmt":"2026-02-27T00:35:41","guid":{"rendered":"https:\/\/nordicmart.andreevmaster.com\/product\/woopie-farmer-powertrac-6v-batteridrevet-traktor\/"},"modified":"2026-02-27T09:14:33","modified_gmt":"2026-02-27T09:14:33","slug":"woopie-farmer-powertrac-6v-batteridrevet-traktor","status":"publish","type":"product","link":"https:\/\/nordicmart.andreevmaster.com\/da\/vare\/woopie-farmer-powertrac-6v-batteridrevet-traktor\/","title":{"rendered":"WOOPIE Farmer PowerTrac 6V batteridrevet traktor"},"content":{"rendered":"<p>Farmer PowerTrac batteridrevet traktor er den perfekte gave til alle b\u00f8rn. Traktoren er designet til b\u00f8rn fra 3 \u00e5r og opefter, er meget nem at styre og g\u00f8r det muligt selv for de yngste brugere at k\u00f8re den med lethed. Produktets maksimale lastekapacitet er 50 kg. Traktoren har en frem- og bakgear, som helt sikkert vil g\u00f8re k\u00f8rslen nemmere, og en horn, takket v\u00e6re hvilken brugeren vil v\u00e6re i stand til at afgive et h\u00f8rbart signal. Af sikkerhedsm\u00e6ssige \u00e5rsager har traktoren en automatisk bremse, der aktiveres, s\u00e5 snart barnet tager foden fra speederen. Traktoren har en 6 V motor med baghjulstr\u00e6k og kredsl\u00f8bsbeskyttelse mod overophedning. Muligheden for ekstern opladning (via batteriet) ved hj\u00e6lp af en oplader er helt sikkert en stor fordel ved dette produkt. <\/p>\n<p>Funktioner: <\/p>\n<p>* Traktoren er meget nem at styre,<br \/>\n* Traktoren har en frem- og bakgear,<br \/>\n* Traktoren har en horn,<br \/>\n* Af sikkerhedsm\u00e6ssige \u00e5rsager har traktoren en automatisk bremse, der aktiveres, s\u00e5 snart barnet tager foden fra speederen,<br \/>\n* Traktoren har en 6 V motor med baghjulstr\u00e6k og kredsl\u00f8bsbeskyttelse mod overophedning,<br \/>\n* Kan oplades eksternt (via batteriet) ved hj\u00e6lp af en oplader,<br \/>\n* Fra 3 \u00e5r.<\/p>\n","protected":false},"excerpt":{"rendered":"<p>Farmer PowerTrac batteridrevet traktor er den perfekte gave til alle b\u00f8rn. Traktoren er designet til b\u00f8rn fra 3 \u00e5r og opefter, er meget nem at styre og g\u00f8r det muligt selv for de yngste brugere at k\u00f8re den med lethed. Produktets maksimale lastekapacitet er 50 kg. Traktoren har en frem- og bakgear, som helt sikkert [&hellip;]<\/p>\n","protected":false},"featured_media":0,"comment_status":"open","ping_status":"closed","template":"","meta":[],"product_brand":[],"product_cat":[31],"product_tag":[],"class_list":{"0":"post-27152","1":"product","2":"type-product","3":"status-publish","5":"product_cat-uncategorized-da","7":"first","8":"instock","9":"shipping-taxable","10":"purchasable","11":"product-type-simple"},"_links":{"self":[{"href":"https:\/\/nordicmart.andreevmaster.com\/da\/wp-json\/wp\/v2\/product\/27152","targetHints":{"allow":["GET"]}}],"collection":[{"href":"https:\/\/nordicmart.andreevmaster.com\/da\/wp-json\/wp\/v2\/product"}],"about":[{"href":"https:\/\/nordicmart.andreevmaster.com\/da\/wp-json\/wp\/v2\/types\/product"}],"replies":[{"embeddable":true,"href":"https:\/\/nordicmart.andreevmaster.com\/da\/wp-json\/wp\/v2\/comments?post=27152"}],"wp:attachment":[{"href":"https:\/\/nordicmart.andreevmaster.com\/da\/wp-json\/wp\/v2\/media?parent=27152"}],"wp:term":[{"taxonomy":"product_brand","embeddable":true,"href":"https:\/\/nordicmart.andreevmaster.com\/da\/wp-json\/wp\/v2\/product_brand?post=27152"},{"taxonomy":"product_cat","embeddable":true,"href":"https:\/\/nordicmart.andreevmaster.com\/da\/wp-json\/wp\/v2\/product_cat?post=27152"},{"taxonomy":"product_tag","embeddable":true,"href":"https:\/\/nordicmart.andreevmaster.com\/da\/wp-json\/wp\/v2\/product_tag?post=27152"}],"curies":[{"name":"wp","href":"https:\/\/api.w.org\/{rel}","templated":true}]}}