{"id":27151,"date":"2026-02-27T00:35:40","date_gmt":"2026-02-27T00:35:40","guid":{"rendered":"https:\/\/nordicmart.andreevmaster.com\/product\/rolly-toys-metal-garden-wheelbarrow-green-2\/"},"modified":"2026-02-27T09:14:32","modified_gmt":"2026-02-27T09:14:32","slug":"rolly-toys-metal-garden-wheelbarrow-green-2","status":"publish","type":"product","link":"https:\/\/nordicmart.andreevmaster.com\/da\/vare\/rolly-toys-metal-garden-wheelbarrow-green-2\/","title":{"rendered":"Rolly Toys Metal Garden Wheelbarrow Green"},"content":{"rendered":"<p>Den gr\u00f8nne trilleb\u00f8r fra Rolly Toys er den perfekte gave til en lille gartner! Den giver dit barn mulighed for at deltage aktivt i havearbejdet, samtidig med at det har det sjovt. Trilleb\u00f8ren giver ikke kun barnet mulighed for at tilbringe tid sammen med sine travle for\u00e6ldre, men udvikler ogs\u00e5 en ansvarsf\u00f8lelse og en vilje til at hj\u00e6lpe. Det er en fantastisk m\u00e5de at tilbringe tid sammen udend\u00f8rs p\u00e5. <\/p>\n<p>EGENSKABER:<\/p>\n<p>&#8211; fremstillet udelukkende af metal, hvilket g\u00f8r den meget holdbar &#8211; lastekapacitet 25 kg &#8211; vejr- og UV-bestandigt materiale &#8211; farverigt og attraktivt design, der opmuntrer b\u00f8rn til at lege og skiller sig ud fra andet haveleget\u00f8j.<\/p>\n","protected":false},"excerpt":{"rendered":"<p>Den gr\u00f8nne trilleb\u00f8r fra Rolly Toys er den perfekte gave til en lille gartner! Den giver dit barn mulighed for at deltage aktivt i havearbejdet, samtidig med at det har det sjovt. Trilleb\u00f8ren giver ikke kun barnet mulighed for at tilbringe tid sammen med sine travle for\u00e6ldre, men udvikler ogs\u00e5 en ansvarsf\u00f8lelse og en vilje [&hellip;]<\/p>\n","protected":false},"featured_media":0,"comment_status":"open","ping_status":"closed","template":"","meta":[],"product_brand":[],"product_cat":[31],"product_tag":[],"class_list":{"0":"post-27151","1":"product","2":"type-product","3":"status-publish","5":"product_cat-uncategorized-da","7":"first","8":"instock","9":"shipping-taxable","10":"purchasable","11":"product-type-simple"},"_links":{"self":[{"href":"https:\/\/nordicmart.andreevmaster.com\/da\/wp-json\/wp\/v2\/product\/27151","targetHints":{"allow":["GET"]}}],"collection":[{"href":"https:\/\/nordicmart.andreevmaster.com\/da\/wp-json\/wp\/v2\/product"}],"about":[{"href":"https:\/\/nordicmart.andreevmaster.com\/da\/wp-json\/wp\/v2\/types\/product"}],"replies":[{"embeddable":true,"href":"https:\/\/nordicmart.andreevmaster.com\/da\/wp-json\/wp\/v2\/comments?post=27151"}],"wp:attachment":[{"href":"https:\/\/nordicmart.andreevmaster.com\/da\/wp-json\/wp\/v2\/media?parent=27151"}],"wp:term":[{"taxonomy":"product_brand","embeddable":true,"href":"https:\/\/nordicmart.andreevmaster.com\/da\/wp-json\/wp\/v2\/product_brand?post=27151"},{"taxonomy":"product_cat","embeddable":true,"href":"https:\/\/nordicmart.andreevmaster.com\/da\/wp-json\/wp\/v2\/product_cat?post=27151"},{"taxonomy":"product_tag","embeddable":true,"href":"https:\/\/nordicmart.andreevmaster.com\/da\/wp-json\/wp\/v2\/product_tag?post=27151"}],"curies":[{"name":"wp","href":"https:\/\/api.w.org\/{rel}","templated":true}]}}