{"id":27150,"date":"2026-02-27T00:35:40","date_gmt":"2026-02-27T00:35:40","guid":{"rendered":"https:\/\/nordicmart.andreevmaster.com\/product\/rolly-toys-tohjulet-metal-trillebor-til-born\/"},"modified":"2026-02-27T09:14:32","modified_gmt":"2026-02-27T09:14:32","slug":"rolly-toys-tohjulet-metal-trillebor-til-born","status":"publish","type":"product","link":"https:\/\/nordicmart.andreevmaster.com\/da\/vare\/rolly-toys-tohjulet-metal-trillebor-til-born\/","title":{"rendered":"Rolly Toys tohjulet metal trilleb\u00f8r til b\u00f8rn"},"content":{"rendered":"<p>En fantastisk gave til en lille gartner. Nu kan dit barn hj\u00e6lpe med havearbejdet og have det sjovt samtidig. Leget\u00f8jet vil inspirere til mange nye legescenarier og samtidig give for\u00e6ldrene mulighed for at tilbringe mere tid sammen med deres barn! Desuden kan trilleb\u00f8ren takket v\u00e6re sin robuste konstruktion b\u00e6re op til 25 kg.<\/p>\n<p>Egenskaber:<\/p>\n<p>&#8211; En fantastisk tilf\u00f8jelse til haveskuret eller sandkassen. &#8211; Trilleb\u00f8ren har en lastekapacitet p\u00e5 25 kg. &#8211; Lastkasse og stel i metal. &#8211; Vejrbestandig og UV-resistent plast. &#8211; 2 hjul giver trilleb\u00f8ren st\u00f8rre stabilitet.<\/p>\n","protected":false},"excerpt":{"rendered":"<p>En fantastisk gave til en lille gartner. Nu kan dit barn hj\u00e6lpe med havearbejdet og have det sjovt samtidig. Leget\u00f8jet vil inspirere til mange nye legescenarier og samtidig give for\u00e6ldrene mulighed for at tilbringe mere tid sammen med deres barn! Desuden kan trilleb\u00f8ren takket v\u00e6re sin robuste konstruktion b\u00e6re op til 25 kg. Egenskaber: &#8211; [&hellip;]<\/p>\n","protected":false},"featured_media":0,"comment_status":"open","ping_status":"closed","template":"","meta":[],"product_brand":[],"product_cat":[31],"product_tag":[],"class_list":{"0":"post-27150","1":"product","2":"type-product","3":"status-publish","5":"product_cat-uncategorized-da","7":"first","8":"instock","9":"shipping-taxable","10":"purchasable","11":"product-type-simple"},"_links":{"self":[{"href":"https:\/\/nordicmart.andreevmaster.com\/da\/wp-json\/wp\/v2\/product\/27150","targetHints":{"allow":["GET"]}}],"collection":[{"href":"https:\/\/nordicmart.andreevmaster.com\/da\/wp-json\/wp\/v2\/product"}],"about":[{"href":"https:\/\/nordicmart.andreevmaster.com\/da\/wp-json\/wp\/v2\/types\/product"}],"replies":[{"embeddable":true,"href":"https:\/\/nordicmart.andreevmaster.com\/da\/wp-json\/wp\/v2\/comments?post=27150"}],"wp:attachment":[{"href":"https:\/\/nordicmart.andreevmaster.com\/da\/wp-json\/wp\/v2\/media?parent=27150"}],"wp:term":[{"taxonomy":"product_brand","embeddable":true,"href":"https:\/\/nordicmart.andreevmaster.com\/da\/wp-json\/wp\/v2\/product_brand?post=27150"},{"taxonomy":"product_cat","embeddable":true,"href":"https:\/\/nordicmart.andreevmaster.com\/da\/wp-json\/wp\/v2\/product_cat?post=27150"},{"taxonomy":"product_tag","embeddable":true,"href":"https:\/\/nordicmart.andreevmaster.com\/da\/wp-json\/wp\/v2\/product_tag?post=27150"}],"curies":[{"name":"wp","href":"https:\/\/api.w.org\/{rel}","templated":true}]}}