{"id":27149,"date":"2026-02-27T00:35:40","date_gmt":"2026-02-27T00:35:40","guid":{"rendered":"https:\/\/nordicmart.andreevmaster.com\/product\/rolly-toys-rollymetallschubkarre-cat-metal-trillebor-til-born\/"},"modified":"2026-02-27T09:14:32","modified_gmt":"2026-02-27T09:14:32","slug":"rolly-toys-rollymetallschubkarre-cat-metal-trillebor-til-born","status":"publish","type":"product","link":"https:\/\/nordicmart.andreevmaster.com\/da\/vare\/rolly-toys-rollymetallschubkarre-cat-metal-trillebor-til-born\/","title":{"rendered":"Rolly Toys rollyMetallschubkarre CAT &#8211; Metal trilleb\u00f8r til b\u00f8rn"},"content":{"rendered":"<p>Denne metalskubber til b\u00f8rn, der er licenseret af CAT og produceret af Rolly Toys, en kendt producent af b\u00f8rnek\u00f8ret\u00f8jer, er perfekt til udend\u00f8rs leg. En fantastisk gave til en lille gartner. Nu kan dit barn hj\u00e6lpe til i haven. Sjov, der bringer travle for\u00e6ldre i haven og deres lille hj\u00e6lper sammen. Takket v\u00e6re sin holdbarhed kan trilleb\u00f8ren rumme op til 25 kg!<\/p>\n<p>EGENSKABER:<\/p>\n<p>&#8211; Leget\u00f8j til b\u00f8rn fra 2 \u00e5r og opefter &#8211; En fantastisk tilf\u00f8jelse til haveskuret eller sandkassen. &#8211; Trilleb\u00f8ren har en lastekapacitet p\u00e5 25 kg. &#8211; Metalskurv og stel. &#8211; Vejr- og UV-bestandig plast.<\/p>\n","protected":false},"excerpt":{"rendered":"<p>Denne metalskubber til b\u00f8rn, der er licenseret af CAT og produceret af Rolly Toys, en kendt producent af b\u00f8rnek\u00f8ret\u00f8jer, er perfekt til udend\u00f8rs leg. En fantastisk gave til en lille gartner. Nu kan dit barn hj\u00e6lpe til i haven. Sjov, der bringer travle for\u00e6ldre i haven og deres lille hj\u00e6lper sammen. Takket v\u00e6re sin holdbarhed [&hellip;]<\/p>\n","protected":false},"featured_media":0,"comment_status":"open","ping_status":"closed","template":"","meta":[],"product_brand":[],"product_cat":[31],"product_tag":[],"class_list":{"0":"post-27149","1":"product","2":"type-product","3":"status-publish","5":"product_cat-uncategorized-da","7":"first","8":"instock","9":"shipping-taxable","10":"purchasable","11":"product-type-simple"},"_links":{"self":[{"href":"https:\/\/nordicmart.andreevmaster.com\/da\/wp-json\/wp\/v2\/product\/27149","targetHints":{"allow":["GET"]}}],"collection":[{"href":"https:\/\/nordicmart.andreevmaster.com\/da\/wp-json\/wp\/v2\/product"}],"about":[{"href":"https:\/\/nordicmart.andreevmaster.com\/da\/wp-json\/wp\/v2\/types\/product"}],"replies":[{"embeddable":true,"href":"https:\/\/nordicmart.andreevmaster.com\/da\/wp-json\/wp\/v2\/comments?post=27149"}],"wp:attachment":[{"href":"https:\/\/nordicmart.andreevmaster.com\/da\/wp-json\/wp\/v2\/media?parent=27149"}],"wp:term":[{"taxonomy":"product_brand","embeddable":true,"href":"https:\/\/nordicmart.andreevmaster.com\/da\/wp-json\/wp\/v2\/product_brand?post=27149"},{"taxonomy":"product_cat","embeddable":true,"href":"https:\/\/nordicmart.andreevmaster.com\/da\/wp-json\/wp\/v2\/product_cat?post=27149"},{"taxonomy":"product_tag","embeddable":true,"href":"https:\/\/nordicmart.andreevmaster.com\/da\/wp-json\/wp\/v2\/product_tag?post=27149"}],"curies":[{"name":"wp","href":"https:\/\/api.w.org\/{rel}","templated":true}]}}