{"id":27147,"date":"2026-02-27T00:35:39","date_gmt":"2026-02-27T00:35:39","guid":{"rendered":"https:\/\/nordicmart.andreevmaster.com\/product\/rod-metal-trillebor-til-born-fra-rolly-toys\/"},"modified":"2026-02-27T09:14:31","modified_gmt":"2026-02-27T09:14:31","slug":"rod-metal-trillebor-til-born-fra-rolly-toys","status":"publish","type":"product","link":"https:\/\/nordicmart.andreevmaster.com\/da\/vare\/rod-metal-trillebor-til-born-fra-rolly-toys\/","title":{"rendered":"R\u00f8d metal trilleb\u00f8r til b\u00f8rn fra Rolly Toys"},"content":{"rendered":"<p>En vidunderlig gave til en lille gartner. Nu kan dit barn hj\u00e6lpe til med havearbejdet. Sjov, der bringer travle for\u00e6ldre i haven og deres lille hj\u00e6lper sammen.* &#8211; fremstillet udelukkende af metal, hvilket g\u00f8r den meget holdbar,<br \/>\n* &#8211; lastekapacitet 25 kg,<br \/>\n* &#8211; vejr- og UV-bestandigt materiale,<br \/>\n* &#8211; produktm\u00e5l: 80 x 41 x 38 (cm),<br \/>\n* &#8211; pakkem\u00e5l: 49,5 x 38,0 x 13,0 (cm).<\/p>\n<p>Dette er et originalt tysk produkt af h\u00f8jeste kvalitet, som dine b\u00f8rn vil have gl\u00e6de af i mange \u00e5r.<\/p>\n","protected":false},"excerpt":{"rendered":"<p>En vidunderlig gave til en lille gartner. Nu kan dit barn hj\u00e6lpe til med havearbejdet. Sjov, der bringer travle for\u00e6ldre i haven og deres lille hj\u00e6lper sammen.* &#8211; fremstillet udelukkende af metal, hvilket g\u00f8r den meget holdbar, * &#8211; lastekapacitet 25 kg, * &#8211; vejr- og UV-bestandigt materiale, * &#8211; produktm\u00e5l: 80 x 41 x [&hellip;]<\/p>\n","protected":false},"featured_media":0,"comment_status":"open","ping_status":"closed","template":"","meta":[],"product_brand":[],"product_cat":[31],"product_tag":[],"class_list":{"0":"post-27147","1":"product","2":"type-product","3":"status-publish","5":"product_cat-uncategorized-da","7":"first","8":"instock","9":"shipping-taxable","10":"purchasable","11":"product-type-simple"},"_links":{"self":[{"href":"https:\/\/nordicmart.andreevmaster.com\/da\/wp-json\/wp\/v2\/product\/27147","targetHints":{"allow":["GET"]}}],"collection":[{"href":"https:\/\/nordicmart.andreevmaster.com\/da\/wp-json\/wp\/v2\/product"}],"about":[{"href":"https:\/\/nordicmart.andreevmaster.com\/da\/wp-json\/wp\/v2\/types\/product"}],"replies":[{"embeddable":true,"href":"https:\/\/nordicmart.andreevmaster.com\/da\/wp-json\/wp\/v2\/comments?post=27147"}],"wp:attachment":[{"href":"https:\/\/nordicmart.andreevmaster.com\/da\/wp-json\/wp\/v2\/media?parent=27147"}],"wp:term":[{"taxonomy":"product_brand","embeddable":true,"href":"https:\/\/nordicmart.andreevmaster.com\/da\/wp-json\/wp\/v2\/product_brand?post=27147"},{"taxonomy":"product_cat","embeddable":true,"href":"https:\/\/nordicmart.andreevmaster.com\/da\/wp-json\/wp\/v2\/product_cat?post=27147"},{"taxonomy":"product_tag","embeddable":true,"href":"https:\/\/nordicmart.andreevmaster.com\/da\/wp-json\/wp\/v2\/product_tag?post=27147"}],"curies":[{"name":"wp","href":"https:\/\/api.w.org\/{rel}","templated":true}]}}