{"id":27146,"date":"2026-02-27T00:35:39","date_gmt":"2026-02-27T00:35:39","guid":{"rendered":"https:\/\/nordicmart.andreevmaster.com\/product\/figur-saint-michael-kaemper-mod-dragen-polyresin-mc-23146\/"},"modified":"2026-02-27T09:14:31","modified_gmt":"2026-02-27T09:14:31","slug":"figur-saint-michael-kaemper-mod-dragen-polyresin-mc-23146","status":"publish","type":"product","link":"https:\/\/nordicmart.andreevmaster.com\/da\/vare\/figur-saint-michael-kaemper-mod-dragen-polyresin-mc-23146\/","title":{"rendered":"Figur Saint Michael k\u00e6mper mod dragen &#8211; polyresin &#8211; MC-23146"},"content":{"rendered":"<p>Figur af Sankt Michael i kamp med dragen &#8211; polyresin &#8211; MC-23146&nbsp;&nbsp;\u00c6rkeenglen Michael er den mytiske forsvarer af himlen, leder af engleh\u00e6ren og sejrherre over Satan. Polyresin-figurinen viser ham med et sv\u00e6rd, mens han k\u00e6mper mod helvedes fyrste, der er personificeret af en drage.&nbsp;&nbsp;Produktinformation:&nbsp;M\u00e5l: h\u00f8jde 13,5 cm x bredde 12 cm x dybde 6 cmMateriale: polyresinSolidt h\u00e5ndv\u00e6rk: Polyresin er et holdbart materiale, der er modstandsdygtigt over for skader.Symbol p\u00e5 h\u00e5b: Sankt Mikael-figurinen er en p\u00e5mindelse om, at det gode altid vinder.Ideel gave: perfekt gaveid\u00e9 til dig selv eller en elsket.&nbsp;<\/p>\n","protected":false},"excerpt":{"rendered":"<p>Figur af Sankt Michael i kamp med dragen &#8211; polyresin &#8211; MC-23146&nbsp;&nbsp;\u00c6rkeenglen Michael er den mytiske forsvarer af himlen, leder af engleh\u00e6ren og sejrherre over Satan. Polyresin-figurinen viser ham med et sv\u00e6rd, mens han k\u00e6mper mod helvedes fyrste, der er personificeret af en drage.&nbsp;&nbsp;Produktinformation:&nbsp;M\u00e5l: h\u00f8jde 13,5 cm x bredde 12 cm x dybde 6 cmMateriale: [&hellip;]<\/p>\n","protected":false},"featured_media":44929,"comment_status":"open","ping_status":"closed","template":"","meta":[],"product_brand":[],"product_cat":[31],"product_tag":[],"class_list":{"0":"post-27146","1":"product","2":"type-product","3":"status-publish","4":"has-post-thumbnail","6":"product_cat-uncategorized-da","8":"first","9":"instock","10":"shipping-taxable","11":"purchasable","12":"product-type-simple"},"_links":{"self":[{"href":"https:\/\/nordicmart.andreevmaster.com\/da\/wp-json\/wp\/v2\/product\/27146","targetHints":{"allow":["GET"]}}],"collection":[{"href":"https:\/\/nordicmart.andreevmaster.com\/da\/wp-json\/wp\/v2\/product"}],"about":[{"href":"https:\/\/nordicmart.andreevmaster.com\/da\/wp-json\/wp\/v2\/types\/product"}],"replies":[{"embeddable":true,"href":"https:\/\/nordicmart.andreevmaster.com\/da\/wp-json\/wp\/v2\/comments?post=27146"}],"wp:featuredmedia":[{"embeddable":true,"href":"https:\/\/nordicmart.andreevmaster.com\/da\/wp-json\/wp\/v2\/media\/44929"}],"wp:attachment":[{"href":"https:\/\/nordicmart.andreevmaster.com\/da\/wp-json\/wp\/v2\/media?parent=27146"}],"wp:term":[{"taxonomy":"product_brand","embeddable":true,"href":"https:\/\/nordicmart.andreevmaster.com\/da\/wp-json\/wp\/v2\/product_brand?post=27146"},{"taxonomy":"product_cat","embeddable":true,"href":"https:\/\/nordicmart.andreevmaster.com\/da\/wp-json\/wp\/v2\/product_cat?post=27146"},{"taxonomy":"product_tag","embeddable":true,"href":"https:\/\/nordicmart.andreevmaster.com\/da\/wp-json\/wp\/v2\/product_tag?post=27146"}],"curies":[{"name":"wp","href":"https:\/\/api.w.org\/{rel}","templated":true}]}}