{"id":27145,"date":"2026-02-27T00:35:39","date_gmt":"2026-02-27T00:35:39","guid":{"rendered":"https:\/\/nordicmart.andreevmaster.com\/product\/viking-dekorativ-figur-hojde-205-cm-mc-23143\/"},"modified":"2026-02-27T09:14:31","modified_gmt":"2026-02-27T09:14:31","slug":"viking-dekorativ-figur-hojde-205-cm-mc-23143","status":"publish","type":"product","link":"https:\/\/nordicmart.andreevmaster.com\/da\/vare\/viking-dekorativ-figur-hojde-205-cm-mc-23143\/","title":{"rendered":"Viking &#8211; Dekorativ figur &#8211; H\u00f8jde 20,5 cm &#8211; MC-23143"},"content":{"rendered":"<p>Viking &#8211; Dekorativ figur &#8211; H\u00f8jde 20,5 cm &#8211; MC-23143&nbsp;&nbsp;Figuren forestiller en kraftig viking if\u00f8rt en karakteristisk hjelm, der l\u00f8fter et sv\u00e6rd over hovedet i en kampstilling.&nbsp;Det er en perfekt gave til elskere af historie, nordisk mytologi og unikke dekorationer inspireret af vikingekulturen.&nbsp;Fremstillet af polyresin af h\u00f8j kvalitet. &nbsp;Vikingerne var frygtl\u00f8se s\u00f8farere og krigere, der strejfede omkring i Europa i det 8. til 11. \u00e5rhundrede, erobrede nye lande og inspirerede \u00e6refrygt med deres tapperhed. De symboliserer styrke, beslutsomhed og eventyrlyst.&nbsp;&nbsp;Produktinformation:&nbsp;M\u00e5l: H\u00f8jde 20,5 cm x bredde 13 cm x l\u00e6ngde 8 cm. Materiale: polyresin Den perfekte gaveid\u00e9 til historieinteresserede&nbsp;<\/p>\n","protected":false},"excerpt":{"rendered":"<p>Viking &#8211; Dekorativ figur &#8211; H\u00f8jde 20,5 cm &#8211; MC-23143&nbsp;&nbsp;Figuren forestiller en kraftig viking if\u00f8rt en karakteristisk hjelm, der l\u00f8fter et sv\u00e6rd over hovedet i en kampstilling.&nbsp;Det er en perfekt gave til elskere af historie, nordisk mytologi og unikke dekorationer inspireret af vikingekulturen.&nbsp;Fremstillet af polyresin af h\u00f8j kvalitet. &nbsp;Vikingerne var frygtl\u00f8se s\u00f8farere og krigere, der [&hellip;]<\/p>\n","protected":false},"featured_media":44928,"comment_status":"open","ping_status":"closed","template":"","meta":[],"product_brand":[],"product_cat":[31],"product_tag":[],"class_list":{"0":"post-27145","1":"product","2":"type-product","3":"status-publish","4":"has-post-thumbnail","6":"product_cat-uncategorized-da","8":"first","9":"instock","10":"shipping-taxable","11":"purchasable","12":"product-type-simple"},"_links":{"self":[{"href":"https:\/\/nordicmart.andreevmaster.com\/da\/wp-json\/wp\/v2\/product\/27145","targetHints":{"allow":["GET"]}}],"collection":[{"href":"https:\/\/nordicmart.andreevmaster.com\/da\/wp-json\/wp\/v2\/product"}],"about":[{"href":"https:\/\/nordicmart.andreevmaster.com\/da\/wp-json\/wp\/v2\/types\/product"}],"replies":[{"embeddable":true,"href":"https:\/\/nordicmart.andreevmaster.com\/da\/wp-json\/wp\/v2\/comments?post=27145"}],"wp:featuredmedia":[{"embeddable":true,"href":"https:\/\/nordicmart.andreevmaster.com\/da\/wp-json\/wp\/v2\/media\/44928"}],"wp:attachment":[{"href":"https:\/\/nordicmart.andreevmaster.com\/da\/wp-json\/wp\/v2\/media?parent=27145"}],"wp:term":[{"taxonomy":"product_brand","embeddable":true,"href":"https:\/\/nordicmart.andreevmaster.com\/da\/wp-json\/wp\/v2\/product_brand?post=27145"},{"taxonomy":"product_cat","embeddable":true,"href":"https:\/\/nordicmart.andreevmaster.com\/da\/wp-json\/wp\/v2\/product_cat?post=27145"},{"taxonomy":"product_tag","embeddable":true,"href":"https:\/\/nordicmart.andreevmaster.com\/da\/wp-json\/wp\/v2\/product_tag?post=27145"}],"curies":[{"name":"wp","href":"https:\/\/api.w.org\/{rel}","templated":true}]}}