{"id":27144,"date":"2026-02-27T00:35:38","date_gmt":"2026-02-27T00:35:38","guid":{"rendered":"https:\/\/nordicmart.andreevmaster.com\/product\/viking-dekorativ-figur-mc-23142\/"},"modified":"2026-02-27T09:14:31","modified_gmt":"2026-02-27T09:14:31","slug":"viking-dekorativ-figur-mc-23142","status":"publish","type":"product","link":"https:\/\/nordicmart.andreevmaster.com\/da\/vare\/viking-dekorativ-figur-mc-23142\/","title":{"rendered":"Viking &#8211; Dekorativ figur &#8211; MC-23142"},"content":{"rendered":"<p>Viking &#8211; Dekorativ figur &#8211; MC-23142&nbsp;&nbsp;Figuren viser en vikingekriger p\u00e5 jagt. Den er en ideel gave til elskere af historie, nordisk mytologi og originale dekorationer.&nbsp;Vikingefiguren er lavet af polyresin af h\u00f8j kvalitet og imponerer med sin sans for detaljer. Dens m\u00f8rke farver og detaljerede finish passer perfekt ind i moderne eller loftagtige indretninger.&nbsp;&nbsp;Produktinformation:&nbsp;M\u00e5l: h\u00f8jde 19,5 cm, bredde 15 cm, dybde 7 cm.V\u00e6gt: 0,45 kgMateriale: polyresinPerfekt gaveid\u00e9&nbsp;<\/p>\n","protected":false},"excerpt":{"rendered":"<p>Viking &#8211; Dekorativ figur &#8211; MC-23142&nbsp;&nbsp;Figuren viser en vikingekriger p\u00e5 jagt. Den er en ideel gave til elskere af historie, nordisk mytologi og originale dekorationer.&nbsp;Vikingefiguren er lavet af polyresin af h\u00f8j kvalitet og imponerer med sin sans for detaljer. Dens m\u00f8rke farver og detaljerede finish passer perfekt ind i moderne eller loftagtige indretninger.&nbsp;&nbsp;Produktinformation:&nbsp;M\u00e5l: h\u00f8jde 19,5 [&hellip;]<\/p>\n","protected":false},"featured_media":44927,"comment_status":"open","ping_status":"closed","template":"","meta":[],"product_brand":[],"product_cat":[31],"product_tag":[],"class_list":{"0":"post-27144","1":"product","2":"type-product","3":"status-publish","4":"has-post-thumbnail","6":"product_cat-uncategorized-da","8":"first","9":"instock","10":"shipping-taxable","11":"purchasable","12":"product-type-simple"},"_links":{"self":[{"href":"https:\/\/nordicmart.andreevmaster.com\/da\/wp-json\/wp\/v2\/product\/27144","targetHints":{"allow":["GET"]}}],"collection":[{"href":"https:\/\/nordicmart.andreevmaster.com\/da\/wp-json\/wp\/v2\/product"}],"about":[{"href":"https:\/\/nordicmart.andreevmaster.com\/da\/wp-json\/wp\/v2\/types\/product"}],"replies":[{"embeddable":true,"href":"https:\/\/nordicmart.andreevmaster.com\/da\/wp-json\/wp\/v2\/comments?post=27144"}],"wp:featuredmedia":[{"embeddable":true,"href":"https:\/\/nordicmart.andreevmaster.com\/da\/wp-json\/wp\/v2\/media\/44927"}],"wp:attachment":[{"href":"https:\/\/nordicmart.andreevmaster.com\/da\/wp-json\/wp\/v2\/media?parent=27144"}],"wp:term":[{"taxonomy":"product_brand","embeddable":true,"href":"https:\/\/nordicmart.andreevmaster.com\/da\/wp-json\/wp\/v2\/product_brand?post=27144"},{"taxonomy":"product_cat","embeddable":true,"href":"https:\/\/nordicmart.andreevmaster.com\/da\/wp-json\/wp\/v2\/product_cat?post=27144"},{"taxonomy":"product_tag","embeddable":true,"href":"https:\/\/nordicmart.andreevmaster.com\/da\/wp-json\/wp\/v2\/product_tag?post=27144"}],"curies":[{"name":"wp","href":"https:\/\/api.w.org\/{rel}","templated":true}]}}