{"id":27143,"date":"2026-02-27T00:35:38","date_gmt":"2026-02-27T00:35:38","guid":{"rendered":"https:\/\/nordicmart.andreevmaster.com\/product\/korsridderfigur-185-cm-polyresin-mc-23133\/"},"modified":"2026-02-27T09:14:30","modified_gmt":"2026-02-27T09:14:30","slug":"korsridderfigur-185-cm-polyresin-mc-23133","status":"publish","type":"product","link":"https:\/\/nordicmart.andreevmaster.com\/da\/vare\/korsridderfigur-185-cm-polyresin-mc-23133\/","title":{"rendered":"Korsridderfigur 18,5 cm &#8211; Polyresin &#8211; MC-23133"},"content":{"rendered":"<p>Korsridderfigur 18,5 cm &#8211; Polyresin &#8211; MC-23133&nbsp;Figur af en korsridder bev\u00e6bnet med skjold og \u00f8kse. Perfekt dekoration til et arbejdsv\u00e6relse, stue, bibliotek eller som gave til en elsker af historie, militaria eller middelalderen.&nbsp;Produktinformation:&nbsp;H\u00f8jde: 18,5 cm Bredde: 10 cm Dybde: 7,5 cm Materiale: polyresin H\u00e5ndmalet &#8211; unikt udseende og opm\u00e6rksomhed for detaljer Stiliseret som en ridder af korsfarerordenen Stabil base&nbsp;Perfekt som gave: til en samler af historiske figurer til en fan af middelalderen og Tempelridderne som et element i indretningen i klassisk eller fantasistil til f\u00f8dselsdag, navnedag, fars dag<\/p>\n","protected":false},"excerpt":{"rendered":"<p>Korsridderfigur 18,5 cm &#8211; Polyresin &#8211; MC-23133&nbsp;Figur af en korsridder bev\u00e6bnet med skjold og \u00f8kse. Perfekt dekoration til et arbejdsv\u00e6relse, stue, bibliotek eller som gave til en elsker af historie, militaria eller middelalderen.&nbsp;Produktinformation:&nbsp;H\u00f8jde: 18,5 cm Bredde: 10 cm Dybde: 7,5 cm Materiale: polyresin H\u00e5ndmalet &#8211; unikt udseende og opm\u00e6rksomhed for detaljer Stiliseret som en ridder [&hellip;]<\/p>\n","protected":false},"featured_media":44926,"comment_status":"open","ping_status":"closed","template":"","meta":[],"product_brand":[],"product_cat":[31],"product_tag":[],"class_list":{"0":"post-27143","1":"product","2":"type-product","3":"status-publish","4":"has-post-thumbnail","6":"product_cat-uncategorized-da","8":"first","9":"instock","10":"shipping-taxable","11":"purchasable","12":"product-type-simple"},"_links":{"self":[{"href":"https:\/\/nordicmart.andreevmaster.com\/da\/wp-json\/wp\/v2\/product\/27143","targetHints":{"allow":["GET"]}}],"collection":[{"href":"https:\/\/nordicmart.andreevmaster.com\/da\/wp-json\/wp\/v2\/product"}],"about":[{"href":"https:\/\/nordicmart.andreevmaster.com\/da\/wp-json\/wp\/v2\/types\/product"}],"replies":[{"embeddable":true,"href":"https:\/\/nordicmart.andreevmaster.com\/da\/wp-json\/wp\/v2\/comments?post=27143"}],"wp:featuredmedia":[{"embeddable":true,"href":"https:\/\/nordicmart.andreevmaster.com\/da\/wp-json\/wp\/v2\/media\/44926"}],"wp:attachment":[{"href":"https:\/\/nordicmart.andreevmaster.com\/da\/wp-json\/wp\/v2\/media?parent=27143"}],"wp:term":[{"taxonomy":"product_brand","embeddable":true,"href":"https:\/\/nordicmart.andreevmaster.com\/da\/wp-json\/wp\/v2\/product_brand?post=27143"},{"taxonomy":"product_cat","embeddable":true,"href":"https:\/\/nordicmart.andreevmaster.com\/da\/wp-json\/wp\/v2\/product_cat?post=27143"},{"taxonomy":"product_tag","embeddable":true,"href":"https:\/\/nordicmart.andreevmaster.com\/da\/wp-json\/wp\/v2\/product_tag?post=27143"}],"curies":[{"name":"wp","href":"https:\/\/api.w.org\/{rel}","templated":true}]}}