{"id":27142,"date":"2026-02-27T00:35:38","date_gmt":"2026-02-27T00:35:38","guid":{"rendered":"https:\/\/nordicmart.andreevmaster.com\/product\/ridderfigur-med-spyd-hojde-20-cm-polyresin-mc-23080\/"},"modified":"2026-02-27T09:14:30","modified_gmt":"2026-02-27T09:14:30","slug":"ridderfigur-med-spyd-hojde-20-cm-polyresin-mc-23080","status":"publish","type":"product","link":"https:\/\/nordicmart.andreevmaster.com\/da\/vare\/ridderfigur-med-spyd-hojde-20-cm-polyresin-mc-23080\/","title":{"rendered":"Ridderfigur med spyd &#8211; H\u00f8jde 20 cm Polyresin \u2013 MC-23080"},"content":{"rendered":"<p>Ridderfigur med spyd &#8211; H\u00f8jde 20 cm Polyresin &ndash; MC-23080&nbsp;&nbsp;Dekorativ figur, der viser en middelalderlig ridder med spyd og skjold. Produktet er fremstillet af holdbart polyresin og har en h\u00f8j grad af detaljeret gengivelse og et klassisk farveskema, der imiterer en metallisk finish. Figuren er h\u00e5ndmalet, hvilket understreger dens dekorative karakter.&nbsp;Perfekt som indretningselement, temagave eller tilf\u00f8jelse til en samling af milit\u00e6re og middelalderlige replikaer.&nbsp;Tekniske specifikationer:&nbsp;Materiale: PolyresinH\u00f8jde: 20 cmBredde: 8 cmDybde: 7 cmH\u00e5ndmalet&nbsp;N\u00f8glefunktioner:&nbsp;H\u00e5ndmalet design, der fremh\u00e6ver figurens unikke karakterRobust konstruktionDekorativ form inspireret af historiske temaerBeskyttende emballage, der sikrer sikker transport&nbsp;<\/p>\n","protected":false},"excerpt":{"rendered":"<p>Ridderfigur med spyd &#8211; H\u00f8jde 20 cm Polyresin &ndash; MC-23080&nbsp;&nbsp;Dekorativ figur, der viser en middelalderlig ridder med spyd og skjold. Produktet er fremstillet af holdbart polyresin og har en h\u00f8j grad af detaljeret gengivelse og et klassisk farveskema, der imiterer en metallisk finish. Figuren er h\u00e5ndmalet, hvilket understreger dens dekorative karakter.&nbsp;Perfekt som indretningselement, temagave eller [&hellip;]<\/p>\n","protected":false},"featured_media":44925,"comment_status":"open","ping_status":"closed","template":"","meta":[],"product_brand":[],"product_cat":[31],"product_tag":[],"class_list":{"0":"post-27142","1":"product","2":"type-product","3":"status-publish","4":"has-post-thumbnail","6":"product_cat-uncategorized-da","8":"first","9":"instock","10":"shipping-taxable","11":"purchasable","12":"product-type-simple"},"_links":{"self":[{"href":"https:\/\/nordicmart.andreevmaster.com\/da\/wp-json\/wp\/v2\/product\/27142","targetHints":{"allow":["GET"]}}],"collection":[{"href":"https:\/\/nordicmart.andreevmaster.com\/da\/wp-json\/wp\/v2\/product"}],"about":[{"href":"https:\/\/nordicmart.andreevmaster.com\/da\/wp-json\/wp\/v2\/types\/product"}],"replies":[{"embeddable":true,"href":"https:\/\/nordicmart.andreevmaster.com\/da\/wp-json\/wp\/v2\/comments?post=27142"}],"wp:featuredmedia":[{"embeddable":true,"href":"https:\/\/nordicmart.andreevmaster.com\/da\/wp-json\/wp\/v2\/media\/44925"}],"wp:attachment":[{"href":"https:\/\/nordicmart.andreevmaster.com\/da\/wp-json\/wp\/v2\/media?parent=27142"}],"wp:term":[{"taxonomy":"product_brand","embeddable":true,"href":"https:\/\/nordicmart.andreevmaster.com\/da\/wp-json\/wp\/v2\/product_brand?post=27142"},{"taxonomy":"product_cat","embeddable":true,"href":"https:\/\/nordicmart.andreevmaster.com\/da\/wp-json\/wp\/v2\/product_cat?post=27142"},{"taxonomy":"product_tag","embeddable":true,"href":"https:\/\/nordicmart.andreevmaster.com\/da\/wp-json\/wp\/v2\/product_tag?post=27142"}],"curies":[{"name":"wp","href":"https:\/\/api.w.org\/{rel}","templated":true}]}}