{"id":27141,"date":"2026-02-27T00:35:38","date_gmt":"2026-02-27T00:35:38","guid":{"rendered":"https:\/\/nordicmart.andreevmaster.com\/product\/noglering-messingflojte-kr64\/"},"modified":"2026-02-27T09:14:30","modified_gmt":"2026-02-27T09:14:30","slug":"noglering-messingflojte-kr64","status":"publish","type":"product","link":"https:\/\/nordicmart.andreevmaster.com\/da\/vare\/noglering-messingflojte-kr64\/","title":{"rendered":"N\u00f8glering &#8211; Messingfl\u00f8jte &#8211; KR64"},"content":{"rendered":"<p>N\u00f8glering &#8211; Messingfl\u00f8jte &#8211; KR64&nbsp;&nbsp;&nbsp;Fl\u00f8jten\u00f8glering lavet af messing. Ved hj\u00e6lp af en fastg\u00f8relse kan den fastg\u00f8res til n\u00f8glerne eller h\u00e6nges p\u00e5 en k\u00e6de. Det er en lille, men nyttig gadget til en politibetjent, overlevelsesentusiast eller hundetr\u00e6ner.&nbsp;&nbsp;Produktinformation: &nbsp;Materiale: messingFastg\u00f8relse: karabinhageFarve: guldDimensioner: l\u00e6ngde: 6,5 cm, diameter: 1,6 cm&nbsp;<\/p>\n","protected":false},"excerpt":{"rendered":"<p>N\u00f8glering &#8211; Messingfl\u00f8jte &#8211; KR64&nbsp;&nbsp;&nbsp;Fl\u00f8jten\u00f8glering lavet af messing. Ved hj\u00e6lp af en fastg\u00f8relse kan den fastg\u00f8res til n\u00f8glerne eller h\u00e6nges p\u00e5 en k\u00e6de. Det er en lille, men nyttig gadget til en politibetjent, overlevelsesentusiast eller hundetr\u00e6ner.&nbsp;&nbsp;Produktinformation: &nbsp;Materiale: messingFastg\u00f8relse: karabinhageFarve: guldDimensioner: l\u00e6ngde: 6,5 cm, diameter: 1,6 cm&nbsp;<\/p>\n","protected":false},"featured_media":44924,"comment_status":"open","ping_status":"closed","template":"","meta":[],"product_brand":[],"product_cat":[31],"product_tag":[],"class_list":{"0":"post-27141","1":"product","2":"type-product","3":"status-publish","4":"has-post-thumbnail","6":"product_cat-uncategorized-da","8":"first","9":"instock","10":"shipping-taxable","11":"purchasable","12":"product-type-simple"},"_links":{"self":[{"href":"https:\/\/nordicmart.andreevmaster.com\/da\/wp-json\/wp\/v2\/product\/27141","targetHints":{"allow":["GET"]}}],"collection":[{"href":"https:\/\/nordicmart.andreevmaster.com\/da\/wp-json\/wp\/v2\/product"}],"about":[{"href":"https:\/\/nordicmart.andreevmaster.com\/da\/wp-json\/wp\/v2\/types\/product"}],"replies":[{"embeddable":true,"href":"https:\/\/nordicmart.andreevmaster.com\/da\/wp-json\/wp\/v2\/comments?post=27141"}],"wp:featuredmedia":[{"embeddable":true,"href":"https:\/\/nordicmart.andreevmaster.com\/da\/wp-json\/wp\/v2\/media\/44924"}],"wp:attachment":[{"href":"https:\/\/nordicmart.andreevmaster.com\/da\/wp-json\/wp\/v2\/media?parent=27141"}],"wp:term":[{"taxonomy":"product_brand","embeddable":true,"href":"https:\/\/nordicmart.andreevmaster.com\/da\/wp-json\/wp\/v2\/product_brand?post=27141"},{"taxonomy":"product_cat","embeddable":true,"href":"https:\/\/nordicmart.andreevmaster.com\/da\/wp-json\/wp\/v2\/product_cat?post=27141"},{"taxonomy":"product_tag","embeddable":true,"href":"https:\/\/nordicmart.andreevmaster.com\/da\/wp-json\/wp\/v2\/product_tag?post=27141"}],"curies":[{"name":"wp","href":"https:\/\/api.w.org\/{rel}","templated":true}]}}