{"id":27140,"date":"2026-02-27T00:35:37","date_gmt":"2026-02-27T00:35:37","guid":{"rendered":"https:\/\/nordicmart.andreevmaster.com\/product\/messing-noglering-kompas-i-traekasse-med-glaslag-kr30\/"},"modified":"2026-02-27T09:14:30","modified_gmt":"2026-02-27T09:14:30","slug":"messing-noglering-kompas-i-traekasse-med-glaslag-kr30","status":"publish","type":"product","link":"https:\/\/nordicmart.andreevmaster.com\/da\/vare\/messing-noglering-kompas-i-traekasse-med-glaslag-kr30\/","title":{"rendered":"Messing n\u00f8glering &#8211; kompas i tr\u00e6kasse med glasl\u00e5g &#8211; KR30"},"content":{"rendered":"<p>Messing n\u00f8glering &#8211; kompas i tr\u00e6kasse med glasl\u00e5g &#8211; KR30&nbsp;&nbsp;&nbsp;Kompas n\u00f8glering er en nyttig gave til en elsker af nautiske accenter, spejder eller rejsende. Den klassiske tr\u00e6kasse med glasl\u00e5g g\u00f8r det muligt at opbevare n\u00f8gleringen sikkert og elegant. Denne blanding af funktionalitet og elegance g\u00f8r den til en god id\u00e9 til en us\u00e6dvanlig gave.&nbsp;&nbsp;&nbsp;Produktinformation:&nbsp;Kompassets diameter: 3,5 cmMateriale: messingFarve p\u00e5 skiven: sortFastg\u00f8relse: karabinhage Tr\u00e6kasse med glasl\u00e5g&nbsp;<\/p>\n","protected":false},"excerpt":{"rendered":"<p>Messing n\u00f8glering &#8211; kompas i tr\u00e6kasse med glasl\u00e5g &#8211; KR30&nbsp;&nbsp;&nbsp;Kompas n\u00f8glering er en nyttig gave til en elsker af nautiske accenter, spejder eller rejsende. Den klassiske tr\u00e6kasse med glasl\u00e5g g\u00f8r det muligt at opbevare n\u00f8gleringen sikkert og elegant. Denne blanding af funktionalitet og elegance g\u00f8r den til en god id\u00e9 til en us\u00e6dvanlig gave.&nbsp;&nbsp;&nbsp;Produktinformation:&nbsp;Kompassets diameter: [&hellip;]<\/p>\n","protected":false},"featured_media":44923,"comment_status":"open","ping_status":"closed","template":"","meta":[],"product_brand":[],"product_cat":[31],"product_tag":[],"class_list":{"0":"post-27140","1":"product","2":"type-product","3":"status-publish","4":"has-post-thumbnail","6":"product_cat-uncategorized-da","8":"first","9":"instock","10":"shipping-taxable","11":"purchasable","12":"product-type-simple"},"_links":{"self":[{"href":"https:\/\/nordicmart.andreevmaster.com\/da\/wp-json\/wp\/v2\/product\/27140","targetHints":{"allow":["GET"]}}],"collection":[{"href":"https:\/\/nordicmart.andreevmaster.com\/da\/wp-json\/wp\/v2\/product"}],"about":[{"href":"https:\/\/nordicmart.andreevmaster.com\/da\/wp-json\/wp\/v2\/types\/product"}],"replies":[{"embeddable":true,"href":"https:\/\/nordicmart.andreevmaster.com\/da\/wp-json\/wp\/v2\/comments?post=27140"}],"wp:featuredmedia":[{"embeddable":true,"href":"https:\/\/nordicmart.andreevmaster.com\/da\/wp-json\/wp\/v2\/media\/44923"}],"wp:attachment":[{"href":"https:\/\/nordicmart.andreevmaster.com\/da\/wp-json\/wp\/v2\/media?parent=27140"}],"wp:term":[{"taxonomy":"product_brand","embeddable":true,"href":"https:\/\/nordicmart.andreevmaster.com\/da\/wp-json\/wp\/v2\/product_brand?post=27140"},{"taxonomy":"product_cat","embeddable":true,"href":"https:\/\/nordicmart.andreevmaster.com\/da\/wp-json\/wp\/v2\/product_cat?post=27140"},{"taxonomy":"product_tag","embeddable":true,"href":"https:\/\/nordicmart.andreevmaster.com\/da\/wp-json\/wp\/v2\/product_tag?post=27140"}],"curies":[{"name":"wp","href":"https:\/\/api.w.org\/{rel}","templated":true}]}}