{"id":27139,"date":"2026-02-27T00:35:37","date_gmt":"2026-02-27T00:35:37","guid":{"rendered":"https:\/\/nordicmart.andreevmaster.com\/product\/hestesko-af-messing-7-cm-hs3\/"},"modified":"2026-02-27T09:14:30","modified_gmt":"2026-02-27T09:14:30","slug":"hestesko-af-messing-7-cm-hs3","status":"publish","type":"product","link":"https:\/\/nordicmart.andreevmaster.com\/da\/vare\/hestesko-af-messing-7-cm-hs3\/","title":{"rendered":"Hestesko af messing 7 cm \u2013 HS3"},"content":{"rendered":"<p>Hestesko lavet af messing 7 cm \u2013 HS3&nbsp;&nbsp;&nbsp;Elegant hestesko lavet af messing. P\u00e5 hesteskoen er der en indskrift p\u00e5 engelsk: Good Luck.&nbsp;Hestesko er et meget ber\u00f8mt symbol, der bringer held og lykke. I dag h\u00e6nges hestesko op i form af et &#8220;U&#8221;, is\u00e6r p\u00e5 d\u00f8ren, s\u00e5 heldet falder ind og ikke falder ud. Denne elegante hestesko er ikke kun en charmerende tilf\u00f8jelse til indretningen, men ogs\u00e5 en symbolsk gestus, der \u00f8nsker held og lykke. &nbsp;&nbsp;&nbsp;Produktinformation:&nbsp;M\u00e5l: 7 cmMateriale: messingSymbol p\u00e5 held og lykke&nbsp;<\/p>\n","protected":false},"excerpt":{"rendered":"<p>Hestesko lavet af messing 7 cm \u2013 HS3&nbsp;&nbsp;&nbsp;Elegant hestesko lavet af messing. P\u00e5 hesteskoen er der en indskrift p\u00e5 engelsk: Good Luck.&nbsp;Hestesko er et meget ber\u00f8mt symbol, der bringer held og lykke. I dag h\u00e6nges hestesko op i form af et &#8220;U&#8221;, is\u00e6r p\u00e5 d\u00f8ren, s\u00e5 heldet falder ind og ikke falder ud. Denne elegante [&hellip;]<\/p>\n","protected":false},"featured_media":44922,"comment_status":"open","ping_status":"closed","template":"","meta":[],"product_brand":[],"product_cat":[31],"product_tag":[],"class_list":{"0":"post-27139","1":"product","2":"type-product","3":"status-publish","4":"has-post-thumbnail","6":"product_cat-uncategorized-da","8":"first","9":"instock","10":"shipping-taxable","11":"purchasable","12":"product-type-simple"},"_links":{"self":[{"href":"https:\/\/nordicmart.andreevmaster.com\/da\/wp-json\/wp\/v2\/product\/27139","targetHints":{"allow":["GET"]}}],"collection":[{"href":"https:\/\/nordicmart.andreevmaster.com\/da\/wp-json\/wp\/v2\/product"}],"about":[{"href":"https:\/\/nordicmart.andreevmaster.com\/da\/wp-json\/wp\/v2\/types\/product"}],"replies":[{"embeddable":true,"href":"https:\/\/nordicmart.andreevmaster.com\/da\/wp-json\/wp\/v2\/comments?post=27139"}],"wp:featuredmedia":[{"embeddable":true,"href":"https:\/\/nordicmart.andreevmaster.com\/da\/wp-json\/wp\/v2\/media\/44922"}],"wp:attachment":[{"href":"https:\/\/nordicmart.andreevmaster.com\/da\/wp-json\/wp\/v2\/media?parent=27139"}],"wp:term":[{"taxonomy":"product_brand","embeddable":true,"href":"https:\/\/nordicmart.andreevmaster.com\/da\/wp-json\/wp\/v2\/product_brand?post=27139"},{"taxonomy":"product_cat","embeddable":true,"href":"https:\/\/nordicmart.andreevmaster.com\/da\/wp-json\/wp\/v2\/product_cat?post=27139"},{"taxonomy":"product_tag","embeddable":true,"href":"https:\/\/nordicmart.andreevmaster.com\/da\/wp-json\/wp\/v2\/product_tag?post=27139"}],"curies":[{"name":"wp","href":"https:\/\/api.w.org\/{rel}","templated":true}]}}