{"id":27138,"date":"2026-02-27T00:35:37","date_gmt":"2026-02-27T00:35:37","guid":{"rendered":"https:\/\/nordicmart.andreevmaster.com\/product\/kapslepistol-pa-traestativ-replika-fra-det-18-arhundrede-154s\/"},"modified":"2026-02-27T09:14:29","modified_gmt":"2026-02-27T09:14:29","slug":"kapslepistol-pa-traestativ-replika-fra-det-18-arhundrede-154s","status":"publish","type":"product","link":"https:\/\/nordicmart.andreevmaster.com\/da\/vare\/kapslepistol-pa-traestativ-replika-fra-det-18-arhundrede-154s\/","title":{"rendered":"Kapslepistol p\u00e5 tr\u00e6stativ &#8211; Replika fra det 18. \u00e5rhundrede \u2013 154S"},"content":{"rendered":"<p>Kapselpistol p\u00e5 tr\u00e6stativ &#8211; Replika fra det 18. \u00e5rhundrede \u2013 154S&nbsp;&nbsp;&nbsp;&nbsp;Replika af en kapselpistol fra det 18. \u00e5rhundrede p\u00e5 et tr\u00e6stativ. Den pr\u00e6senterede replika afspejler meget n\u00f8jagtigt originalen. Helt fremstillet af metal og tr\u00e6. Metaloverflader og l\u00f8b st\u00f8bt med ornamenter, der er karakteristiske for den tid.&nbsp;&nbsp;S\u00e6ttet indeholder ogs\u00e5 et elegant tr\u00e6stativ, hvor pistolen kan placeres. Dette g\u00f8r produktet til en unik indretningsdetalje.&nbsp;&nbsp;Dette er en fremragende id\u00e9 til en unik gave til en mand, en historieinteresseret eller en v\u00e5bensamler. P\u00e5 grund af det smukke h\u00e5ndv\u00e6rk vil det ogs\u00e5 v\u00e6re fantastisk som indretning for at tilf\u00f8je et us\u00e6dvanligt touch.&nbsp;&nbsp;Kapsulpistolen var et klart gennembrud i v\u00e5benproduktionens historie. Dens navn stammer fra mekanismen &#8211; rock lock, som revolutionerede skydev\u00e5benes historie og var en innovativ mekanisme p\u00e5 det tidspunkt. Rock guns var kendetegnet ved b\u00e5de h\u00f8j effektivitet og lang r\u00e6kkevidde (50 m). De spillede en n\u00f8glerolle i mange sammenst\u00f8d i det 17. og 18. \u00e5rhundrede, herunder skirmisher i Indien, Storbritannien og Frankrig. Ud over deres enkelhed var raketv\u00e5ben kendetegnet ved et meget attraktivt udseende. Ofte blev denne type v\u00e5ben h\u00e5nddekoreret af forskellige h\u00e5ndv\u00e6rkere.&nbsp;&nbsp;Produktinformation: &nbsp;Dimensioner p\u00e5 v\u00e5bnet: L\u00e6ngde: 38,5 cmDimensioner p\u00e5 stativ: 27 x 7 x 13 cmV\u00e6gt: 600 gFremstillet med opm\u00e6rksomhed p\u00e5 de mindste detaljer.Rige dekorationerTrofast reproduceret replika&nbsp;<\/p>\n","protected":false},"excerpt":{"rendered":"<p>Kapselpistol p\u00e5 tr\u00e6stativ &#8211; Replika fra det 18. \u00e5rhundrede \u2013 154S&nbsp;&nbsp;&nbsp;&nbsp;Replika af en kapselpistol fra det 18. \u00e5rhundrede p\u00e5 et tr\u00e6stativ. Den pr\u00e6senterede replika afspejler meget n\u00f8jagtigt originalen. Helt fremstillet af metal og tr\u00e6. Metaloverflader og l\u00f8b st\u00f8bt med ornamenter, der er karakteristiske for den tid.&nbsp;&nbsp;S\u00e6ttet indeholder ogs\u00e5 et elegant tr\u00e6stativ, hvor pistolen kan placeres. [&hellip;]<\/p>\n","protected":false},"featured_media":44921,"comment_status":"open","ping_status":"closed","template":"","meta":[],"product_brand":[],"product_cat":[31],"product_tag":[],"class_list":{"0":"post-27138","1":"product","2":"type-product","3":"status-publish","4":"has-post-thumbnail","6":"product_cat-uncategorized-da","8":"first","9":"instock","10":"shipping-taxable","11":"purchasable","12":"product-type-simple"},"_links":{"self":[{"href":"https:\/\/nordicmart.andreevmaster.com\/da\/wp-json\/wp\/v2\/product\/27138","targetHints":{"allow":["GET"]}}],"collection":[{"href":"https:\/\/nordicmart.andreevmaster.com\/da\/wp-json\/wp\/v2\/product"}],"about":[{"href":"https:\/\/nordicmart.andreevmaster.com\/da\/wp-json\/wp\/v2\/types\/product"}],"replies":[{"embeddable":true,"href":"https:\/\/nordicmart.andreevmaster.com\/da\/wp-json\/wp\/v2\/comments?post=27138"}],"wp:featuredmedia":[{"embeddable":true,"href":"https:\/\/nordicmart.andreevmaster.com\/da\/wp-json\/wp\/v2\/media\/44921"}],"wp:attachment":[{"href":"https:\/\/nordicmart.andreevmaster.com\/da\/wp-json\/wp\/v2\/media?parent=27138"}],"wp:term":[{"taxonomy":"product_brand","embeddable":true,"href":"https:\/\/nordicmart.andreevmaster.com\/da\/wp-json\/wp\/v2\/product_brand?post=27138"},{"taxonomy":"product_cat","embeddable":true,"href":"https:\/\/nordicmart.andreevmaster.com\/da\/wp-json\/wp\/v2\/product_cat?post=27138"},{"taxonomy":"product_tag","embeddable":true,"href":"https:\/\/nordicmart.andreevmaster.com\/da\/wp-json\/wp\/v2\/product_tag?post=27138"}],"curies":[{"name":"wp","href":"https:\/\/api.w.org\/{rel}","templated":true}]}}