{"id":27137,"date":"2026-02-27T00:35:36","date_gmt":"2026-02-27T00:35:36","guid":{"rendered":"https:\/\/nordicmart.andreevmaster.com\/product\/vejrstation-fischer-4673-22-001\/"},"modified":"2026-02-27T09:14:29","modified_gmt":"2026-02-27T09:14:29","slug":"vejrstation-fischer-4673-22-001","status":"publish","type":"product","link":"https:\/\/nordicmart.andreevmaster.com\/da\/vare\/vejrstation-fischer-4673-22-001\/","title":{"rendered":"Vejrstation &#8211; Fischer &#8211; 4673-22-001"},"content":{"rendered":"<p>Vejrstation &#8211; Fischer &#8211; 4673-22-001&nbsp;&nbsp;&nbsp;Den elegante Fischer 4673-22-001 vejrstation er en kombination af funktionalitet og \u00e6stetik, der med sikkerhed vil forbedre ethvert interi\u00f8r. Tre instrumenter &#8211; barometer, hygrometer og termometer.&nbsp;&nbsp;Instrumenterne er indrammet i eksklusive guldfarvede messingrammer, der giver vejrstationen en unik charme og klasse. Den gyldne finish passer perfekt til den lakerede tr\u00e6base i en smuk mahogni-farve, hvilket giver hele vejrstationen et elegant og traditionelt look. Den elegante vejrstation er ikke kun et funktionelt redskab, men ogs\u00e5 en smuk dekoration, der vil tilf\u00f8re charme til dit interi\u00f8r. Den passer perfekt ind i traditionelle og klassiske indretninger og giver dem et sofistikeret touch. Den er ogs\u00e5 en perfekt gaveid\u00e9.&nbsp;&nbsp;&nbsp;Produktinformation:&nbsp;M\u00e5l: 55,5 x 16,5 cm&nbsp;&nbsp;M\u00e5len\u00f8jagtighed:&nbsp;barometer &plusmn; 2 hPahygrometer &plusmn; 5% r.h. (20 &#8230; 100 %), + 1 instrumentskala termometer \u00b1 1 K, + 1 instrumentskala&nbsp;<\/p>\n","protected":false},"excerpt":{"rendered":"<p>Vejrstation &#8211; Fischer &#8211; 4673-22-001&nbsp;&nbsp;&nbsp;Den elegante Fischer 4673-22-001 vejrstation er en kombination af funktionalitet og \u00e6stetik, der med sikkerhed vil forbedre ethvert interi\u00f8r. Tre instrumenter &#8211; barometer, hygrometer og termometer.&nbsp;&nbsp;Instrumenterne er indrammet i eksklusive guldfarvede messingrammer, der giver vejrstationen en unik charme og klasse. Den gyldne finish passer perfekt til den lakerede tr\u00e6base i en [&hellip;]<\/p>\n","protected":false},"featured_media":44920,"comment_status":"open","ping_status":"closed","template":"","meta":[],"product_brand":[],"product_cat":[31],"product_tag":[],"class_list":{"0":"post-27137","1":"product","2":"type-product","3":"status-publish","4":"has-post-thumbnail","6":"product_cat-uncategorized-da","8":"first","9":"instock","10":"shipping-taxable","11":"purchasable","12":"product-type-simple"},"_links":{"self":[{"href":"https:\/\/nordicmart.andreevmaster.com\/da\/wp-json\/wp\/v2\/product\/27137","targetHints":{"allow":["GET"]}}],"collection":[{"href":"https:\/\/nordicmart.andreevmaster.com\/da\/wp-json\/wp\/v2\/product"}],"about":[{"href":"https:\/\/nordicmart.andreevmaster.com\/da\/wp-json\/wp\/v2\/types\/product"}],"replies":[{"embeddable":true,"href":"https:\/\/nordicmart.andreevmaster.com\/da\/wp-json\/wp\/v2\/comments?post=27137"}],"wp:featuredmedia":[{"embeddable":true,"href":"https:\/\/nordicmart.andreevmaster.com\/da\/wp-json\/wp\/v2\/media\/44920"}],"wp:attachment":[{"href":"https:\/\/nordicmart.andreevmaster.com\/da\/wp-json\/wp\/v2\/media?parent=27137"}],"wp:term":[{"taxonomy":"product_brand","embeddable":true,"href":"https:\/\/nordicmart.andreevmaster.com\/da\/wp-json\/wp\/v2\/product_brand?post=27137"},{"taxonomy":"product_cat","embeddable":true,"href":"https:\/\/nordicmart.andreevmaster.com\/da\/wp-json\/wp\/v2\/product_cat?post=27137"},{"taxonomy":"product_tag","embeddable":true,"href":"https:\/\/nordicmart.andreevmaster.com\/da\/wp-json\/wp\/v2\/product_tag?post=27137"}],"curies":[{"name":"wp","href":"https:\/\/api.w.org\/{rel}","templated":true}]}}