{"id":27136,"date":"2026-02-27T00:35:36","date_gmt":"2026-02-27T00:35:36","guid":{"rendered":"https:\/\/nordicmart.andreevmaster.com\/product\/vejrstation-fischer-9171-31\/"},"modified":"2026-02-27T09:14:29","modified_gmt":"2026-02-27T09:14:29","slug":"vejrstation-fischer-9171-31","status":"publish","type":"product","link":"https:\/\/nordicmart.andreevmaster.com\/da\/vare\/vejrstation-fischer-9171-31\/","title":{"rendered":"Vejrstation Fischer 9171-31"},"content":{"rendered":"<p>Vejrstation Fischer 9171-31&nbsp;Elegant, meget n\u00f8jagtig vejrstation produceret af det tyske firma Fischer. Vejrstationen indeholder et barometer, hygrometer og termometer.Takket v\u00e6re Fisher-vejrstationen kan du holde styr p\u00e5 mikroklimaet i dit hjem. Barometeret giver dig mulighed for at observere trykfald og -stigninger. Hygrometeret viser luftfugtigheden i dit hjem, og du kan afl\u00e6se temperaturen p\u00e5 termometeret. Alt dette i en meget klassisk, elegant udgave. Instrumenterne i en s\u00f8lvramme er placeret p\u00e5 en m\u00f8rk tr\u00e6base. Instrumenternes hvide skiver st\u00e5r i kontrast til den m\u00f8rke skrift og de gyldne rammer. Huset til venstre har meget interessante, geometriske dekorationer. Denne vejrstation til hjemmet ser godt ud i engelske, kontor- og kolonistilsrum.&nbsp;Produktinformation:&nbsp;Dimensioner: 34 x 15,5 cmMateriale: tr\u00e6, rustfrit st\u00e5lN\u00f8jagtighed af barometerm\u00e5ling: &plusmn; 3 hPaN\u00f8jagtighed af hygrometerm\u00e5ling: &plusmn; 5% r.h. (20 &#8230; 100 %), +1 gradueringsskala N\u00f8jagtighed af termometerm\u00e5ling: \u00b1 1 K&nbsp;&nbsp;OBS! Skaleringen af barometeret, termometeret og hygrometeret er udf\u00f8rt p\u00e5 fabrikken. P\u00e5 grund af f.eks. kraftige st\u00f8d kan det dog v\u00e6re n\u00f8dvendigt at foretage en ny regulering. For at g\u00f8re dette skal du i tilf\u00e6lde af barometer og hygrometer bruge en skruetr\u00e6kker og justere skruen p\u00e5 bagsiden af enheden i henhold til instruktionerne i den vedlagte manual. I tilf\u00e6lde af et termometer kan det, n\u00e5r kviks\u00f8lvkolonnen er revet fra hinanden, repareres ved at ryste kolonnen kraftigt flere gange.<\/p>\n","protected":false},"excerpt":{"rendered":"<p>Vejrstation Fischer 9171-31&nbsp;Elegant, meget n\u00f8jagtig vejrstation produceret af det tyske firma Fischer. Vejrstationen indeholder et barometer, hygrometer og termometer.Takket v\u00e6re Fisher-vejrstationen kan du holde styr p\u00e5 mikroklimaet i dit hjem. Barometeret giver dig mulighed for at observere trykfald og -stigninger. Hygrometeret viser luftfugtigheden i dit hjem, og du kan afl\u00e6se temperaturen p\u00e5 termometeret. Alt dette [&hellip;]<\/p>\n","protected":false},"featured_media":44919,"comment_status":"open","ping_status":"closed","template":"","meta":[],"product_brand":[],"product_cat":[31],"product_tag":[],"class_list":{"0":"post-27136","1":"product","2":"type-product","3":"status-publish","4":"has-post-thumbnail","6":"product_cat-uncategorized-da","8":"first","9":"instock","10":"shipping-taxable","11":"purchasable","12":"product-type-simple"},"_links":{"self":[{"href":"https:\/\/nordicmart.andreevmaster.com\/da\/wp-json\/wp\/v2\/product\/27136","targetHints":{"allow":["GET"]}}],"collection":[{"href":"https:\/\/nordicmart.andreevmaster.com\/da\/wp-json\/wp\/v2\/product"}],"about":[{"href":"https:\/\/nordicmart.andreevmaster.com\/da\/wp-json\/wp\/v2\/types\/product"}],"replies":[{"embeddable":true,"href":"https:\/\/nordicmart.andreevmaster.com\/da\/wp-json\/wp\/v2\/comments?post=27136"}],"wp:featuredmedia":[{"embeddable":true,"href":"https:\/\/nordicmart.andreevmaster.com\/da\/wp-json\/wp\/v2\/media\/44919"}],"wp:attachment":[{"href":"https:\/\/nordicmart.andreevmaster.com\/da\/wp-json\/wp\/v2\/media?parent=27136"}],"wp:term":[{"taxonomy":"product_brand","embeddable":true,"href":"https:\/\/nordicmart.andreevmaster.com\/da\/wp-json\/wp\/v2\/product_brand?post=27136"},{"taxonomy":"product_cat","embeddable":true,"href":"https:\/\/nordicmart.andreevmaster.com\/da\/wp-json\/wp\/v2\/product_cat?post=27136"},{"taxonomy":"product_tag","embeddable":true,"href":"https:\/\/nordicmart.andreevmaster.com\/da\/wp-json\/wp\/v2\/product_tag?post=27136"}],"curies":[{"name":"wp","href":"https:\/\/api.w.org\/{rel}","templated":true}]}}