{"id":27135,"date":"2026-02-27T00:35:36","date_gmt":"2026-02-27T00:35:36","guid":{"rendered":"https:\/\/nordicmart.andreevmaster.com\/product\/oval-smykkeskrin-i-metal-ova\/"},"modified":"2026-02-27T09:14:29","modified_gmt":"2026-02-27T09:14:29","slug":"oval-smykkeskrin-i-metal-ova","status":"publish","type":"product","link":"https:\/\/nordicmart.andreevmaster.com\/da\/vare\/oval-smykkeskrin-i-metal-ova\/","title":{"rendered":"Oval smykkeskrin i metal \u2013 OVA"},"content":{"rendered":"<p>Oval smykkeskrin i metal \u2013 OVA&nbsp;&nbsp;&nbsp;Oval metal\u00e6ske \u2013 OVA er ikke kun et praktisk sted at opbevare v\u00e6rdifulde genstande, men ogs\u00e5 et unikt dekorativt element. Den r\u00f8de farve med intrikate gulddekorationer giver den en unik charme og elegance.&nbsp;Den kan v\u00e6re en perfekt gave til en f\u00f8dselsdag, jubil\u00e6um, \u00e5rsdag eller Valentinsdag. Du kan opbevare dyrebare smykker i den. Dette er en gave, som modtageren helt sikkert vil s\u00e6tte pris p\u00e5 og huske. Den vil ogs\u00e5 fungere som et interessant dekorativt element. Dens rige dekorationer g\u00f8r, at den passer ind i glamour\u00f8se eller endda moderne arrangementer som et unikt kontrapunkt.&nbsp;&nbsp;&nbsp;Produktinformation:&nbsp;Materiale: MetalDimensioner: 9 x 6,5 x 5,5 cmOval formRige dekorationerSt\u00f8bning indeniFarve: R\u00f8d med gulddekorationer&nbsp;<\/p>\n","protected":false},"excerpt":{"rendered":"<p>Oval smykkeskrin i metal \u2013 OVA&nbsp;&nbsp;&nbsp;Oval metal\u00e6ske \u2013 OVA er ikke kun et praktisk sted at opbevare v\u00e6rdifulde genstande, men ogs\u00e5 et unikt dekorativt element. Den r\u00f8de farve med intrikate gulddekorationer giver den en unik charme og elegance.&nbsp;Den kan v\u00e6re en perfekt gave til en f\u00f8dselsdag, jubil\u00e6um, \u00e5rsdag eller Valentinsdag. Du kan opbevare dyrebare smykker [&hellip;]<\/p>\n","protected":false},"featured_media":44918,"comment_status":"open","ping_status":"closed","template":"","meta":[],"product_brand":[],"product_cat":[31],"product_tag":[],"class_list":{"0":"post-27135","1":"product","2":"type-product","3":"status-publish","4":"has-post-thumbnail","6":"product_cat-uncategorized-da","8":"first","9":"instock","10":"shipping-taxable","11":"purchasable","12":"product-type-simple"},"_links":{"self":[{"href":"https:\/\/nordicmart.andreevmaster.com\/da\/wp-json\/wp\/v2\/product\/27135","targetHints":{"allow":["GET"]}}],"collection":[{"href":"https:\/\/nordicmart.andreevmaster.com\/da\/wp-json\/wp\/v2\/product"}],"about":[{"href":"https:\/\/nordicmart.andreevmaster.com\/da\/wp-json\/wp\/v2\/types\/product"}],"replies":[{"embeddable":true,"href":"https:\/\/nordicmart.andreevmaster.com\/da\/wp-json\/wp\/v2\/comments?post=27135"}],"wp:featuredmedia":[{"embeddable":true,"href":"https:\/\/nordicmart.andreevmaster.com\/da\/wp-json\/wp\/v2\/media\/44918"}],"wp:attachment":[{"href":"https:\/\/nordicmart.andreevmaster.com\/da\/wp-json\/wp\/v2\/media?parent=27135"}],"wp:term":[{"taxonomy":"product_brand","embeddable":true,"href":"https:\/\/nordicmart.andreevmaster.com\/da\/wp-json\/wp\/v2\/product_brand?post=27135"},{"taxonomy":"product_cat","embeddable":true,"href":"https:\/\/nordicmart.andreevmaster.com\/da\/wp-json\/wp\/v2\/product_cat?post=27135"},{"taxonomy":"product_tag","embeddable":true,"href":"https:\/\/nordicmart.andreevmaster.com\/da\/wp-json\/wp\/v2\/product_tag?post=27135"}],"curies":[{"name":"wp","href":"https:\/\/api.w.org\/{rel}","templated":true}]}}