{"id":27134,"date":"2026-02-27T00:35:36","date_gmt":"2026-02-27T00:35:36","guid":{"rendered":"https:\/\/nordicmart.andreevmaster.com\/product\/dekorativ-rund-metalaeske-rg\/"},"modified":"2026-02-27T09:14:28","modified_gmt":"2026-02-27T09:14:28","slug":"dekorativ-rund-metalaeske-rg","status":"publish","type":"product","link":"https:\/\/nordicmart.andreevmaster.com\/da\/vare\/dekorativ-rund-metalaeske-rg\/","title":{"rendered":"Dekorativ rund metal\u00e6ske &#8211; RG"},"content":{"rendered":"<p>Dekorativ rund metal\u00e6ske &#8211; RG&nbsp;&nbsp;&nbsp;Dekorativ metal\u00e6ske med rige dekorationer og gyldne accenter er et udtryk for elegance og stil. Dette er en fantastisk gaveid\u00e9 til mennesker med raffineret smag og en passion for smukke genstande. Det er ogs\u00e5 en praktisk m\u00e5de at opbevare v\u00e6rdifulde skatte, s\u00e5som smykker eller sm\u00e5 souvenirs. Det kan v\u00e6re en unik gave til en elsket, ven, familie eller som gave til forskellige lejligheder s\u00e5som f\u00f8dselsdage, jubil\u00e6er eller helligdage.&nbsp;Dens runde form og rige dekorationer er en unik tilf\u00f8jelse til ethvert interi\u00f8r. Denne kasse vil se godt ud p\u00e5 et toiletbord, kommode, hylde eller skrivebord og give rummet en unik charme. Dens klassiske design kombineret med delikate gyldne dekorationer vil tiltr\u00e6kke opm\u00e6rksomhed og tilf\u00f8je elegance til dine omgivelser.&nbsp;&nbsp;Produktinformation:&nbsp;Materiale: MetalDimensioner: 8 x 7,5 x 5 cmRund formRige dekorationer&nbsp;<\/p>\n","protected":false},"excerpt":{"rendered":"<p>Dekorativ rund metal\u00e6ske &#8211; RG&nbsp;&nbsp;&nbsp;Dekorativ metal\u00e6ske med rige dekorationer og gyldne accenter er et udtryk for elegance og stil. Dette er en fantastisk gaveid\u00e9 til mennesker med raffineret smag og en passion for smukke genstande. Det er ogs\u00e5 en praktisk m\u00e5de at opbevare v\u00e6rdifulde skatte, s\u00e5som smykker eller sm\u00e5 souvenirs. Det kan v\u00e6re en unik [&hellip;]<\/p>\n","protected":false},"featured_media":44917,"comment_status":"open","ping_status":"closed","template":"","meta":[],"product_brand":[],"product_cat":[31],"product_tag":[],"class_list":{"0":"post-27134","1":"product","2":"type-product","3":"status-publish","4":"has-post-thumbnail","6":"product_cat-uncategorized-da","8":"first","9":"instock","10":"shipping-taxable","11":"purchasable","12":"product-type-simple"},"_links":{"self":[{"href":"https:\/\/nordicmart.andreevmaster.com\/da\/wp-json\/wp\/v2\/product\/27134","targetHints":{"allow":["GET"]}}],"collection":[{"href":"https:\/\/nordicmart.andreevmaster.com\/da\/wp-json\/wp\/v2\/product"}],"about":[{"href":"https:\/\/nordicmart.andreevmaster.com\/da\/wp-json\/wp\/v2\/types\/product"}],"replies":[{"embeddable":true,"href":"https:\/\/nordicmart.andreevmaster.com\/da\/wp-json\/wp\/v2\/comments?post=27134"}],"wp:featuredmedia":[{"embeddable":true,"href":"https:\/\/nordicmart.andreevmaster.com\/da\/wp-json\/wp\/v2\/media\/44917"}],"wp:attachment":[{"href":"https:\/\/nordicmart.andreevmaster.com\/da\/wp-json\/wp\/v2\/media?parent=27134"}],"wp:term":[{"taxonomy":"product_brand","embeddable":true,"href":"https:\/\/nordicmart.andreevmaster.com\/da\/wp-json\/wp\/v2\/product_brand?post=27134"},{"taxonomy":"product_cat","embeddable":true,"href":"https:\/\/nordicmart.andreevmaster.com\/da\/wp-json\/wp\/v2\/product_cat?post=27134"},{"taxonomy":"product_tag","embeddable":true,"href":"https:\/\/nordicmart.andreevmaster.com\/da\/wp-json\/wp\/v2\/product_tag?post=27134"}],"curies":[{"name":"wp","href":"https:\/\/api.w.org\/{rel}","templated":true}]}}