{"id":27133,"date":"2026-02-27T00:35:35","date_gmt":"2026-02-27T00:35:35","guid":{"rendered":"https:\/\/nordicmart.andreevmaster.com\/product\/alladin-lampe-labb\/"},"modified":"2026-02-27T09:14:28","modified_gmt":"2026-02-27T09:14:28","slug":"alladin-lampe-labb","status":"publish","type":"product","link":"https:\/\/nordicmart.andreevmaster.com\/da\/vare\/alladin-lampe-labb\/","title":{"rendered":"Alladin-lampe \u2013 LABB"},"content":{"rendered":"<p>Alladin-lampe \u2013 LABB&nbsp;&nbsp;&nbsp;Alladin-lampe \u2013 LABB er en vidunderlig dekoration, der vil tilf\u00f8re dit interi\u00f8r et strejf af mystik og orientalsk charme. Dens rige ornamenter i guldfarve kombineret med den dybe bl\u00e5 farve p\u00e5 resten af lampen skaber en sl\u00e5ende kontrast, der minder om eventyr fra \u00f8stlige lande. Det er et bem\u00e6rkelsesv\u00e6rdigt stykke, der vil bringe b\u00e5de elegance og en mystisk aura til dine omgivelser.&nbsp;Alladin-lampen er en fremragende gaveid\u00e9 til dem, der s\u00e6tter pris p\u00e5 us\u00e6dvanlige accenter i indretningen. Dens eksotiske udseende og henvisning til \u00f8stlig kultur g\u00f8r den til en ideel gave til rejseglade, historieentusiaster eller mennesker, der nyder sk\u00f8nheden i detaljerne. Dens dimensioner (22 x 7 x 11 cm) g\u00f8r det muligt at placere den p\u00e5 en hylde, kommode eller bordplade. Denne lampe vil ikke kun berige rummets \u00e6stetik, men ogs\u00e5 tilf\u00f8re det en atmosf\u00e6re af eksotisme og historie. Produktinformation: Materiale: metal Dimensioner: 22 x 7 x 11 cm<\/p>\n","protected":false},"excerpt":{"rendered":"<p>Alladin-lampe \u2013 LABB&nbsp;&nbsp;&nbsp;Alladin-lampe \u2013 LABB er en vidunderlig dekoration, der vil tilf\u00f8re dit interi\u00f8r et strejf af mystik og orientalsk charme. Dens rige ornamenter i guldfarve kombineret med den dybe bl\u00e5 farve p\u00e5 resten af lampen skaber en sl\u00e5ende kontrast, der minder om eventyr fra \u00f8stlige lande. Det er et bem\u00e6rkelsesv\u00e6rdigt stykke, der vil bringe [&hellip;]<\/p>\n","protected":false},"featured_media":44916,"comment_status":"open","ping_status":"closed","template":"","meta":[],"product_brand":[],"product_cat":[31],"product_tag":[],"class_list":{"0":"post-27133","1":"product","2":"type-product","3":"status-publish","4":"has-post-thumbnail","6":"product_cat-uncategorized-da","8":"first","9":"instock","10":"shipping-taxable","11":"purchasable","12":"product-type-simple"},"_links":{"self":[{"href":"https:\/\/nordicmart.andreevmaster.com\/da\/wp-json\/wp\/v2\/product\/27133","targetHints":{"allow":["GET"]}}],"collection":[{"href":"https:\/\/nordicmart.andreevmaster.com\/da\/wp-json\/wp\/v2\/product"}],"about":[{"href":"https:\/\/nordicmart.andreevmaster.com\/da\/wp-json\/wp\/v2\/types\/product"}],"replies":[{"embeddable":true,"href":"https:\/\/nordicmart.andreevmaster.com\/da\/wp-json\/wp\/v2\/comments?post=27133"}],"wp:featuredmedia":[{"embeddable":true,"href":"https:\/\/nordicmart.andreevmaster.com\/da\/wp-json\/wp\/v2\/media\/44916"}],"wp:attachment":[{"href":"https:\/\/nordicmart.andreevmaster.com\/da\/wp-json\/wp\/v2\/media?parent=27133"}],"wp:term":[{"taxonomy":"product_brand","embeddable":true,"href":"https:\/\/nordicmart.andreevmaster.com\/da\/wp-json\/wp\/v2\/product_brand?post=27133"},{"taxonomy":"product_cat","embeddable":true,"href":"https:\/\/nordicmart.andreevmaster.com\/da\/wp-json\/wp\/v2\/product_cat?post=27133"},{"taxonomy":"product_tag","embeddable":true,"href":"https:\/\/nordicmart.andreevmaster.com\/da\/wp-json\/wp\/v2\/product_tag?post=27133"}],"curies":[{"name":"wp","href":"https:\/\/api.w.org\/{rel}","templated":true}]}}