{"id":27131,"date":"2026-02-27T00:35:35","date_gmt":"2026-02-27T00:35:35","guid":{"rendered":"https:\/\/nordicmart.andreevmaster.com\/product\/gammel-bilmodel-q87\/"},"modified":"2026-02-27T09:14:28","modified_gmt":"2026-02-27T09:14:28","slug":"gammel-bilmodel-q87","status":"publish","type":"product","link":"https:\/\/nordicmart.andreevmaster.com\/da\/vare\/gammel-bilmodel-q87\/","title":{"rendered":"Gammel bilmodel &#8211; Q87"},"content":{"rendered":"<p>Gammel bilmodel &#8211; Q87&nbsp;&nbsp;&nbsp;Modellen af en gammel bil i retrostil er et ekstraordin\u00e6rt produkt, der tager dig tilbage til den nostalgiske tid med elegance inden for bilverdenen. Klassiske farver og omhyggeligt gengivne detaljer g\u00f8r, at modellen ikke kun ser flot ud, men ogs\u00e5 minder os om bilverdenens rige historie.&nbsp;Denne charmerende model kan v\u00e6re en fremragende gaveid\u00e9 til elskere af bilhistorie, klassiske entusiaster og samlere, som vil minde os om k\u00f8ret\u00f8jers r\u00f8dder og udvikling.&nbsp;Dens unikke charme g\u00f8r denne model perfekt til vintage-, industrielle og endda skandinaviske interi\u00f8rer. Den kan v\u00e6re et dejligt dekorativt element i stuen eller p\u00e5 kontoret.&nbsp;&nbsp;&nbsp;Produktinformation:&nbsp;M\u00e5l: 20 x 8,5 x 10,5 cmMateriale: MetalPerfekt til vintage- og industriinteri\u00f8rerFantastisk dekorativt element&nbsp;<\/p>\n","protected":false},"excerpt":{"rendered":"<p>Gammel bilmodel &#8211; Q87&nbsp;&nbsp;&nbsp;Modellen af en gammel bil i retrostil er et ekstraordin\u00e6rt produkt, der tager dig tilbage til den nostalgiske tid med elegance inden for bilverdenen. Klassiske farver og omhyggeligt gengivne detaljer g\u00f8r, at modellen ikke kun ser flot ud, men ogs\u00e5 minder os om bilverdenens rige historie.&nbsp;Denne charmerende model kan v\u00e6re en fremragende [&hellip;]<\/p>\n","protected":false},"featured_media":44914,"comment_status":"open","ping_status":"closed","template":"","meta":[],"product_brand":[],"product_cat":[31],"product_tag":[],"class_list":{"0":"post-27131","1":"product","2":"type-product","3":"status-publish","4":"has-post-thumbnail","6":"product_cat-uncategorized-da","8":"first","9":"instock","10":"shipping-taxable","11":"purchasable","12":"product-type-simple"},"_links":{"self":[{"href":"https:\/\/nordicmart.andreevmaster.com\/da\/wp-json\/wp\/v2\/product\/27131","targetHints":{"allow":["GET"]}}],"collection":[{"href":"https:\/\/nordicmart.andreevmaster.com\/da\/wp-json\/wp\/v2\/product"}],"about":[{"href":"https:\/\/nordicmart.andreevmaster.com\/da\/wp-json\/wp\/v2\/types\/product"}],"replies":[{"embeddable":true,"href":"https:\/\/nordicmart.andreevmaster.com\/da\/wp-json\/wp\/v2\/comments?post=27131"}],"wp:featuredmedia":[{"embeddable":true,"href":"https:\/\/nordicmart.andreevmaster.com\/da\/wp-json\/wp\/v2\/media\/44914"}],"wp:attachment":[{"href":"https:\/\/nordicmart.andreevmaster.com\/da\/wp-json\/wp\/v2\/media?parent=27131"}],"wp:term":[{"taxonomy":"product_brand","embeddable":true,"href":"https:\/\/nordicmart.andreevmaster.com\/da\/wp-json\/wp\/v2\/product_brand?post=27131"},{"taxonomy":"product_cat","embeddable":true,"href":"https:\/\/nordicmart.andreevmaster.com\/da\/wp-json\/wp\/v2\/product_cat?post=27131"},{"taxonomy":"product_tag","embeddable":true,"href":"https:\/\/nordicmart.andreevmaster.com\/da\/wp-json\/wp\/v2\/product_tag?post=27131"}],"curies":[{"name":"wp","href":"https:\/\/api.w.org\/{rel}","templated":true}]}}