{"id":27130,"date":"2026-02-27T00:35:35","date_gmt":"2026-02-27T00:35:35","guid":{"rendered":"https:\/\/nordicmart.andreevmaster.com\/product\/metal-motorcykel-052smt\/"},"modified":"2026-02-27T09:14:27","modified_gmt":"2026-02-27T09:14:27","slug":"metal-motorcykel-052smt","status":"publish","type":"product","link":"https:\/\/nordicmart.andreevmaster.com\/da\/vare\/metal-motorcykel-052smt\/","title":{"rendered":"Metal Motorcykel &#8211; 052SMT"},"content":{"rendered":"<p>Metal Motorcykel &#8211; 052SMT&nbsp;&nbsp;&nbsp;Metal Motorcykel &#8211; 052SMT er en unik dekoration, der vil gl\u00e6de elskere af biler og industrielle stilgenstande. Motorcyklen er en kombination af elegance og klassik, der vil tiltr\u00e6kke g\u00e6sternes opm\u00e6rksomhed i ethvert rum. Den dybe sorte farve giver motorcyklen et mystisk og sofistikeret udtryk. De s\u00f8lvfarvede detaljer st\u00e5r i perfekt kontrast til det sorte og skaber en sl\u00e5ende kontrast, der understreger k\u00f8ret\u00f8jets karakter. Hver eneste detalje, fra hjulene til forlygten og styret, er omhyggeligt gengivet, hvilket bidrager til produktets autentiske udseende.&nbsp;Metal Motorcykel er ikke bare en simpel dekorationsgenstand, men ogs\u00e5 en fantastisk gaveid\u00e9. Det vil v\u00e6re en unik gave til motorcykelentusiaster, som vil understrege deres k\u00e6rlighed til tohjulede maskiner. Den er ogs\u00e5 velegnet som gave til samlere eller folk, der kan lide unikke boligindretningsaccessories. Modellen af en motorcykel kan blive en interessant dekoration i forskellige rum, som vil tilf\u00f8re et strejf af moderne stil og industriel charme. Det tidl\u00f8se, sofistikerede design og solide h\u00e5ndv\u00e6rk er garanteret holdbart og vil helt sikkert gl\u00e6de modtageren af gaven. Produktinformation: Materiale: metal M\u00e5l: 37 x 15 x 21 cm Farve: sort og s\u00f8lv<\/p>\n","protected":false},"excerpt":{"rendered":"<p>Metal Motorcykel &#8211; 052SMT&nbsp;&nbsp;&nbsp;Metal Motorcykel &#8211; 052SMT er en unik dekoration, der vil gl\u00e6de elskere af biler og industrielle stilgenstande. Motorcyklen er en kombination af elegance og klassik, der vil tiltr\u00e6kke g\u00e6sternes opm\u00e6rksomhed i ethvert rum. Den dybe sorte farve giver motorcyklen et mystisk og sofistikeret udtryk. De s\u00f8lvfarvede detaljer st\u00e5r i perfekt kontrast til [&hellip;]<\/p>\n","protected":false},"featured_media":44913,"comment_status":"open","ping_status":"closed","template":"","meta":[],"product_brand":[],"product_cat":[31],"product_tag":[],"class_list":{"0":"post-27130","1":"product","2":"type-product","3":"status-publish","4":"has-post-thumbnail","6":"product_cat-uncategorized-da","8":"first","9":"instock","10":"shipping-taxable","11":"purchasable","12":"product-type-simple"},"_links":{"self":[{"href":"https:\/\/nordicmart.andreevmaster.com\/da\/wp-json\/wp\/v2\/product\/27130","targetHints":{"allow":["GET"]}}],"collection":[{"href":"https:\/\/nordicmart.andreevmaster.com\/da\/wp-json\/wp\/v2\/product"}],"about":[{"href":"https:\/\/nordicmart.andreevmaster.com\/da\/wp-json\/wp\/v2\/types\/product"}],"replies":[{"embeddable":true,"href":"https:\/\/nordicmart.andreevmaster.com\/da\/wp-json\/wp\/v2\/comments?post=27130"}],"wp:featuredmedia":[{"embeddable":true,"href":"https:\/\/nordicmart.andreevmaster.com\/da\/wp-json\/wp\/v2\/media\/44913"}],"wp:attachment":[{"href":"https:\/\/nordicmart.andreevmaster.com\/da\/wp-json\/wp\/v2\/media?parent=27130"}],"wp:term":[{"taxonomy":"product_brand","embeddable":true,"href":"https:\/\/nordicmart.andreevmaster.com\/da\/wp-json\/wp\/v2\/product_brand?post=27130"},{"taxonomy":"product_cat","embeddable":true,"href":"https:\/\/nordicmart.andreevmaster.com\/da\/wp-json\/wp\/v2\/product_cat?post=27130"},{"taxonomy":"product_tag","embeddable":true,"href":"https:\/\/nordicmart.andreevmaster.com\/da\/wp-json\/wp\/v2\/product_tag?post=27130"}],"curies":[{"name":"wp","href":"https:\/\/api.w.org\/{rel}","templated":true}]}}