{"id":27129,"date":"2026-02-27T00:35:34","date_gmt":"2026-02-27T00:35:34","guid":{"rendered":"https:\/\/nordicmart.andreevmaster.com\/product\/metalbord-med-timeglas-30-minutter-1051\/"},"modified":"2026-02-27T09:14:27","modified_gmt":"2026-02-27T09:14:27","slug":"metalbord-med-timeglas-30-minutter-1051","status":"publish","type":"product","link":"https:\/\/nordicmart.andreevmaster.com\/da\/vare\/metalbord-med-timeglas-30-minutter-1051\/","title":{"rendered":"Metalbord med timeglas 30 minutter &#8211; 1051"},"content":{"rendered":"<p>Metalbord med timeglas 30 minutter &#8211; 1051&nbsp;&nbsp;&nbsp;Metalbord med timeglas 30 minutter er en us\u00e6dvanlig kombination af elegance og funktionalitet, som passer perfekt ind i forskellige indretningsstilarter.&nbsp;&nbsp;Dette smukke metalbord i guld vil v\u00e6re et unikt dekorativt element i ethvert interi\u00f8r. Dets uovertrufne design skiller sig ud fra andre m\u00f8bler, og timeglasset, der m\u00e5ler tiden i 30 minutter, bidrager til dets unikke karakter. Timeglasset kan vendes. Det vil fungere perfekt som et blikfang i dit interi\u00f8r, tiltr\u00e6kke opm\u00e6rksomhed og tilf\u00f8je en unik charme. &nbsp;&nbsp;Bordets dimensioner (40 x 40 x 60 cm) g\u00f8r det til et perfekt supplement til din stue, sovev\u00e6relse eller kontor. Det er fremstillet af holdbart metal og glas, hvilket garanterer holdbarhed og stabilitet. Dens gyldne farve tilf\u00f8jer elegance til interi\u00f8ret, b\u00e5de i rum indrettet i glamour\u00f8s, industriel stil og i mere klassiske rum, hvor dette bord kan v\u00e6re et interessant modspil.&nbsp;&nbsp;&nbsp;Produktinformation:&nbsp;Materiale: metal og glas M\u00e5l: 40 x 40 x 60 cm Stil: Passer til b\u00e5de glamour\u00f8se, industrielle og klassiske interi\u00f8rer Farve: Guld Udstyret med et timeglas, der m\u00e5ler 30 minutter Kombination af funktionalitet og \u00e6stetik&nbsp;<\/p>\n","protected":false},"excerpt":{"rendered":"<p>Metalbord med timeglas 30 minutter &#8211; 1051&nbsp;&nbsp;&nbsp;Metalbord med timeglas 30 minutter er en us\u00e6dvanlig kombination af elegance og funktionalitet, som passer perfekt ind i forskellige indretningsstilarter.&nbsp;&nbsp;Dette smukke metalbord i guld vil v\u00e6re et unikt dekorativt element i ethvert interi\u00f8r. Dets uovertrufne design skiller sig ud fra andre m\u00f8bler, og timeglasset, der m\u00e5ler tiden i 30 [&hellip;]<\/p>\n","protected":false},"featured_media":44912,"comment_status":"open","ping_status":"closed","template":"","meta":[],"product_brand":[],"product_cat":[31],"product_tag":[],"class_list":{"0":"post-27129","1":"product","2":"type-product","3":"status-publish","4":"has-post-thumbnail","6":"product_cat-uncategorized-da","8":"first","9":"instock","10":"shipping-taxable","11":"purchasable","12":"product-type-simple"},"_links":{"self":[{"href":"https:\/\/nordicmart.andreevmaster.com\/da\/wp-json\/wp\/v2\/product\/27129","targetHints":{"allow":["GET"]}}],"collection":[{"href":"https:\/\/nordicmart.andreevmaster.com\/da\/wp-json\/wp\/v2\/product"}],"about":[{"href":"https:\/\/nordicmart.andreevmaster.com\/da\/wp-json\/wp\/v2\/types\/product"}],"replies":[{"embeddable":true,"href":"https:\/\/nordicmart.andreevmaster.com\/da\/wp-json\/wp\/v2\/comments?post=27129"}],"wp:featuredmedia":[{"embeddable":true,"href":"https:\/\/nordicmart.andreevmaster.com\/da\/wp-json\/wp\/v2\/media\/44912"}],"wp:attachment":[{"href":"https:\/\/nordicmart.andreevmaster.com\/da\/wp-json\/wp\/v2\/media?parent=27129"}],"wp:term":[{"taxonomy":"product_brand","embeddable":true,"href":"https:\/\/nordicmart.andreevmaster.com\/da\/wp-json\/wp\/v2\/product_brand?post=27129"},{"taxonomy":"product_cat","embeddable":true,"href":"https:\/\/nordicmart.andreevmaster.com\/da\/wp-json\/wp\/v2\/product_cat?post=27129"},{"taxonomy":"product_tag","embeddable":true,"href":"https:\/\/nordicmart.andreevmaster.com\/da\/wp-json\/wp\/v2\/product_tag?post=27129"}],"curies":[{"name":"wp","href":"https:\/\/api.w.org\/{rel}","templated":true}]}}